{"id":3,"date":"2025-10-28T04:18:07","date_gmt":"2025-10-28T04:18:07","guid":{"rendered":"http:\/\/acecoll.com\/?page_id=3"},"modified":"2026-03-13T03:05:01","modified_gmt":"2026-03-13T03:05:01","slug":"datenschutzbestimmungen","status":"publish","type":"page","link":"https:\/\/acecoll.com\/de\/datenschutzbestimmungen\/","title":{"rendered":"Datenschutzbestimmungen"},"content":{"rendered":"<h2 class=\"wp-block-heading\">Datenschutzbestimmungen<\/h2>\n\n<h2 class=\"wp-block-heading\">Was machen wir mit Ihren Informationen?<\/h2>\n\n<p>Wenn Sie etwas kaufen bei <a href=\"https:\/\/acecoll.com\/de\/\">ACECOLL<\/a>, Als Teil des Kauf- und Verkaufsprozesses erfassen wir die pers\u00f6nlichen Daten, die Sie uns geben, wie Ihren Namen, Ihre Adresse und Ihre E-Mail-Adresse.<br \/>Wenn Sie in unserem Shop surfen, erhalten wir auch automatisch die Internetprotokoll-Adresse (IP-Adresse) Ihres Computers, um uns Informationen \u00fcber Ihren Browser und Ihr Betriebssystem zu liefern.<\/p>\n<p>E-Mail-Marketing (falls zutreffend): Mit Ihrer Zustimmung k\u00f6nnen wir Ihnen E-Mails \u00fcber unseren Shop, neue Produkte und andere Aktualisierungen senden.<\/p>\n\n<h2 class=\"wp-block-heading\">Wie wir Ihr Einverst\u00e4ndnis einholen<\/h2>\n\n<p>Wenn Sie uns personenbezogene Daten zur Verf\u00fcgung stellen, um eine Transaktion abzuschlie\u00dfen, Ihre Zahlungsmethode zu verifizieren, eine Bestellung aufzugeben, die Lieferung zu veranlassen oder einen Kauf zur\u00fcckzusenden, erkl\u00e4ren Sie sich damit einverstanden, dass wir diese Daten ausschlie\u00dflich f\u00fcr diese speziellen Zwecke erfassen und verwenden.<\/p>\n<p>Wenn wir Ihre pers\u00f6nlichen Daten f\u00fcr sekund\u00e4re Zwecke, wie z.B. Marketing, anfordern, werden wir Sie entweder um Ihre ausdr\u00fcckliche Zustimmung bitten oder Ihnen die M\u00f6glichkeit geben, dies abzulehnen.<\/p>\n\n<h2 class=\"wp-block-heading\">R\u00fccknahme Ihrer Zustimmung<\/h2>\n\n<p>Wenn Sie sich angemeldet haben und es sich sp\u00e4ter anders \u00fcberlegen, k\u00f6nnen Sie Ihre Zustimmung zur Kontaktaufnahme durch uns oder zur weiteren Erfassung, Verwendung oder Weitergabe Ihrer pers\u00f6nlichen Daten widerrufen <strong data-start=\"894\" data-end=\"951\">jederzeit, indem Sie uns kontaktieren unter <\/strong> info@acecoll.com.<\/p>\n\n<h2 class=\"wp-block-heading\">Offenlegung von pers\u00f6nlichen Informationen<\/h2>\n\n<p>Wir k\u00f6nnen Ihre pers\u00f6nlichen Daten weitergeben, wenn wir gesetzlich dazu verpflichtet sind oder wenn Sie gegen unsere Nutzungsbedingungen versto\u00dfen.<\/p>\n\n<h2 class=\"wp-block-heading\">Dienstleistungen von Drittanbietern<\/h2>\n\n<p>Im Allgemeinen werden Drittanbieter, die wir nutzen, Ihre Daten nur in dem Ma\u00dfe erfassen, nutzen und weitergeben, wie es f\u00fcr die Erbringung ihrer Dienstleistungen f\u00fcr uns erforderlich ist. Bestimmte Anbieter, wie z.B. Zahlungs-Gateways, haben ihre eigenen Datenschutzrichtlinien bez\u00fcglich der Informationen, die wir f\u00fcr kaufbezogene Transaktionen zur Verf\u00fcgung stellen.<\/p>\n<p>Wir empfehlen Ihnen, deren Datenschutzrichtlinien zu lesen, um zu verstehen, wie Ihre pers\u00f6nlichen Daten behandelt werden. Bitte beachten Sie, dass einige Anbieter ihren Sitz in einer anderen Rechtsordnung haben als Sie oder wir. Wenn Sie eine Transaktion mit einem Drittanbieter durchf\u00fchren, k\u00f6nnen Ihre Daten den Gesetzen dieser Gerichtsbarkeit unterliegen.<\/p>\n<p>Wenn Sie sich beispielsweise in Kanada befinden und Ihre Transaktion \u00fcber ein Zahlungs-Gateway in den Vereinigten Staaten abgewickelt wird, k\u00f6nnen Ihre pers\u00f6nlichen Daten der US-Gesetzgebung, einschlie\u00dflich des Patriot Act, unterliegen.<\/p>\n<p>Sobald Sie unsere Website verlassen oder zu einer Website eines Drittanbieters weitergeleitet werden, unterliegen Sie nicht mehr dieser Datenschutzrichtlinie oder unseren Nutzungsbedingungen.<\/p>\n\n<h2 class=\"wp-block-heading\">Sicherheit<\/h2>\n\n<p>Um Ihre pers\u00f6nlichen Daten zu sch\u00fctzen, ergreifen wir angemessene Vorsichtsma\u00dfnahmen und befolgen die besten Praktiken der Branche, um sicherzustellen, dass sie nicht in unangemessener Weise verloren gehen, missbraucht, aufgerufen, weitergegeben, ver\u00e4ndert oder zerst\u00f6rt werden.<\/p>\n<p>Wenn Sie uns Ihre Kreditkartendaten zur Verf\u00fcgung stellen, werden die Daten mit der Secure Socket Layer-Technologie (SSL) verschl\u00fcsselt und mit AES-Verschl\u00fcsselung gespeichert. Obwohl keine Methode der \u00dcbertragung \u00fcber das Internet oder der elektronischen Speicherung 100% sicher ist, befolgen wir alle PCI-DSS-Anforderungen und setzen zus\u00e4tzliche allgemein anerkannte Industriestandards ein.<\/p>\n\n<h2 class=\"wp-block-heading\">Cookies<\/h2>\n\n<p>Wenn Sie einen Kommentar auf unserer Website hinterlassen, k\u00f6nnen Sie zustimmen, dass Ihr Name, Ihre E-Mail-Adresse und Ihre Website in Cookies gespeichert werden. Diese Cookies sind ein Jahr lang g\u00fcltig.<\/p>\n<p>Wenn Sie unsere Anmeldeseite besuchen, wird ein tempor\u00e4res Cookie gesetzt, um festzustellen, ob Ihr Browser Cookies zul\u00e4sst. Dieses Cookie enth\u00e4lt keine pers\u00f6nlichen Daten und wird verworfen, wenn Sie Ihren Browser schlie\u00dfen.<\/p>\n<p>Wenn Sie sich anmelden, werden mehrere Cookies gesetzt, um Ihre Anmeldeinformationen und Bildschirmoptionen zu speichern. Die Anmelde-Cookies bleiben zwei Tage lang gespeichert, die Cookies f\u00fcr die Bildschirmoptionen ein Jahr lang und die Option \u201cMerken\u201d verl\u00e4ngert die Anmelde-Cookies auf zwei Wochen. Wenn Sie sich abmelden, werden die Anmelde-Cookies entfernt.<\/p>\n\n<h2 class=\"wp-block-heading\">Alter der M\u00fcndigkeit<\/h2>\n\n<p>Durch die Nutzung dieser Website erkl\u00e4ren Sie, dass Sie in dem Staat oder der Provinz, in dem\/der Sie wohnen, mindestens vollj\u00e4hrig sind. Wenn Sie minderj\u00e4hrig sind, best\u00e4tigen Sie, dass Sie die Zustimmung Ihrer Eltern oder Ihres Vormunds f\u00fcr die Nutzung dieser Website erhalten haben.<\/p>\n\n<h2 class=\"wp-block-heading\">\u00c4nderungen an dieser Datenschutzrichtlinie<\/h2>\n\n<p>Wir behalten uns das Recht vor, diese Datenschutzrichtlinie jederzeit zu \u00e4ndern. \u00c4nderungen und Klarstellungen treten sofort nach Ver\u00f6ffentlichung auf unserer Website in Kraft.<\/p>\n<p>Wenn wir wesentliche \u00c4nderungen vornehmen, werden wir Sie \u00fcber die in Ihrem Konto angegebene E-Mail benachrichtigen, damit Sie wissen, welche Informationen wir sammeln, wie wir sie verwenden und unter welchen Umst\u00e4nden wir sie weitergeben k\u00f6nnen.<\/p>\n\n<h2 class=\"wp-block-heading\">Fragen und Kontaktinformationen<\/h2>\n\n<p>Wenn Sie auf Ihre pers\u00f6nlichen Daten zugreifen, sie korrigieren, \u00e4ndern oder l\u00f6schen m\u00f6chten, eine Beschwerde einreichen oder weitere Informationen w\u00fcnschen, kontaktieren Sie uns bitte unter info@acecoll.com.<\/p>","protected":false},"excerpt":{"rendered":"<p>Privacy Policy What Do We Do With Your Information? When you purchase something from ACECOLL, as part of the buying and selling process, we collect the personal information you give us such as your name, address and email address.When you browse our store, we also automatically receive your computer\u2019s internet protocol (IP) address in order [&hellip;]<\/p>","protected":false},"author":4,"featured_media":0,"parent":0,"menu_order":0,"comment_status":"closed","ping_status":"open","template":"","meta":{"_acf_changed":false,"inline_featured_image":false,"slim_seo":{"description":"Die offizielle Datenschutzrichtlinie von ACECOLL erkl\u00e4rt, wie wir Ihre pers\u00f6nlichen Daten sammeln, verwenden und sch\u00fctzen, einschlie\u00dflich der Zustimmung, der Dienste Dritter, der Cookies und Ihrer Rechte.","title":"Privacy Policy - ACECOLL"},"footnotes":""},"class_list":["post-3","page","type-page","status-publish","hentry"],"acf":[],"_links":{"self":[{"href":"https:\/\/acecoll.com\/de\/wp-json\/wp\/v2\/pages\/3","targetHints":{"allow":["GET"]}}],"collection":[{"href":"https:\/\/acecoll.com\/de\/wp-json\/wp\/v2\/pages"}],"about":[{"href":"https:\/\/acecoll.com\/de\/wp-json\/wp\/v2\/types\/page"}],"author":[{"embeddable":true,"href":"https:\/\/acecoll.com\/de\/wp-json\/wp\/v2\/users\/4"}],"replies":[{"embeddable":true,"href":"https:\/\/acecoll.com\/de\/wp-json\/wp\/v2\/comments?post=3"}],"version-history":[{"count":30,"href":"https:\/\/acecoll.com\/de\/wp-json\/wp\/v2\/pages\/3\/revisions"}],"predecessor-version":[{"id":1993,"href":"https:\/\/acecoll.com\/de\/wp-json\/wp\/v2\/pages\/3\/revisions\/1993"}],"wp:attachment":[{"href":"https:\/\/acecoll.com\/de\/wp-json\/wp\/v2\/media?parent=3"}],"curies":[{"name":"wp","href":"https:\/\/api.w.org\/{rel}","templated":true}]}}