{"id":406,"date":"2025-10-28T07:46:52","date_gmt":"2025-10-28T07:46:52","guid":{"rendered":"https:\/\/acecoll.com\/?page_id=406"},"modified":"2025-12-30T14:30:20","modified_gmt":"2025-12-30T14:30:20","slug":"uber-uns","status":"publish","type":"page","link":"https:\/\/acecoll.com\/de\/uber-uns\/","title":{"rendered":"\u00dcBER UNS"},"content":{"rendered":"<p>Geschmiedet im Feuer, geh\u00e4rtet f\u00fcr Exzellenz<\/p>\n\n<p><span data-font-family=\"\u5fae\u8f6f\u96c5\u9ed1\">Bei ACECOLL w\u00e4hlen wir Messer aus, die widerstandsf\u00e4hig, scharf und wirklich unvergesslich sind.<\/span><\/p>\n\n<div class=\"wp-block-buttons is-layout-flex wp-block-buttons-is-layout-flex\"><div class=\"wp-block-button\"><a class=\"wp-block-button__link\">Finden Sie Ihre Klinge<\/a><\/div><\/div>\n\n<h3 class=\"wp-block-heading\">\u00dcBER ACECOLL<\/h3>\n\n<p>Seit Jahren widmet sich ACECOLL der nahtlosen Verschmelzung von praktischem Besteck und k\u00fcnstlerischer Handwerkskunst. Vom Design \u00fcber die Materialien bis hin zu den Schmiedetechniken halten wir einen Geist der unerbittlichen Raffinesse aufrecht und kontrollieren jeden Schritt sorgf\u00e4ltig, um die bestm\u00f6glichen Produkte zu liefern.<\/p>\n<p>Wir setzen uns daf\u00fcr ein, dass jedes Messer in mindestens einer der folgenden Dimensionen einen Sammlerstandard erreicht: visuelle \u00c4sthetik, Materialeigenschaften oder Schmiedetechniken.<\/p>\n<p>ACECOLL hat sich darauf spezialisiert, hochwertige, handgefertigte Outdoor-Messer und Sammlermesser f\u00fcr Outdoor-Enthusiasten, Messersammler, Liebhaber der Kampfkunst und der Samurai-Kultur anzubieten.<\/p>\n<p>Alle unsere Messer werden von weltber\u00fchmten Meistern entworfen und in China zum Leben erweckt - einem Land mit einer 2.600 Jahre alten Tradition im Schmieden von Kaltwaffen. Was wir liefern, sind nicht nur Werkzeuge, sondern Sammlerst\u00fccke, die das alte Erbe des Schmiedens mit modernster industrieller Handwerkskunst verbinden.<\/p>\n<p>Ob f\u00fcr Ihren eigenen Gebrauch, als Sammlerst\u00fcck oder als Geschenk f\u00fcr Freunde und Familie, unsere Schwerter und Messer sind die perfekte Wahl.<\/p>\n\n<h3 class=\"wp-block-heading\">Kontaktieren Sie uns<\/h3>\n\n<p>Haben Sie Fragen, Kommentare oder gesch\u00e4ftliche Anregungen f\u00fcr ACECOLL? Melden Sie sich hier oder per E-Mail: <span style=\"color: #e17c2b;\"><strong><u><a style=\"color: #e17c2b;\" href=\"mailto:info@example.com\">info@acecoll.com<\/a><\/u><\/strong><\/span><\/p>\n\n<figure class=\"wp-block-image size-full\"><img loading=\"lazy\" decoding=\"async\" width=\"644\" height=\"450\" src=\"https:\/\/acecoll.com\/wp-content\/uploads\/2025\/10\/ASHEN-FORGE-brand-story-illustration1.jpg\" alt class=\"wp-image-409\" srcset=\"https:\/\/acecoll.com\/wp-content\/uploads\/2025\/10\/ASHEN-FORGE-brand-story-illustration1.jpg 644w, https:\/\/acecoll.com\/wp-content\/uploads\/2025\/10\/ASHEN-FORGE-brand-story-illustration1-300x210.jpg 300w, https:\/\/acecoll.com\/wp-content\/uploads\/2025\/10\/ASHEN-FORGE-brand-story-illustration1-600x419.jpg 600w\" sizes=\"auto, (max-width: 644px) 100vw, 644px\" \/><\/figure>","protected":false},"excerpt":{"rendered":"<p>Forged in Fire,Tempered for Excellence At ACECOLL, we select knives that are resilient, sharp, and truly unforgettable. ABOUT ACECOLL For years, ACECOLL has been dedicated to seamlessly blending the practicality of cutlery with artistic craftsmanship. From design to materials to forging techniques, we uphold a spirit of relentless refinement, meticulously controlling every step to deliver [&hellip;]<\/p>","protected":false},"author":4,"featured_media":0,"parent":0,"menu_order":0,"comment_status":"closed","ping_status":"closed","template":"","meta":{"_acf_changed":false,"inline_featured_image":false,"slim_seo":{"title":"ACECOLL Markengeschichte - \u00dcber ACEBOTT","description":"ACECOLL hat sich zum Ziel gesetzt, die besten Messer f\u00fcr Sie auszuw\u00e4hlen und Ihnen beim Aufbau Ihrer Ace-Sammlung zu helfen."},"footnotes":""},"class_list":["post-406","page","type-page","status-publish","hentry"],"acf":[],"_links":{"self":[{"href":"https:\/\/acecoll.com\/de\/wp-json\/wp\/v2\/pages\/406","targetHints":{"allow":["GET"]}}],"collection":[{"href":"https:\/\/acecoll.com\/de\/wp-json\/wp\/v2\/pages"}],"about":[{"href":"https:\/\/acecoll.com\/de\/wp-json\/wp\/v2\/types\/page"}],"author":[{"embeddable":true,"href":"https:\/\/acecoll.com\/de\/wp-json\/wp\/v2\/users\/4"}],"replies":[{"embeddable":true,"href":"https:\/\/acecoll.com\/de\/wp-json\/wp\/v2\/comments?post=406"}],"version-history":[{"count":36,"href":"https:\/\/acecoll.com\/de\/wp-json\/wp\/v2\/pages\/406\/revisions"}],"predecessor-version":[{"id":1930,"href":"https:\/\/acecoll.com\/de\/wp-json\/wp\/v2\/pages\/406\/revisions\/1930"}],"wp:attachment":[{"href":"https:\/\/acecoll.com\/de\/wp-json\/wp\/v2\/media?parent=406"}],"curies":[{"name":"wp","href":"https:\/\/api.w.org\/{rel}","templated":true}]}}