{"id":613,"date":"2025-10-28T11:05:26","date_gmt":"2025-10-28T11:05:26","guid":{"rendered":"https:\/\/acecoll.com\/?page_id=613"},"modified":"2026-03-13T01:52:07","modified_gmt":"2026-03-13T01:52:07","slug":"schifffahrtspolitik","status":"publish","type":"page","link":"https:\/\/acecoll.com\/de\/schifffahrtspolitik\/","title":{"rendered":"Versandpolitik"},"content":{"rendered":"<h1 class=\"wp-block-heading\">Versandpolitik<\/h1>\n\n<h2 class=\"wp-block-heading\">Versandabdeckung<\/h2>\n\n<p>Wir bieten weltweiten Versand mit kostenlosem Versand auf alle Bestellungen.<\/p>\n\n<h2 class=\"wp-block-heading\">Bearbeitungszeit der Bestellung<\/h2>\n\n<p>Bearbeitungszeit der Bestellung: 1-3 Arbeitstage<br \/>Gesch\u00e4tzte Lieferung: 10-20 Werktage<\/p>\n\n<h2 class=\"wp-block-heading\">Auftragsverfolgung<\/h2>\n\n<p>Um Ihre Bestellung zu verfolgen, k\u00f6nnen Sie die Website zur globalen Logistikverfolgung besuchen<br \/><a href=\"https:\/\/www.17track.net\/en\" target=\"_blank\" rel=\"noopener\">https:\/\/www.17track.net\/en<\/a><br \/>oder die Website des Expressdienstes<br \/><a href=\"https:\/\/www.ems.com.cn\/english\/\" target=\"_blank\" rel=\"noopener\">https:\/\/www.ems.com.cn\/english\/<\/a>, \u00fcberpr\u00fcfen Sie den Status Ihrer Bestellung.<\/p>\n\n<h2 class=\"wp-block-heading\">Anforderungen an die Lieferadresse<\/h2>\n\n<p>Um den gesamten Versandprozess zu erleichtern und sicherzustellen, dass Sie Ihren Artikel rechtzeitig erhalten, geben Sie uns bitte Ihre vollst\u00e4ndige Adresse an, einschlie\u00dflich Stadt, Bundesland und Region (falls zutreffend).<\/p>\n\n<h2 class=\"wp-block-heading\">Auftragsbearbeitung<\/h2>\n\n<p>Wir m\u00f6chten sicherstellen, dass Sie Ihren Artikel so schnell wie m\u00f6glich erhalten. Bitte stellen Sie sicher, dass Sie bei der Bestellung das richtige Modell und die richtige Farbe ausw\u00e4hlen, da wir Ihre Bestellung nicht \u00e4ndern k\u00f6nnen. Sobald eine Bestellung in das System eingegeben wurde, kann sie nicht mehr ge\u00e4ndert oder storniert werden.<\/p>\n\n<h2 class=\"wp-block-heading\">Falsche Versandinformationen<\/h2>\n\n<!-- wp:Array \/-->\n\n<h2 class=\"wp-block-heading\">Versandbest\u00e4tigung<\/h2>\n\n<!-- wp:Array \/-->\n\n<h2 class=\"wp-block-heading\">Details zur Auftragsverfolgung<\/h2>\n\n<p>Als Empf\u00e4nger kann Ihr \u00f6rtliches Zollamt zus\u00e4tzliche Dokumente und Zeit f\u00fcr die Abfertigung Ihres Pakets verlangen, was die gesch\u00e4tzte Lieferzeit verz\u00f6gern kann.<\/p><p>Ihre Bestellung kann Ihnen \u00fcber Ihr \u00f6rtliches Postamt oder einen \u00f6rtlichen Kurierdienst zugestellt werden.<\/p><p>Wenn Sie zum Zeitpunkt der Zustellung nicht zu Hause sind, hinterl\u00e4sst die Post m\u00f6glicherweise eine Benachrichtigungskarte mit Anweisungen, wie und wo Sie das Paket abholen k\u00f6nnen.<\/p><p>Wenn Ihr Paket als \u201czugestellt\u201d gekennzeichnet war, Sie es aber nicht erhalten haben - die UPS Zustellfahrzeuge verwenden GPS, um das Paket automatisch vorzeitig als \u201czugestellt\u201d zu aktualisieren.<\/p><p>Bitte rechnen Sie mit einem weiteren Werktag, da das Paket m\u00f6glicherweise f\u00e4lschlicherweise als zugestellt markiert wird und erst am n\u00e4chsten Tag ankommt.<\/p><p>Wir empfehlen Ihnen, sich an Ihr \u00f6rtliches UPS Postamt zu wenden. Ihr \u00f6rtliches Postamt wird Ihnen einen schnelleren und besseren Service bieten k\u00f6nnen. Fragen Sie, wer das Paket zugestellt hat, und erkundigen Sie sich nach den Einzelheiten der Zustellung an diesem Tag.<\/p>\n\n<h2 class=\"wp-block-heading\">Risikofreistellung, Haftungsfreistellung und Entsch\u00e4digungsvereinbarung<\/h2>\n\n<p><a href=\"https:\/\/acecoll.com\/de\/\">ACECOLL<\/a> garantiert nicht, dass Einzelpersonen oder Unternehmen legal Messer verkaufen, kaufen, besitzen oder tragen k\u00f6nnen.<\/p>\n<p>Alle Gegenst\u00e4nde, die nach Bundes-, Landes- oder Kommunalrecht vorgesehen sind. Zu diesen Gegenst\u00e4nden geh\u00f6ren unter anderem Taschenmesser, Springmesser, Schlagringe, Gegenst\u00e4nde mit versteckten Klingen und zweischneidige Klingen.<\/p>\n<p>Wir glauben, dass es \u00e4u\u00dferst wichtig ist, die von den staatlichen Gesetzen festgelegten Richtlinien zu befolgen. Mit dem Kauf eines Artikels von ACECOLL garantiert der K\u00e4ufer, dass er alle bundesstaatlichen, lokalen und staatlichen Gesetze einh\u00e4lt und in der Lage ist, den Artikel legal zu erwerben.<\/p>\n<p>Messer k\u00f6nnen gef\u00e4hrlich sein, wenn Sie nicht richtig damit umgehen. Bewahren Sie sie au\u00dferhalb der Reichweite von Kindern auf. Wir raten dringend davon ab, bei ACECOLL gekaufte Artikel ohne Erlaubnis der Eltern an Minderj\u00e4hrige zu verkaufen.<\/p>\n<p>Wenn Sie Fragen haben, kontaktieren Sie uns bitte per Telefon oder E-Mail, wir werden Ihnen so schnell wie m\u00f6glich antworten.<\/p>","protected":false},"excerpt":{"rendered":"<p>Shipping policy Shipping Coverage We offer worldwide shipping with free shipping on all orders. Order Processing Time Order processing time: 1-3 working daysEstimated Delivery: 10-20 business days Order Tracking To track your order, you can visit the global logistics tracking websitehttps:\/\/www.17track.net\/enor the express company\u2019s websitehttps:\/\/www.ems.com.cn\/english\/, check your order status. Shipping Address Requirements To facilitate the [&hellip;]<\/p>","protected":false},"author":4,"featured_media":0,"parent":0,"menu_order":0,"comment_status":"closed","ping_status":"closed","template":"","meta":{"_acf_changed":false,"inline_featured_image":false,"slim_seo":{"title":"Shipping policy - ACECOLL","description":"Versandpolitik Versandabdeckung Wir bieten weltweiten Versand mit kostenlosem Versand auf alle Bestellungen. Bearbeitungszeit der Bestellung Bearbeitungszeit der Bestellung: 1-3 Arbeitstage Es"},"footnotes":""},"class_list":["post-613","page","type-page","status-publish","hentry"],"acf":[],"_links":{"self":[{"href":"https:\/\/acecoll.com\/de\/wp-json\/wp\/v2\/pages\/613","targetHints":{"allow":["GET"]}}],"collection":[{"href":"https:\/\/acecoll.com\/de\/wp-json\/wp\/v2\/pages"}],"about":[{"href":"https:\/\/acecoll.com\/de\/wp-json\/wp\/v2\/types\/page"}],"author":[{"embeddable":true,"href":"https:\/\/acecoll.com\/de\/wp-json\/wp\/v2\/users\/4"}],"replies":[{"embeddable":true,"href":"https:\/\/acecoll.com\/de\/wp-json\/wp\/v2\/comments?post=613"}],"version-history":[{"count":11,"href":"https:\/\/acecoll.com\/de\/wp-json\/wp\/v2\/pages\/613\/revisions"}],"predecessor-version":[{"id":1985,"href":"https:\/\/acecoll.com\/de\/wp-json\/wp\/v2\/pages\/613\/revisions\/1985"}],"wp:attachment":[{"href":"https:\/\/acecoll.com\/de\/wp-json\/wp\/v2\/media?parent=613"}],"curies":[{"name":"wp","href":"https:\/\/api.w.org\/{rel}","templated":true}]}}