{"id":1069,"date":"2025-11-05T07:09:23","date_gmt":"2025-11-05T07:09:23","guid":{"rendered":"https:\/\/acecoll.com\/?post_type=product&#038;p=1069"},"modified":"2026-02-11T07:24:08","modified_gmt":"2026-02-11T07:24:08","slug":"af027-taktisches-uberlebensmesser-mit-langer-klinge","status":"publish","type":"product","link":"https:\/\/acecoll.com\/de\/produkt\/af027-taktisches-uberlebensmesser-mit-langer-klinge\/","title":{"rendered":"AC027 Langes taktisches &amp; \u00dcberlebensmesser mit Klinge"},"content":{"rendered":"<p>AC027 Long Bladed Tactical &amp; Survival Knife, ein mittelgro\u00dfes bis langes feststehendes Outdoor-Messer. Hergestellt aus AUS-10 Stahlblock, geschmiedet bei hoher Temperatur.<\/p>\n<p>AC027 hat einen hohen Kohlenstoffgehalt, mit einer H\u00e4rte von \u00fcber 62\u00b1HRC. Es bietet eine ausgezeichnete Haltbarkeit, Z\u00e4higkeit und Korrosionsbest\u00e4ndigkeit. Bei starker Beanspruchung ist es widerstandsf\u00e4hig gegen Absplittern und Stumpfwerden.<\/p>\n<p>Das AC027 Tactical &amp; Survival Messer mit langer Klinge eignet sich hervorragend zum S\u00e4ubern, Hacken und Schneiden und ist f\u00fcr verschiedene Outdoor-Szenarien geeignet.<\/p>","protected":false},"excerpt":{"rendered":"<p>Extra-gro\u00dfes Design- Die Gesamtl\u00e4nge von 380 mm (15 Zoll) mit einer 9,4-Zoll-Klinge bietet eine gr\u00f6\u00dfere Schneidleistung und Reichweite, ideal f\u00fcr Camping, Holzschneiden und \u00dcberleben im Freien.<br \/>\n6,5 mm dicke, schwere Klinge - Die Dicke von 6,5 mm (0,256 Zoll) bietet eine hervorragende Biege- und Sto\u00dffestigkeit, so dass sich die Klinge w\u00e4hrend des Gebrauchs nicht verformt oder abbricht.<br \/>\nHochfester AUS-10 Stahl - Geschmiedet unter Hochtemperaturabschreckung, H\u00e4rte \u00fcber 62\u00b1HRC, kombiniert Sch\u00e4rfe und Korrosionsbest\u00e4ndigkeit.<br \/>\nFull-Tang-Konstruktion - Die Klinge verl\u00e4uft durch den Griff und sorgt f\u00fcr solide Stabilit\u00e4t bei starker Beanspruchung.<br \/>\nErgonomischer, rutschfester Griff - Aus verschlei\u00dffestem und hitzebest\u00e4ndigem Material gefertigt, bietet er einen bequemen und sicheren Griff f\u00fcr eine sichere Handhabung.<\/p>","protected":false},"featured_media":1074,"comment_status":"open","ping_status":"closed","template":"","meta":{"_acf_changed":false,"inline_featured_image":false,"slim_seo":{"description":"AC027 Long Bladed Tactical &amp; Survival Knife,Hergestellt aus AUS-10 Stahl, geschmiedet bei hoher Temperatur, H\u00e4rte \u00fcber 62\u00b1HRC, gebaut f\u00fcr den harten Outdoor-Einsatz ohne Absplittern oder Abstumpfen.","title":"AC027 Long Bladed Tactical & Survival Knife - ACECOLL"}},"product_brand":[],"product_cat":[16,17,18,19],"product_tag":[],"class_list":{"0":"post-1069","1":"product","2":"type-product","3":"status-publish","4":"has-post-thumbnail","6":"product_cat-fixed-blade-knife","7":"product_cat-full-tang-knives","8":"product_cat-survival-knives","9":"product_cat-tactical-knives","11":"first","12":"instock","13":"taxable","14":"shipping-taxable","15":"purchasable","16":"product-type-simple"},"acf":[],"_links":{"self":[{"href":"https:\/\/acecoll.com\/de\/wp-json\/wp\/v2\/product\/1069","targetHints":{"allow":["GET"]}}],"collection":[{"href":"https:\/\/acecoll.com\/de\/wp-json\/wp\/v2\/product"}],"about":[{"href":"https:\/\/acecoll.com\/de\/wp-json\/wp\/v2\/types\/product"}],"replies":[{"embeddable":true,"href":"https:\/\/acecoll.com\/de\/wp-json\/wp\/v2\/comments?post=1069"}],"version-history":[{"count":4,"href":"https:\/\/acecoll.com\/de\/wp-json\/wp\/v2\/product\/1069\/revisions"}],"predecessor-version":[{"id":1641,"href":"https:\/\/acecoll.com\/de\/wp-json\/wp\/v2\/product\/1069\/revisions\/1641"}],"wp:featuredmedia":[{"embeddable":true,"href":"https:\/\/acecoll.com\/de\/wp-json\/wp\/v2\/media\/1074"}],"wp:attachment":[{"href":"https:\/\/acecoll.com\/de\/wp-json\/wp\/v2\/media?parent=1069"}],"wp:term":[{"taxonomy":"product_brand","embeddable":true,"href":"https:\/\/acecoll.com\/de\/wp-json\/wp\/v2\/product_brand?post=1069"},{"taxonomy":"product_cat","embeddable":true,"href":"https:\/\/acecoll.com\/de\/wp-json\/wp\/v2\/product_cat?post=1069"},{"taxonomy":"product_tag","embeddable":true,"href":"https:\/\/acecoll.com\/de\/wp-json\/wp\/v2\/product_tag?post=1069"}],"curies":[{"name":"wp","href":"https:\/\/api.w.org\/{rel}","templated":true}]}}