{"id":1456,"date":"2025-11-20T13:32:15","date_gmt":"2025-11-20T13:32:15","guid":{"rendered":"https:\/\/acecoll.com\/?post_type=product&#038;p=1456"},"modified":"2026-04-07T07:15:40","modified_gmt":"2026-04-07T07:15:40","slug":"ac032-schwere-grose-kukri-machete","status":"publish","type":"product","link":"https:\/\/acecoll.com\/de\/produkt\/ac032-schwere-grose-kukri-machete\/","title":{"rendered":"AC032 Heavy Duty Gro\u00dfe Kukri Machete"},"content":{"rendered":"<p>Die AC032 ist eine robuste Kukri-Machete, die f\u00fcr den intensiven Einsatz im Freien zum Hacken und Sammeln entwickelt wurde.<\/p>\n<p>Das gesamte Messer verf\u00fcgt \u00fcber ein Full Tang Design, das f\u00fcr strukturelle Stabilit\u00e4t bei extrem schweren Aufgaben sorgt.<\/p>\n<p>Die Klinge besteht aus hochwertigem, rostfreiem AUS-10 Stahl. Nach der W\u00e4rmebehandlung stabilisiert sich die H\u00e4rte bei 62 HRC und bietet eine hervorragende Schnitthaltigkeit und Korrosionsbest\u00e4ndigkeit.<\/p>\n<p>Der Griff aus Wenge-Holz bietet einen soliden Griff und d\u00e4mpft die St\u00f6\u00dfe beim Schneiden.<\/p>\n<p>Die Scheide ist ebenfalls eine Sonderanfertigung aus Wenge-Holz, die sowohl als Schutz als auch zur Pr\u00e4sentation dient.<\/p>\n<p>Die Dicke von 6 mm in Verbindung mit der schweren Masse des Messers und dem Gewichtsvorteil des Kukri-Profils erm\u00f6glicht es dem AC032, extreme kinetische Energie beim Hacken zu erzeugen. Damit lassen sich Aufgaben wie das S\u00e4ubern von Wegen und das Spalten von Holz effizient erledigen.<\/p>\n<p>Gleichzeitig verleihen ihr die hochwertigen Materialien und die handwerkliche Verarbeitung zusammen mit ihrem imposanten Aussehen und Design den besonderen Wert eines hochwertigen Sammlerst\u00fccks.<\/p>","protected":false},"excerpt":{"rendered":"<p>Die massive 18-Zoll (460 mm) Gr\u00f6\u00dfe, gepaart mit einem exquisiten Wengeholz-Griff und einer ma\u00dfgefertigten Holzscheide, sorgt f\u00fcr ein hochwertiges und imposantes Aussehen. Es ist nicht nur ein robustes \u00dcberlebenswerkzeug, sondern auch ein hochwertiges Ausstellungsst\u00fcck f\u00fcr Messerliebhaber, ideal f\u00fcr Sammlungen oder als Geschenk.<\/p>\n<p>Premium-Stahlqualit\u00e4t Hochwertiger, rostfreier AUS-10-Stahl, der auf 62 HRC w\u00e4rmebehandelt wurde, bietet hervorragende Korrosionsbest\u00e4ndigkeit und au\u00dfergew\u00f6hnliche Schnitthaltigkeit.<\/p>\n<p>6 mm Dicke und ultimative Hackkraft Der 6 mm dicke, extradicke R\u00fccken und das Gewicht von 866 g (1,9 lbs) in Kombination mit dem nach vorne gewichteten Kukri-Profil erzeugen eine enorme Wucht bei minimalem Kraftaufwand. Ideal f\u00fcr Dschungelrodungen, Holzhacken und taktische Durchbr\u00fcche.<\/p>\n<p>Robuste Full-Tang-Konstruktion Die integrierte Full-Tang-Konstruktion sorgt f\u00fcr strukturelle Integrit\u00e4t auch bei extremer Beanspruchung. Der Griff aus Massivholz bietet einen sicheren Halt und absorbiert St\u00f6\u00dfe beim Hacken effektiv.<\/p>","protected":false},"featured_media":1461,"comment_status":"open","ping_status":"closed","template":"","meta":{"_acf_changed":false,"inline_featured_image":false,"slim_seo":{"description":"AC032 Heavy Duty Gro\u00dfe Kukri Machete: \u00c4sthetisches Sammlerst\u00fcck mit Holzscheide. Erf\u00fcllt die Anforderungen an taktisches \u00dcberleben und Pr\u00e4sentation. Jetzt erh\u00e4ltlich, klicken Sie f\u00fcr Details!","title":"AC032 Heavy Duty Large Kukri Machete - ACECOLL"}},"product_brand":[],"product_cat":[16,17,26],"product_tag":[],"class_list":{"0":"post-1456","1":"product","2":"type-product","3":"status-publish","4":"has-post-thumbnail","6":"product_cat-fixed-blade-knife","7":"product_cat-full-tang-knives","8":"product_cat-kukri-style-knives","10":"first","11":"instock","12":"taxable","13":"shipping-taxable","14":"purchasable","15":"product-type-simple"},"acf":[],"_links":{"self":[{"href":"https:\/\/acecoll.com\/de\/wp-json\/wp\/v2\/product\/1456","targetHints":{"allow":["GET"]}}],"collection":[{"href":"https:\/\/acecoll.com\/de\/wp-json\/wp\/v2\/product"}],"about":[{"href":"https:\/\/acecoll.com\/de\/wp-json\/wp\/v2\/types\/product"}],"replies":[{"embeddable":true,"href":"https:\/\/acecoll.com\/de\/wp-json\/wp\/v2\/comments?post=1456"}],"version-history":[{"count":4,"href":"https:\/\/acecoll.com\/de\/wp-json\/wp\/v2\/product\/1456\/revisions"}],"predecessor-version":[{"id":2032,"href":"https:\/\/acecoll.com\/de\/wp-json\/wp\/v2\/product\/1456\/revisions\/2032"}],"wp:featuredmedia":[{"embeddable":true,"href":"https:\/\/acecoll.com\/de\/wp-json\/wp\/v2\/media\/1461"}],"wp:attachment":[{"href":"https:\/\/acecoll.com\/de\/wp-json\/wp\/v2\/media?parent=1456"}],"wp:term":[{"taxonomy":"product_brand","embeddable":true,"href":"https:\/\/acecoll.com\/de\/wp-json\/wp\/v2\/product_brand?post=1456"},{"taxonomy":"product_cat","embeddable":true,"href":"https:\/\/acecoll.com\/de\/wp-json\/wp\/v2\/product_cat?post=1456"},{"taxonomy":"product_tag","embeddable":true,"href":"https:\/\/acecoll.com\/de\/wp-json\/wp\/v2\/product_tag?post=1456"}],"curies":[{"name":"wp","href":"https:\/\/api.w.org\/{rel}","templated":true}]}}