{"id":1473,"date":"2025-11-20T13:41:54","date_gmt":"2025-11-20T13:41:54","guid":{"rendered":"https:\/\/acecoll.com\/?post_type=product&#038;p=1473"},"modified":"2026-04-07T08:13:18","modified_gmt":"2026-04-07T08:13:18","slug":"ac034-ubergrose-extra-lange-sammler-kukri-machete","status":"publish","type":"product","link":"https:\/\/acecoll.com\/de\/produkt\/ac034-ubergrose-extra-lange-sammler-kukri-machete\/","title":{"rendered":"AC034 \u00dcbergro\u00dfe &amp; extra lange Sammler-Kukri-Machete"},"content":{"rendered":"<p>Das AC034 ist eine \u00fcberdimensionale Kukri Machete f\u00fcr Sammler. Der Schwerpunkt des Designs liegt auf der hochwertigen Pr\u00e4sentation, gleichzeitig bietet dieses Messer eine au\u00dfergew\u00f6hnliche Leistung.<\/p>\n<p>Mit einer imposanten Gesamtl\u00e4nge von $600mm\\ (23.62\\ Zoll)$ etabliert das AC034 seinen Status als extragro\u00dfes Sammlerst\u00fcck.Die Klinge besteht aus hochwertigem DC53 Stahl. Die St\u00e4rke des R\u00fcckens erreicht $6mm$. Er bietet hervorragende Z\u00e4higkeit, Verschlei\u00dffestigkeit und H\u00e4rte.<\/p>\n<p>Der Griff ist aus dem seltenen Pao Ferro Holz mit seiner sch\u00f6nen nat\u00fcrlichen Maserung gefertigt. Er bietet einen angenehmen Griff.<\/p>\n<p>Es wird mit einer ma\u00dfgeschneiderten, dicken, hochwertigen Lederscheide geliefert. Diese Kombination sorgt daf\u00fcr, dass es sich sowohl bei der Pr\u00e4sentation als auch bei der Aufbewahrung auszeichnet. Dies steigert den Wert der AC034-Sammlung und das allgemeine Prestige erheblich.<\/p>","protected":false},"excerpt":{"rendered":"<p>\u00dcberdimensionale Spezifikationen: Beeindruckende $600mm\\ (23,62\\ Zoll)$ Gesamtl\u00e4nge, die ihren Status als extragro\u00dfes Sammlerst\u00fcck begr\u00fcndet. Entwickelt f\u00fcr High-End-Enthusiasten, bietet sie einen starken visuellen Eindruck und einen erheblichen Investitionswert.<br \/>\nPremium Holzgriff: Der Griff ist aus dem seltenen Pao Ferro (afrikanisches Schwarzholz) mit sch\u00f6ner nat\u00fcrlicher Maserung gefertigt. Er bietet einen komfortablen und sicheren Griff; Material und Verarbeitung spiegeln kompromisslose Qualit\u00e4t und Luxus wider.<br \/>\nMa\u00dfgeschneiderte Lederscheide: Inklusive einer individuell gestalteten, dicken Echtlederscheide. Die Scheide wertet die Pr\u00e4sentation des Messers auf und bietet eine hervorragende L\u00f6sung f\u00fcr die Pr\u00e4sentation und Aufbewahrung.<br \/>\nDC53-Hochleistungsstahl: Die Klinge besteht aus hochwertigem DC53 Stahl. Dieses Material gew\u00e4hrleistet eine hervorragende Z\u00e4higkeit, Verschlei\u00dffestigkeit und H\u00e4rte und garantiert neben seinem Sammlerwert auch hervorragende Schneide- und Hackerf\u00e4higkeiten.<br \/>\nIdeales Geschenk und Ausstellungsst\u00fcck: Es ist ein ikonisches Schmuckst\u00fcck f\u00fcr Sammler von Milit\u00e4r- und Outdoormessern oder ein hochwertiges Geschenk f\u00fcr Liebhaber und bietet einen unvergleichlichen Wert und eine beeindruckende Pr\u00e4senz.<\/p>","protected":false},"featured_media":1479,"comment_status":"open","ping_status":"closed","template":"","meta":{"_acf_changed":false,"inline_featured_image":false,"slim_seo":{"title":"AC034 Oversized & Extra-Long Collectible Kukri Machete - ACECOLL","description":"\u00dcberdimensionale Spezifikationen: Beeindruckende $600mm\\ (23,62\\ Zoll)$ Gesamtl\u00e4nge, die seinen Status als extragro\u00dfes Sammlerst\u00fcck begr\u00fcndet. Entworfen f\u00fcr High-End-Enthusiasten"}},"product_brand":[],"product_cat":[16,26],"product_tag":[],"class_list":{"0":"post-1473","1":"product","2":"type-product","3":"status-publish","4":"has-post-thumbnail","6":"product_cat-fixed-blade-knife","7":"product_cat-kukri-style-knives","9":"first","10":"instock","11":"taxable","12":"shipping-taxable","13":"purchasable","14":"product-type-simple"},"acf":[],"_links":{"self":[{"href":"https:\/\/acecoll.com\/de\/wp-json\/wp\/v2\/product\/1473","targetHints":{"allow":["GET"]}}],"collection":[{"href":"https:\/\/acecoll.com\/de\/wp-json\/wp\/v2\/product"}],"about":[{"href":"https:\/\/acecoll.com\/de\/wp-json\/wp\/v2\/types\/product"}],"replies":[{"embeddable":true,"href":"https:\/\/acecoll.com\/de\/wp-json\/wp\/v2\/comments?post=1473"}],"version-history":[{"count":3,"href":"https:\/\/acecoll.com\/de\/wp-json\/wp\/v2\/product\/1473\/revisions"}],"predecessor-version":[{"id":2035,"href":"https:\/\/acecoll.com\/de\/wp-json\/wp\/v2\/product\/1473\/revisions\/2035"}],"wp:featuredmedia":[{"embeddable":true,"href":"https:\/\/acecoll.com\/de\/wp-json\/wp\/v2\/media\/1479"}],"wp:attachment":[{"href":"https:\/\/acecoll.com\/de\/wp-json\/wp\/v2\/media?parent=1473"}],"wp:term":[{"taxonomy":"product_brand","embeddable":true,"href":"https:\/\/acecoll.com\/de\/wp-json\/wp\/v2\/product_brand?post=1473"},{"taxonomy":"product_cat","embeddable":true,"href":"https:\/\/acecoll.com\/de\/wp-json\/wp\/v2\/product_cat?post=1473"},{"taxonomy":"product_tag","embeddable":true,"href":"https:\/\/acecoll.com\/de\/wp-json\/wp\/v2\/product_tag?post=1473"}],"curies":[{"name":"wp","href":"https:\/\/api.w.org\/{rel}","templated":true}]}}