{"id":1481,"date":"2025-11-20T13:47:11","date_gmt":"2025-11-20T13:47:11","guid":{"rendered":"https:\/\/acecoll.com\/?post_type=product&#038;p=1481"},"modified":"2026-04-07T09:38:19","modified_gmt":"2026-04-07T09:38:19","slug":"ac035-lange-gerade-taktische-uberlebensmachete","status":"publish","type":"product","link":"https:\/\/acecoll.com\/de\/produkt\/ac035-lange-gerade-taktische-uberlebensmachete\/","title":{"rendered":"AC035 Lange gerade taktische \u00dcberlebensmachete"},"content":{"rendered":"<p>Das AC035 ist eine ultra-robuste lange gerade taktische Machete. Dieses Messer ist nicht nur zum Sammeln und Ausstellen geeignet, sondern zeichnet sich durch eine robuste Konstruktion und au\u00dfergew\u00f6hnliche Leistung aus.<\/p>\n<p>Seine erstaunliche Klingenst\u00e4rke von 8 mm und die Full-Tang-Struktur sorgen f\u00fcr schweres Hacken und extreme \u00dcberlebensf\u00e4higkeiten im Freien.<\/p>\n<p>Die Klinge besteht aus hochwertigem T440-Pulverstahl. Dies ist ein Premium-Stahl, der eine hohe H\u00e4rte, Verschlei\u00dffestigkeit und Korrosionsbest\u00e4ndigkeit bietet. Er garantiert eine lang anhaltende Schnitthaltigkeit.<\/p>\n<p>Der Griff ist aus ausgew\u00e4hltem Holzmaterial gefertigt. Er bietet einen soliden, zuverl\u00e4ssigen Griff und spiegelt die Entschlossenheit eines klassischen Kampfmessers wider.<\/p>\n<p>Es wird mit einer ma\u00dfgeschneiderten, hochwertigen Lederscheide geliefert. Dies erh\u00f6ht den Sammlerwert und das allgemeine Prestige des AC035 erheblich. Die Scheide macht das Messer au\u00dferdem leicht tragbar, wenn Sie den Busch roden oder im Freien \u00fcberleben wollen.<\/p>","protected":false},"excerpt":{"rendered":"<p>Ultra-robuste Konstruktion und Leistung: Die 8 mm dicke Klinge bietet un\u00fcbertroffene Robustheit und Schlagfestigkeit und \u00fcbertrifft damit die Standardspezifikationen f\u00fcr Macheten. Das Full-Tang-Design sorgt f\u00fcr au\u00dfergew\u00f6hnliche Leistung bei extremen Hackarbeiten und Eins\u00e4tzen im Freien.<br \/>\nKlinge aus T440-Pulverstahl: Gefertigt aus hochwertigem T440-Pulverstahl. Dies ist ein Premium-Stahl, der hohe H\u00e4rte, \u00fcberlegene Verschlei\u00dffestigkeit und zuverl\u00e4ssige Korrosionsbest\u00e4ndigkeit kombiniert und so eine hervorragende, lang anhaltende Schnitthaltigkeit gew\u00e4hrleistet.<br \/>\nLanges, gerades, taktisches Design: Verf\u00fcgt \u00fcber eine 410 mm lange gerade Klinge und einen einzigartigen S\u00e4ger\u00fccken mit zwei Funktionen. Es vereint Hack-, Spalt- und Schneidefunktionen und wurde f\u00fcr taktisches \u00dcberleben und schwere Aufr\u00e4umarbeiten im Freien entwickelt.<br \/>\nSammelbare Materialien und Handwerkskunst: Das AC035 erreicht einen hohen Sammler- und Ausstellungswert durch die Ausgewogenheit von Nutzen und \u00c4sthetik. Dies zeigt sich in seinem Hochleistungsstahl, dem ausgew\u00e4hlten Holzgriff (der einen soliden Griff bietet) und seiner insgesamt hochwertigen Verarbeitung und Handwerkskunst.<\/p>","protected":false},"featured_media":1482,"comment_status":"open","ping_status":"closed","template":"","meta":{"_acf_changed":false,"inline_featured_image":false,"slim_seo":{"description":"AC035 Lange taktische \u00dcberlebensmachete: Geeignet f\u00fcr die Premium-Sammlung, neben extremer Buschkunst und schweren Rodungen. Jetzt vollst\u00e4ndig freigegeben. Entdecken Sie die Leistung.","title":"AC035 Long Straight Tactical Survival Machete - ACECOLL"}},"product_brand":[],"product_cat":[16,17,18],"product_tag":[],"class_list":{"0":"post-1481","1":"product","2":"type-product","3":"status-publish","4":"has-post-thumbnail","6":"product_cat-fixed-blade-knife","7":"product_cat-full-tang-knives","8":"product_cat-survival-knives","10":"first","11":"instock","12":"taxable","13":"shipping-taxable","14":"purchasable","15":"product-type-simple"},"acf":[],"_links":{"self":[{"href":"https:\/\/acecoll.com\/de\/wp-json\/wp\/v2\/product\/1481","targetHints":{"allow":["GET"]}}],"collection":[{"href":"https:\/\/acecoll.com\/de\/wp-json\/wp\/v2\/product"}],"about":[{"href":"https:\/\/acecoll.com\/de\/wp-json\/wp\/v2\/types\/product"}],"replies":[{"embeddable":true,"href":"https:\/\/acecoll.com\/de\/wp-json\/wp\/v2\/comments?post=1481"}],"version-history":[{"count":4,"href":"https:\/\/acecoll.com\/de\/wp-json\/wp\/v2\/product\/1481\/revisions"}],"predecessor-version":[{"id":2039,"href":"https:\/\/acecoll.com\/de\/wp-json\/wp\/v2\/product\/1481\/revisions\/2039"}],"wp:featuredmedia":[{"embeddable":true,"href":"https:\/\/acecoll.com\/de\/wp-json\/wp\/v2\/media\/1482"}],"wp:attachment":[{"href":"https:\/\/acecoll.com\/de\/wp-json\/wp\/v2\/media?parent=1481"}],"wp:term":[{"taxonomy":"product_brand","embeddable":true,"href":"https:\/\/acecoll.com\/de\/wp-json\/wp\/v2\/product_brand?post=1481"},{"taxonomy":"product_cat","embeddable":true,"href":"https:\/\/acecoll.com\/de\/wp-json\/wp\/v2\/product_cat?post=1481"},{"taxonomy":"product_tag","embeddable":true,"href":"https:\/\/acecoll.com\/de\/wp-json\/wp\/v2\/product_tag?post=1481"}],"curies":[{"name":"wp","href":"https:\/\/api.w.org\/{rel}","templated":true}]}}