{"id":222,"date":"2025-10-28T07:38:40","date_gmt":"2025-10-28T07:38:40","guid":{"rendered":"https:\/\/acecoll.com\/?post_type=product&#038;p=222"},"modified":"2026-02-11T07:19:31","modified_gmt":"2026-02-11T07:19:31","slug":"af007-taktisches-tanto-messer-spiegelglatt-10cr18mov-stahl","status":"publish","type":"product","link":"https:\/\/acecoll.com\/de\/produkt\/af007-taktisches-tanto-messer-spiegelglatt-10cr18mov-stahl\/","title":{"rendered":"AC007 Tanto-Messer mit feststehender Klinge"},"content":{"rendered":"<p>Das AC007 Full-Tang Tanto Fixed Blade Knife im japanischen Stil ist ein hochwertiges Messer, das \u00f6stliche \u00c4sthetik mit praktischer Leistung verbindet.<\/p>\n<p>Die Klinge ist aus hochwertigem 10Cr18MoV-Stahl handgeschmiedet, was sie stark und rasiermesserscharf macht. Die geometrische Tanto-Spitze bietet eine hervorragende Durchschlagskraft und zeigt die raffinierte Kunstfertigkeit der traditionellen japanischen Handwerkskunst.<\/p>\n<p>Der Griff besteht aus nat\u00fcrlichem Eschenholz, das von erfahrenen Handwerkern sorgf\u00e4ltig geschnitzt und poliert wurde, um einen bequemen und sicheren Griff zu gew\u00e4hrleisten. In Kombination mit der Full-Tang-Konstruktion sorgt er f\u00fcr zuverl\u00e4ssige Kontrolle in jeder Outdoor-Umgebung.<\/p>\n<p>Eine hochwertige Lederscheide sorgt f\u00fcr einen sicheren und bequemen Sitz.<\/p>\n<p>Ob f\u00fcr Outdoor-Abenteuer, Camping oder zum Sammeln und Ausstellen, die AC007 ist ein Meisterwerk, das Sch\u00f6nheit und Leistung vereint.<\/p>","protected":false},"excerpt":{"rendered":"<div class=\"chat-turn-container model render\" tabindex=\"-1\" data-immersive-translate-walked=\"48a44ed9-a323-49f0-9b89-81f8dcac3def\">\n<div class=\"model-prompt-container\" data-turn-role=\"Model\" data-immersive-translate-walked=\"48a44ed9-a323-49f0-9b89-81f8dcac3def\">\n<div class=\"turn-content\" data-immersive-translate-walked=\"48a44ed9-a323-49f0-9b89-81f8dcac3def\">\n<div class=\"chat-turn-container model render\" tabindex=\"-1\" data-immersive-translate-walked=\"48a44ed9-a323-49f0-9b89-81f8dcac3def\">\n<div class=\"model-prompt-container\" data-turn-role=\"Model\" data-immersive-translate-walked=\"48a44ed9-a323-49f0-9b89-81f8dcac3def\">\n<div class=\"turn-content\" data-immersive-translate-walked=\"48a44ed9-a323-49f0-9b89-81f8dcac3def\">\n<ul>\n<li><strong>Eine Kombination aus Handwerkskunst und Sammlerwert:<\/strong> das klassische Aussehen, die raffinierte Verarbeitung und die hochwertigen Materialien machen sie nicht nur zu einem praktischen Werkzeug, sondern auch zu einem Kunstwerk mit Sammlerwert.<\/li>\n<li><strong>Premium Stahl:<\/strong> Handgeschmiedet aus hochwertigem \u201c10Cr18MoV\u201d Stahl.<\/li>\n<li><strong>Exquisite handgeschliffene Handwerkskunst:<\/strong> Die Oberfl\u00e4che der Klinge ist hell und glatt, mit einer polierten Stahlreflexion, die fortschrittliche Schleiftechniken und feine handwerkliche Verarbeitung zur Schau stellt.<\/li>\n<li><strong>Geometrische Tanto-Klingenspitze:<\/strong> Die scharfe Spitze bietet eine starke Durchschlagskraft und eine au\u00dfergew\u00f6hnliche \u00c4sthetik.<\/li>\n<li><strong>Eschenholz-Griff:<\/strong> Sorgf\u00e4ltig geschnitzt und poliert von erfahrenen Handwerkern, kombiniert es Komfort und raffiniertes Aussehen.<\/li>\n<li><strong>Hochwertige Lederscheide:<\/strong> Handgen\u00e4ht mit detaillierten Mustern und einer glatten Passform in geschlossenem Zustand, die die starke \u00c4sthetik des japanischen Stils widerspiegelt.<\/li>\n<\/ul>\n<\/div>\n<\/div>\n<\/div>\n<\/div>\n<\/div>\n<\/div>","protected":false},"featured_media":269,"comment_status":"open","ping_status":"closed","template":"","meta":{"_acf_changed":false,"inline_featured_image":false,"slim_seo":{"description":"AC007 Japanisches Tanto-Messer mit feststehender Klinge, ob f\u00fcr Outdoor-Abenteuer oder als Sammlerst\u00fcck. Jetzt verf\u00fcgbar. Klicken Sie hier f\u00fcr Details.","title":"AC007 Tanto Fixed Blade Knife - ACECOLL"}},"product_brand":[],"product_cat":[16,21],"product_tag":[],"class_list":{"0":"post-222","1":"product","2":"type-product","3":"status-publish","4":"has-post-thumbnail","6":"product_cat-fixed-blade-knife","7":"product_cat-tanto-knives","9":"first","10":"instock","11":"taxable","12":"shipping-taxable","13":"purchasable","14":"product-type-simple"},"acf":[],"_links":{"self":[{"href":"https:\/\/acecoll.com\/de\/wp-json\/wp\/v2\/product\/222","targetHints":{"allow":["GET"]}}],"collection":[{"href":"https:\/\/acecoll.com\/de\/wp-json\/wp\/v2\/product"}],"about":[{"href":"https:\/\/acecoll.com\/de\/wp-json\/wp\/v2\/types\/product"}],"replies":[{"embeddable":true,"href":"https:\/\/acecoll.com\/de\/wp-json\/wp\/v2\/comments?post=222"}],"version-history":[{"count":5,"href":"https:\/\/acecoll.com\/de\/wp-json\/wp\/v2\/product\/222\/revisions"}],"predecessor-version":[{"id":897,"href":"https:\/\/acecoll.com\/de\/wp-json\/wp\/v2\/product\/222\/revisions\/897"}],"wp:featuredmedia":[{"embeddable":true,"href":"https:\/\/acecoll.com\/de\/wp-json\/wp\/v2\/media\/269"}],"wp:attachment":[{"href":"https:\/\/acecoll.com\/de\/wp-json\/wp\/v2\/media?parent=222"}],"wp:term":[{"taxonomy":"product_brand","embeddable":true,"href":"https:\/\/acecoll.com\/de\/wp-json\/wp\/v2\/product_brand?post=222"},{"taxonomy":"product_cat","embeddable":true,"href":"https:\/\/acecoll.com\/de\/wp-json\/wp\/v2\/product_cat?post=222"},{"taxonomy":"product_tag","embeddable":true,"href":"https:\/\/acecoll.com\/de\/wp-json\/wp\/v2\/product_tag?post=222"}],"curies":[{"name":"wp","href":"https:\/\/api.w.org\/{rel}","templated":true}]}}