{"id":225,"date":"2025-10-28T07:38:41","date_gmt":"2025-10-28T07:38:41","guid":{"rendered":"https:\/\/acecoll.com\/?post_type=product&#038;p=225"},"modified":"2026-02-11T07:21:38","modified_gmt":"2026-02-11T07:21:38","slug":"af010-nepalesische-kukri-machete-65mn-stahl-hartholzgriff","status":"publish","type":"product","link":"https:\/\/acecoll.com\/de\/produkt\/af010-nepalesische-kukri-machete-65mn-stahl-hartholzgriff\/","title":{"rendered":"AC010 Heavy Duty Kukri Machete"},"content":{"rendered":"<p>Die AC010 Heavy Duty Gurkha Kukri Machete ist vom traditionellen Design der nepalesischen Gurkha-Soldaten inspiriert. Die nach vorne gebogene Klinge verlagert das Gleichgewicht auf nat\u00fcrliche Weise nach vorne und erzeugt bei jedem Schwung mehr Schwung. Die leicht verbreiterte Spitze erh\u00f6ht die Schneidkraft und erm\u00f6glicht es dem Messer, effizient zu schneiden, zu hacken und zu spalten.<\/p>\n<p>Das AC010 ist komplett handgeschmiedet aus 65Mn hochmanganhaltigem Stahl und w\u00e4rmebehandelt f\u00fcr \u00fcberlegene H\u00e4rte und Z\u00e4higkeit. Durch die Full-Tang-Konstruktion sind Klinge und Griff aus einem St\u00fcck gefertigt. Damit ist es ideal f\u00fcr das Auslichten von B\u00fcschen, Waldarbeiten und alle anspruchsvollen Schneid- und Hackarbeiten im Freien.<\/p>\n<p>Der Griff ist aus nat\u00fcrlichem Hartholz gefertigt und bietet einen festen und bequemen Griff. Es wird mit einer Scheide aus echtem Leder und einem Lanyard-Loch f\u00fcr bequemes Tragen und schnellen Zugriff geliefert.<\/p>\n<p>Ob Sie das AC010 f\u00fcr Dschungelrodungen, Lagerarbeiten, Bushcraft oder \u00dcberlebenstraining verwenden, es zeichnet sich durch au\u00dfergew\u00f6hnliche St\u00e4rke und Handwerkskunst aus, was es zu einem zuverl\u00e4ssigen Hochleistungsmesser f\u00fcr Outdoor-Enthusiasten und \u00dcberlebensprofis macht.<\/p>","protected":false},"excerpt":{"rendered":"<p>Klassisches Gurkha-Design: Die nach vorne gebogene Klinge sorgt f\u00fcr eine st\u00e4rkere Hackkraft und bietet gleichzeitig eine hervorragende Schneid-, Hieb- und Spaltleistung.<br \/>\nExtradicker Stachel: Die vorw\u00e4rts gewichtete Balance und die 10 mm dicke Wirbels\u00e4ule bieten \u00fcberragende Schnittkraft und Stabilit\u00e4t.<br \/>\nFull-Tang Konstruktion: Geschmiedet aus 65er Hochmanganstahl mit Messingstiften zur Sicherung des Griffs f\u00fcr hervorragende Haltbarkeit und Sicherheit.<br \/>\nHartholz-Griff: Gefertigt aus nat\u00fcrlichem Hartholz f\u00fcr einen festen, komfortablen Griff, der auch bei l\u00e4ngerem Gebrauch sicher bleibt.<br \/>\nLederscheide &amp; Tragbarkeit: Mit G\u00fcrtelscheide aus echtem Leder und Lanyard-Loch f\u00fcr bequemes, flexibles Tragen im Feld.<br \/>\nVielseitiger Outdoor-Einsatz: Perfekt f\u00fcr Bushcraft, Camping, Trail Clearing und anspruchsvolle Aufgaben im Freien - der AC010 ist f\u00fcr alles geeignet.<\/p>","protected":false},"featured_media":289,"comment_status":"open","ping_status":"closed","template":"","meta":{"_acf_changed":false,"inline_featured_image":false,"slim_seo":{"title":"AC010 Heavy Duty Kukri Machete - ACECOLL","description":"Klassisches Gurkha-Design: Die nach vorne gebogene Klinge sorgt f\u00fcr eine st\u00e4rkere Hackkraft und bietet gleichzeitig eine hervorragende Schneid-, Hieb- und Spaltleistung. Extra-T"}},"product_brand":[],"product_cat":[16,17,26],"product_tag":[],"class_list":{"0":"post-225","1":"product","2":"type-product","3":"status-publish","4":"has-post-thumbnail","6":"product_cat-fixed-blade-knife","7":"product_cat-full-tang-knives","8":"product_cat-kukri-style-knives","10":"first","11":"instock","12":"taxable","13":"shipping-taxable","14":"purchasable","15":"product-type-simple"},"acf":[],"_links":{"self":[{"href":"https:\/\/acecoll.com\/de\/wp-json\/wp\/v2\/product\/225","targetHints":{"allow":["GET"]}}],"collection":[{"href":"https:\/\/acecoll.com\/de\/wp-json\/wp\/v2\/product"}],"about":[{"href":"https:\/\/acecoll.com\/de\/wp-json\/wp\/v2\/types\/product"}],"replies":[{"embeddable":true,"href":"https:\/\/acecoll.com\/de\/wp-json\/wp\/v2\/comments?post=225"}],"version-history":[{"count":4,"href":"https:\/\/acecoll.com\/de\/wp-json\/wp\/v2\/product\/225\/revisions"}],"predecessor-version":[{"id":1682,"href":"https:\/\/acecoll.com\/de\/wp-json\/wp\/v2\/product\/225\/revisions\/1682"}],"wp:featuredmedia":[{"embeddable":true,"href":"https:\/\/acecoll.com\/de\/wp-json\/wp\/v2\/media\/289"}],"wp:attachment":[{"href":"https:\/\/acecoll.com\/de\/wp-json\/wp\/v2\/media?parent=225"}],"wp:term":[{"taxonomy":"product_brand","embeddable":true,"href":"https:\/\/acecoll.com\/de\/wp-json\/wp\/v2\/product_brand?post=225"},{"taxonomy":"product_cat","embeddable":true,"href":"https:\/\/acecoll.com\/de\/wp-json\/wp\/v2\/product_cat?post=225"},{"taxonomy":"product_tag","embeddable":true,"href":"https:\/\/acecoll.com\/de\/wp-json\/wp\/v2\/product_tag?post=225"}],"curies":[{"name":"wp","href":"https:\/\/api.w.org\/{rel}","templated":true}]}}