{"id":226,"date":"2025-10-28T07:38:41","date_gmt":"2025-10-28T07:38:41","guid":{"rendered":"https:\/\/acecoll.com\/?post_type=product&#038;p=226"},"modified":"2026-02-11T07:21:02","modified_gmt":"2026-02-11T07:21:02","slug":"af011-taktisches-uberlebensmesser-dc53-stahl-schwarz-g10-griff","status":"publish","type":"product","link":"https:\/\/acecoll.com\/de\/produkt\/af011-taktisches-uberlebensmesser-dc53-stahl-schwarz-g10-griff\/","title":{"rendered":"AC011 Postapokalyptisches taktisches \u00dcberlebensmesser"},"content":{"rendered":"<p>Das AC011 Post-Apocalyptic Tactical Survival Knife ist ein strapazierf\u00e4higes Outdoor-Messer, das taktische Leistung mit auff\u00e4lliger Optik kombiniert. Die Klinge ist aus dem Hochleistungsstahl DC53 gefertigt, der eine H\u00e4rte von 57-61 HRC erreicht, und bietet eine hervorragende Sch\u00e4rfe, Z\u00e4higkeit und Korrosionsbest\u00e4ndigkeit.<\/p>\n<p>Die Oberfl\u00e4che hat ein Stonewashed-Finish mit einer einzigartigen Fledermausmusterung, die ihr einen aggressiven Look verleiht und gleichzeitig die Rost- und Oxidationsbest\u00e4ndigkeit effektiv verbessert.<\/p>\n<p>Das Messer hat eine Full-Tang-Konstruktion, bei der die Klinge durch den Griff verl\u00e4uft und durch Schrauben und Nieten verst\u00e4rkt wird, was f\u00fcr \u00fcberragende St\u00e4rke und Stabilit\u00e4t sorgt.<\/p>\n<p>Der Griff ist aus strapazierf\u00e4higem, rutschfestem Material gefertigt, das einen bequemen und sicheren Halt bietet und auch bei l\u00e4ngerem Gebrauch eine ausgezeichnete Kontrolle gew\u00e4hrleistet.<\/p>\n<p>Es wird mit einer robusten Nylonscheide geliefert, die an einem G\u00fcrtel oder Rucksack befestigt werden kann, um das Tragen und den schnellen Zugriff zu erleichtern.<\/p>\n<p>Ob beim Camping, bei der Jagd, beim Bushcraft, beim Angeln oder beim \u00dcberleben in der freien Natur - das AC011 bietet zuverl\u00e4ssige Leistung und k\u00fchnen taktischen Stil und ist damit die ideale Wahl f\u00fcr Outdoor-Enthusiasten und taktische Profis.<\/p>","protected":false},"excerpt":{"rendered":"<p>Post-apokalyptisches taktisches Design: Ein unverwechselbarer postapokalyptischer Stil, der einen aggressiven Look mit praktischer Funktionalit\u00e4t kombiniert.<br \/>\nLeistungsstarker DC53 Stahl: Bietet eine H\u00e4rte von 57-61 HRC mit ausgezeichneter Verschlei\u00dffestigkeit, Korrosionsbest\u00e4ndigkeit und hervorragender Z\u00e4higkeit.<br \/>\nStonewashed Oberfl\u00e4chenfinish: Das Fledermausmuster auf der Klinge sorgt f\u00fcr ein markantes Erscheinungsbild und verbessert gleichzeitig die Oxidations- und Rostbest\u00e4ndigkeit.<br \/>\nFull-Tang Konstruktion: Der Griff ist aus einem einzigen St\u00fcck Stahl gefertigt und mit Schrauben und Nieten verst\u00e4rkt, um eine hohe Festigkeit und Stabilit\u00e4t zu gew\u00e4hrleisten.<br \/>\nAnti-Rutsch-G10-Griff: Hergestellt aus Glasfaser-Verbundmaterial f\u00fcr einen langlebigen, rutschfesten und komfortablen Griff, der sich f\u00fcr den l\u00e4ngeren Gebrauch eignet.<br \/>\nNylonscheide f\u00fcr Tragbarkeit: Es ist robust und zuverl\u00e4ssig und kann an einem G\u00fcrtel oder Rucksack befestigt werden, damit Sie bei Notf\u00e4llen im Freien schnell darauf zugreifen k\u00f6nnen.<br \/>\nVielseitiger Outdoor-Einsatz: Perfekt f\u00fcr Camping, Jagd, Angeln, Bushcraft und \u00dcberlebensmissionen - eine ideale Wahl f\u00fcr taktische Anwender und Sammler.<\/p>","protected":false},"featured_media":295,"comment_status":"open","ping_status":"closed","template":"","meta":{"_acf_changed":false,"inline_featured_image":false,"slim_seo":{"description":"Das AC011 Post-Apocalyptic Tactical Survival Knife kombiniert ein markantes Design mit rostfreier Leistung. Perfekt f\u00fcr Camping, Jagd, Bushcraft und das \u00dcberleben im Freien. Klicken Sie, um mehr zu erfahren.","title":"AC011 Post-Apocalyptic Tactical Survival Knife - ACECOLL"}},"product_brand":[],"product_cat":[16,18],"product_tag":[],"class_list":{"0":"post-226","1":"product","2":"type-product","3":"status-publish","4":"has-post-thumbnail","6":"product_cat-fixed-blade-knife","7":"product_cat-survival-knives","9":"first","10":"instock","11":"taxable","12":"shipping-taxable","13":"purchasable","14":"product-type-simple"},"acf":[],"_links":{"self":[{"href":"https:\/\/acecoll.com\/de\/wp-json\/wp\/v2\/product\/226","targetHints":{"allow":["GET"]}}],"collection":[{"href":"https:\/\/acecoll.com\/de\/wp-json\/wp\/v2\/product"}],"about":[{"href":"https:\/\/acecoll.com\/de\/wp-json\/wp\/v2\/types\/product"}],"replies":[{"embeddable":true,"href":"https:\/\/acecoll.com\/de\/wp-json\/wp\/v2\/comments?post=226"}],"version-history":[{"count":5,"href":"https:\/\/acecoll.com\/de\/wp-json\/wp\/v2\/product\/226\/revisions"}],"predecessor-version":[{"id":1965,"href":"https:\/\/acecoll.com\/de\/wp-json\/wp\/v2\/product\/226\/revisions\/1965"}],"wp:featuredmedia":[{"embeddable":true,"href":"https:\/\/acecoll.com\/de\/wp-json\/wp\/v2\/media\/295"}],"wp:attachment":[{"href":"https:\/\/acecoll.com\/de\/wp-json\/wp\/v2\/media?parent=226"}],"wp:term":[{"taxonomy":"product_brand","embeddable":true,"href":"https:\/\/acecoll.com\/de\/wp-json\/wp\/v2\/product_brand?post=226"},{"taxonomy":"product_cat","embeddable":true,"href":"https:\/\/acecoll.com\/de\/wp-json\/wp\/v2\/product_cat?post=226"},{"taxonomy":"product_tag","embeddable":true,"href":"https:\/\/acecoll.com\/de\/wp-json\/wp\/v2\/product_tag?post=226"}],"curies":[{"name":"wp","href":"https:\/\/api.w.org\/{rel}","templated":true}]}}