{"id":227,"date":"2025-10-28T07:38:41","date_gmt":"2025-10-28T07:38:41","guid":{"rendered":"https:\/\/acecoll.com\/?post_type=product&#038;p=227"},"modified":"2026-02-11T07:21:20","modified_gmt":"2026-02-11T07:21:20","slug":"af012-jagd-bowie-messer-cpm-t440v-stahl","status":"publish","type":"product","link":"https:\/\/acecoll.com\/de\/produkt\/af012-jagd-bowie-messer-cpm-t440v-stahl\/","title":{"rendered":"AC012 Mittelgro\u00dfes Clip Point Bowie-Messer"},"content":{"rendered":"<p>AC012 Medium-Large Clip Point Bowie Knife:** A premium outdoor knife that combines practical performance with refined craftsmanship.<\/p>\n<p>Die Klinge ist aus rostfreiem Kohlenstoffstahl **CPM-T440V** pr\u00e4zisionsgeschmiedet und verf\u00fcgt \u00fcber eine **Vollerl-Konstruktion**, die sich durch den Griff zieht und f\u00fcr au\u00dfergew\u00f6hnliche St\u00e4rke und Haltbarkeit sorgt. Sie bleibt auch nach l\u00e4ngerer Benutzung zum Schneiden, Hacken oder Durchstechen stabil und zuverl\u00e4ssig.<\/p>\n<p>Der **schwarze Hartholzgriff** bietet einen bequemen, rutschfesten und sicheren Griff.<\/p>\n<p>Die **schwarze Scheide aus echtem Leder** ist mit einem Sicherheitsverschluss und einer G\u00fcrtelschlaufe ausgestattet, so dass sie bei Outdoor-Aktivit\u00e4ten leicht zu tragen und zu verstauen ist.<\/p>\n<p>Whether for hunting, camping, bushcraft, or collection, the AC012 stands out with its solid build and sleek appearance\u2014an ideal and trustworthy companion for outdoor enthusiasts and hunters alike.<\/p>","protected":false},"excerpt":{"rendered":"<p>Auffallendes Design: Das Profil im Bowie-Stil verbindet Funktionalit\u00e4t mit \u00c4sthetik. Die scharfe Spitze bietet eine hervorragende Durchschlagskraft und Schneidleistung.<br \/>\nLeistungsstarker Stahl: Hergestellt aus rostfreiem CPM-T440V-Stahl mit hohem Kohlenstoffgehalt, der auch nach langem Gebrauch stark und rasiermesserscharf bleibt.<br \/>\nKlassische Clip Point Form: Rasiermesserscharfe Spitze mit hervorragender Durchschlagskraft. Der gebogene R\u00fccken erm\u00f6glicht pr\u00e4zises Schneiden und erh\u00f6ht gleichzeitig die optische Attraktivit\u00e4t des Messers.<br \/>\nHartholz-Griff: Die gew\u00f6lbte Handfl\u00e4che bietet einen bequemen, rutschfesten Griff f\u00fcr eine sichere und stabile Handhabung.<br \/>\nFull-Tang Konstruktion: Die einteilige Full-Tang-Klinge, die durch den Griff verl\u00e4uft, sorgt f\u00fcr \u00fcberlegene St\u00e4rke und Haltbarkeit.<br \/>\nScheide aus echtem Leder: Hochwertige Lederscheide mit sicherem Schnappverschluss und G\u00fcrtelschlaufe zum einfachen Tragen und Schutz der Klinge.<br \/>\nVielseitig einsetzbar: Ideal f\u00fcr Jagd, Camping, \u00dcberlebenstraining und Sammeln - eine ausgezeichnete Wahl f\u00fcr Outdoor-Fans und J\u00e4ger.<\/p>","protected":false},"featured_media":302,"comment_status":"open","ping_status":"closed","template":"","meta":{"_acf_changed":false,"inline_featured_image":false,"slim_seo":{"description":"Das AC012 Medium-Large Clip Point Bowiemesser bietet eine hervorragende Durchschlagskraft und Schneidleistung. Ob bei der Jagd, beim Camping, beim \u00dcberlebenstraining oder bei Outdoor-Abenteuern, das AC012 ist ein zuverl\u00e4ssiger Begleiter. Entdecken Sie dieses hochwertige Outdoor-Messer, das St\u00e4rke und Handwerkskunst vereint","title":"AC012 Medium-Large Clip Point Bowie Knife - ACECOLL"}},"product_brand":[],"product_cat":[22,16,18],"product_tag":[],"class_list":{"0":"post-227","1":"product","2":"type-product","3":"status-publish","4":"has-post-thumbnail","6":"product_cat-bowie-knife","7":"product_cat-fixed-blade-knife","8":"product_cat-survival-knives","10":"first","11":"instock","12":"taxable","13":"shipping-taxable","14":"purchasable","15":"product-type-simple"},"acf":[],"_links":{"self":[{"href":"https:\/\/acecoll.com\/de\/wp-json\/wp\/v2\/product\/227","targetHints":{"allow":["GET"]}}],"collection":[{"href":"https:\/\/acecoll.com\/de\/wp-json\/wp\/v2\/product"}],"about":[{"href":"https:\/\/acecoll.com\/de\/wp-json\/wp\/v2\/types\/product"}],"replies":[{"embeddable":true,"href":"https:\/\/acecoll.com\/de\/wp-json\/wp\/v2\/comments?post=227"}],"version-history":[{"count":3,"href":"https:\/\/acecoll.com\/de\/wp-json\/wp\/v2\/product\/227\/revisions"}],"predecessor-version":[{"id":940,"href":"https:\/\/acecoll.com\/de\/wp-json\/wp\/v2\/product\/227\/revisions\/940"}],"wp:featuredmedia":[{"embeddable":true,"href":"https:\/\/acecoll.com\/de\/wp-json\/wp\/v2\/media\/302"}],"wp:attachment":[{"href":"https:\/\/acecoll.com\/de\/wp-json\/wp\/v2\/media?parent=227"}],"wp:term":[{"taxonomy":"product_brand","embeddable":true,"href":"https:\/\/acecoll.com\/de\/wp-json\/wp\/v2\/product_brand?post=227"},{"taxonomy":"product_cat","embeddable":true,"href":"https:\/\/acecoll.com\/de\/wp-json\/wp\/v2\/product_cat?post=227"},{"taxonomy":"product_tag","embeddable":true,"href":"https:\/\/acecoll.com\/de\/wp-json\/wp\/v2\/product_tag?post=227"}],"curies":[{"name":"wp","href":"https:\/\/api.w.org\/{rel}","templated":true}]}}