{"id":228,"date":"2025-10-28T07:38:41","date_gmt":"2025-10-28T07:38:41","guid":{"rendered":"https:\/\/acecoll.com\/?post_type=product&#038;p=228"},"modified":"2026-02-11T07:21:29","modified_gmt":"2026-02-11T07:21:29","slug":"af013-fantasy-kukri-style-taktisches-messer-aus-10-stahl-schwarzer-griff","status":"publish","type":"product","link":"https:\/\/acecoll.com\/de\/produkt\/af013-fantasy-kukri-style-taktisches-messer-aus-10-stahl-schwarzer-griff\/","title":{"rendered":"AC013 Kukri Tactical \u00dcberlebensmesser"},"content":{"rendered":"<p class=\"ng-star-inserted\"><span class=\"ng-star-inserted\">Bereiten Sie sich auf die Auswirkungen vor. Die\u00a0<\/span><strong class=\"ng-star-inserted\"><span class=\"ng-star-inserted\">Verw\u00fcstung<\/span><\/strong><span class=\"ng-star-inserted\">\u00a0is a fixed blade born from raw power and aggressive design, a true beast in both form and function. This is a knife that doesn&#8217;t just perform; it makes a statement.<\/span><\/p>\n<p class=\"ng-star-inserted\"><strong class=\"ng-star-inserted\"><span class=\"ng-star-inserted\">Die Klinge: Eine Symphonie der Macht<\/span><\/strong><br class=\"ng-star-inserted\" \/><span class=\"ng-star-inserted\">Das Herzst\u00fcck des Havoc ist eine massive 7,8-Zoll-Klinge, die aus einem Hochleistungsstahl geschmiedet wurde.\u00a0<\/span><strong class=\"ng-star-inserted\"><span class=\"ng-star-inserted\">Rostfreier Stahl AUS-10<\/span><\/strong><span class=\"ng-star-inserted\">. Diese Klinge ist bekannt f\u00fcr ihre hervorragende Z\u00e4higkeit, Schnitthaltigkeit und \u00fcberragende Korrosionsbest\u00e4ndigkeit. Sie ist auf 59-61 HRC geh\u00e4rtet und bietet zuverl\u00e4ssige Leistung. Das kraftvolle\u00a0<\/span><strong class=\"ng-star-inserted\"><span class=\"ng-star-inserted\">recurve &#8220;dog-leg&#8221; profile<\/span><\/strong><span class=\"ng-star-inserted\">\u00a0zeichnet sich durch tiefes, kraftvolles Hacken und Schneiden aus. Was es wirklich auszeichnet, ist die atemberaubende\u00a0<\/span><strong class=\"ng-star-inserted\"><span class=\"ng-star-inserted\">Brauchbare zweifarbige Oberfl\u00e4che<\/span><\/strong><span class=\"ng-star-inserted\">, combining a non-reflective blackwash on the flats with a satin-finished cutting edge, separated by a unique, aggressive &#8220;bat-wing&#8221; pattern.<\/span><\/p>\n<p class=\"ng-star-inserted\"><strong class=\"ng-star-inserted\"><span class=\"ng-star-inserted\">Der Griff: Ergonomisch und unverw\u00fcstlich<\/span><\/strong><br class=\"ng-star-inserted\" \/><span class=\"ng-star-inserted\">The full-tang handle is engineered for absolute control. It&#8217;s fitted with scales made from\u00a0<\/span><strong class=\"ng-star-inserted\"><span class=\"ng-star-inserted\">Hochdichtes, verst\u00e4rktes Glasfasernylon<\/span><\/strong><span class=\"ng-star-inserted\">\u2014an advanced composite material that is even more stable and durable than standard G10. It\u2019s impervious to temperature, moisture, and wear, and will not shrink or swell. The ergonomic design and deep texturing provide a secure, non-slip grip for any hard-use scenario comfortable and convenient carry, ensuring this powerful tool can be deployed in an instant.<\/span><\/p>\n<p class=\"ng-star-inserted\"><strong class=\"ng-star-inserted\"><span class=\"ng-star-inserted\">Ein Biest von einer Klinge<\/span><\/strong><br class=\"ng-star-inserted\" \/><span class=\"ng-star-inserted\">The Havoc is more than a knife; it&#8217;s a centerpiece. Its sheer power and unique design make it a standout choice for collectors, a formidable tool for clearing a campsite, and an impressive piece of gear for any outdoor adventure. It&#8217;s a stunning.<\/span><\/p>\n<p class=\"ng-star-inserted\"><strong class=\"ng-star-inserted\"><span class=\"ng-star-inserted\">Der Mantel: Modern und vielseitig<\/span><\/strong><br class=\"ng-star-inserted\" \/><span class=\"ng-star-inserted\">Ein Biest wie der Havoc braucht einen passenden K\u00e4fig. Er wird komplett mit einem leichten und robusten\u00a0<\/span><strong class=\"ng-star-inserted\"><span class=\"ng-star-inserted\">Kydex Scheide<\/span><\/strong><span class=\"ng-star-inserted\">, custom-molded for a perfect, rattle-free fit. The sheath is paired with a heavy-duty, reinforced nylon belt loop, allowing for secure and comfortable carry, ready for rapid deployment at a moment&#8217;s notice.<\/span><\/p>\n<p class=\"ng-star-inserted\"><strong class=\"ng-star-inserted\"><span class=\"ng-star-inserted\">Das ultimative Statement-St\u00fcck<\/span><\/strong><br class=\"ng-star-inserted\" \/><span class=\"ng-star-inserted\">Kreiert von Ashenforge f\u00fcr das anspruchsvolle und unvergessliche Geschenk f\u00fcr den Mann, der k\u00fchnes Design und kompromisslose St\u00e4rke zu sch\u00e4tzen wei\u00df.<\/span><\/p>","protected":false},"excerpt":{"rendered":"<p>Klinge aus hochwertigem AUS-10 Stahl: Gefertigt aus rostfreiem Hochleistungsstahl AUS-10 mit einer H\u00e4rte von 59-61HRC. Rasiermesserscharf, z\u00e4h und korrosionsbest\u00e4ndig f\u00fcr lange Haltbarkeit.<br \/>\nFull-Tang Konstruktion: Bietet \u00fcberlegene St\u00e4rke und Stabilit\u00e4t f\u00fcr den anspruchsvollen Einsatz im Freien.<br \/>\nAuff\u00e4llige Klingenoberfl\u00e4che: Die unverwechselbare Oberfl\u00e4che der Klinge mit dem Fledermausmuster verbessert sowohl den taktischen Reiz als auch die optische Wirkung.<br \/>\nErgonomischer Handgriff: Hergestellt aus einem neuen rutschfesten, verschlei\u00dffesten Material. Bietet einen sicheren und komfortablen Griff mit hervorragender Ergonomie f\u00fcr den l\u00e4ngeren Gebrauch.<br \/>\nStrapazierf\u00e4hige Kydexscheide: Kommt mit einer verst\u00e4rkten G\u00fcrtelschlaufe aus Oxford-Gewebe. Sicher, leicht und einfach zu tragen oder bei Outdoor-Aktivit\u00e4ten zu befestigen.<br \/>\nVielseitiges taktisches Werkzeug: Ideal f\u00fcr Camping, Jagd, \u00dcberleben, Angeln und Abenteuer. Seine einzigartige Form macht ihn auch zu einem wertvollen Sammlerst\u00fcck.<\/p>","protected":false},"featured_media":309,"comment_status":"open","ping_status":"closed","template":"","meta":{"_acf_changed":false,"inline_featured_image":false,"slim_seo":{"description":"Das AC013 Kukri Tactical Survival Knife zeichnet sich durch pr\u00e4zisionsgeschmiedete Handwerkskunst und eine Klinge mit Fledermausmuster aus, die St\u00e4rke und Stil kombiniert. Ideal f\u00fcr Camping, Jagd, \u00dcberleben und Abenteuer. Klicken Sie, um mehr zu erfahren!","title":"AC013 Kukri Tactical Survival Knife - ACECOLL"}},"product_brand":[],"product_cat":[16,26,19],"product_tag":[],"class_list":{"0":"post-228","1":"product","2":"type-product","3":"status-publish","4":"has-post-thumbnail","6":"product_cat-fixed-blade-knife","7":"product_cat-kukri-style-knives","8":"product_cat-tactical-knives","10":"first","11":"instock","12":"taxable","13":"shipping-taxable","14":"purchasable","15":"product-type-simple"},"acf":[],"_links":{"self":[{"href":"https:\/\/acecoll.com\/de\/wp-json\/wp\/v2\/product\/228","targetHints":{"allow":["GET"]}}],"collection":[{"href":"https:\/\/acecoll.com\/de\/wp-json\/wp\/v2\/product"}],"about":[{"href":"https:\/\/acecoll.com\/de\/wp-json\/wp\/v2\/types\/product"}],"replies":[{"embeddable":true,"href":"https:\/\/acecoll.com\/de\/wp-json\/wp\/v2\/comments?post=228"}],"version-history":[{"count":5,"href":"https:\/\/acecoll.com\/de\/wp-json\/wp\/v2\/product\/228\/revisions"}],"predecessor-version":[{"id":1427,"href":"https:\/\/acecoll.com\/de\/wp-json\/wp\/v2\/product\/228\/revisions\/1427"}],"wp:featuredmedia":[{"embeddable":true,"href":"https:\/\/acecoll.com\/de\/wp-json\/wp\/v2\/media\/309"}],"wp:attachment":[{"href":"https:\/\/acecoll.com\/de\/wp-json\/wp\/v2\/media?parent=228"}],"wp:term":[{"taxonomy":"product_brand","embeddable":true,"href":"https:\/\/acecoll.com\/de\/wp-json\/wp\/v2\/product_brand?post=228"},{"taxonomy":"product_cat","embeddable":true,"href":"https:\/\/acecoll.com\/de\/wp-json\/wp\/v2\/product_cat?post=228"},{"taxonomy":"product_tag","embeddable":true,"href":"https:\/\/acecoll.com\/de\/wp-json\/wp\/v2\/product_tag?post=228"}],"curies":[{"name":"wp","href":"https:\/\/api.w.org\/{rel}","templated":true}]}}