{"id":229,"date":"2025-10-28T07:38:41","date_gmt":"2025-10-28T07:38:41","guid":{"rendered":"https:\/\/acecoll.com\/?post_type=product&#038;p=229"},"modified":"2026-02-11T07:22:10","modified_gmt":"2026-02-11T07:22:10","slug":"af014-kukri-messer-braun-holz-dc53-stahl","status":"publish","type":"product","link":"https:\/\/acecoll.com\/de\/produkt\/af014-kukri-messer-braun-holz-dc53-stahl\/","title":{"rendered":"AC014 Mittleres Kukri \u00dcberlebensmesser"},"content":{"rendered":"<p>The AC014 Medium Kukri Survival Knife is a high-end outdoor blade that combines traditional craftsmanship with modern precision. Its design is inspired by the classic Nepali Kukri, featuring a forward-curved blade that delivers greater leverage and cutting efficiency with every swing.<\/p>\n<p>Die Klinge ist aus dem Hochleistungswerkzeugstahl DC53 mit hohem Kohlenstoffgehalt geschmiedet, der mit Hilfe fortschrittlicher Schmiedetechniken hergestellt wird. Er erreicht eine H\u00e4rte von 60+ HRC und garantiert eine lang anhaltende Sch\u00e4rfe sowie eine hervorragende Z\u00e4higkeit und Verschlei\u00dffestigkeit.<\/p>\n<p>Die Klinge ist mit einer Full-Tang-Struktur versehen, die durch den gesamten Griff verl\u00e4uft und f\u00fcr maximale St\u00e4rke und Stabilit\u00e4t sorgt.<\/p>\n<p>Der Hartholzgriff hat eine ergonomische Kontur, die einen bequemen, rutschfesten Griff bietet und auch bei l\u00e4ngerem Gebrauch eine sichere Kontrolle erm\u00f6glicht.<\/p>\n<p>Das Messer wird mit einer dunkelbraunen Echtlederscheide geliefert, die mit einem Sicherheitsriemen und einer G\u00fcrtelschlaufe zum bequemen Tragen und Aufbewahren ausgestattet ist.<\/p>\n<p>Whether for camping, hunting, bushcraft, or survival missions, the AC014 stands as a reliable companion\u2014embodying a perfect balance of power and craftsmanship.<\/p>","protected":false},"excerpt":{"rendered":"<p>Kukri Klingen Design: Das klassische, gebogene Kukri-Profil sorgt f\u00fcr kraftvolles Hacken mit weniger Kraftaufwand.<br \/>\nLeistungsstarker Stahl: Gefertigt aus DC53 Werkzeugstahl mit hohem Kohlenstoffgehalt und fortschrittlicher W\u00e4rmebehandlungstechnologie, die 60+ HRC f\u00fcr au\u00dfergew\u00f6hnliche Sch\u00e4rfe und St\u00e4rke erreicht.<br \/>\nStabil und verl\u00e4sslich: Die Full-Tang-Konstruktion zieht sich durch den gesamten Griff und sorgt f\u00fcr \u00fcberragende Stabilit\u00e4t und Haltbarkeit.<br \/>\nBequemer, rutschfester Griff: Der ergonomisch geschwungene Griff aus hochwertigem Hartholz liegt sicher und bequem in der Hand und bietet auch bei l\u00e4ngerem Gebrauch hervorragende Kontrolle.<br \/>\nSicher und tragbar: Wird mit einer Echtlederscheide mit Sicherheitsriemen und G\u00fcrtelschlaufe f\u00fcr einfaches Tragen und schnellen Zugriff im Einsatz geliefert.<br \/>\nVielseitiger Outdoor-Einsatz: Ideal f\u00fcr Camping, Jagd, \u00dcberleben und Bushcraft-Abenteuer - ein Allround-Werkzeug f\u00fcr anspruchsvolle Outdoor-Aufgaben.<\/p>","protected":false},"featured_media":1391,"comment_status":"open","ping_status":"closed","template":"","meta":{"_acf_changed":false,"inline_featured_image":false,"slim_seo":{"description":"Das AC014 Medium Kukri Survivalmesser kombiniert traditionelle Handwerkskunst mit moderner Pr\u00e4zision. Perfekt f\u00fcr Camping, Jagd, Bushcraft und das \u00dcberleben im Freien. Entdecken Sie weitere Premium-Outdoor-Messer - jetzt im Trend, klicken Sie, um mehr zu erfahren!","title":"AC014 Medium Kukri Survival Knife - ACECOLL"}},"product_brand":[],"product_cat":[16,26],"product_tag":[],"class_list":{"0":"post-229","1":"product","2":"type-product","3":"status-publish","4":"has-post-thumbnail","6":"product_cat-fixed-blade-knife","7":"product_cat-kukri-style-knives","9":"first","10":"instock","11":"taxable","12":"shipping-taxable","13":"purchasable","14":"product-type-simple"},"acf":[],"_links":{"self":[{"href":"https:\/\/acecoll.com\/de\/wp-json\/wp\/v2\/product\/229","targetHints":{"allow":["GET"]}}],"collection":[{"href":"https:\/\/acecoll.com\/de\/wp-json\/wp\/v2\/product"}],"about":[{"href":"https:\/\/acecoll.com\/de\/wp-json\/wp\/v2\/types\/product"}],"replies":[{"embeddable":true,"href":"https:\/\/acecoll.com\/de\/wp-json\/wp\/v2\/comments?post=229"}],"version-history":[{"count":5,"href":"https:\/\/acecoll.com\/de\/wp-json\/wp\/v2\/product\/229\/revisions"}],"predecessor-version":[{"id":1393,"href":"https:\/\/acecoll.com\/de\/wp-json\/wp\/v2\/product\/229\/revisions\/1393"}],"wp:featuredmedia":[{"embeddable":true,"href":"https:\/\/acecoll.com\/de\/wp-json\/wp\/v2\/media\/1391"}],"wp:attachment":[{"href":"https:\/\/acecoll.com\/de\/wp-json\/wp\/v2\/media?parent=229"}],"wp:term":[{"taxonomy":"product_brand","embeddable":true,"href":"https:\/\/acecoll.com\/de\/wp-json\/wp\/v2\/product_brand?post=229"},{"taxonomy":"product_cat","embeddable":true,"href":"https:\/\/acecoll.com\/de\/wp-json\/wp\/v2\/product_cat?post=229"},{"taxonomy":"product_tag","embeddable":true,"href":"https:\/\/acecoll.com\/de\/wp-json\/wp\/v2\/product_tag?post=229"}],"curies":[{"name":"wp","href":"https:\/\/api.w.org\/{rel}","templated":true}]}}