{"id":231,"date":"2025-10-28T07:38:41","date_gmt":"2025-10-28T07:38:41","guid":{"rendered":"https:\/\/acecoll.com\/?post_type=product&#038;p=231"},"modified":"2025-11-03T14:34:32","modified_gmt":"2025-11-03T14:34:32","slug":"af016-taktisches-messer-mit-fester-klinge-aus-d2-stahl","status":"publish","type":"product","link":"https:\/\/acecoll.com\/de\/produkt\/af016-taktisches-messer-mit-fester-klinge-aus-d2-stahl\/","title":{"rendered":"AC016 Medium Clip Point Tactical \u00dcberlebensmesser"},"content":{"rendered":"<p>AC016 Medium Clip Point Tactical Survival Knife is a versatile outdoor tactical blade.<\/p>\n<p>The blade is forged from high-performance D2 tool steel with a hardness of 59\u201361 HRC, offering long-lasting sharpness and durability.<\/p>\n<p>Die Full-Tang-Konstruktion erstreckt sich \u00fcber den gesamten Griff und sorgt f\u00fcr Stabilit\u00e4t und Zuverl\u00e4ssigkeit bei starker Beanspruchung.<\/p>\n<p>Der Griff besteht aus hochfestem, glasfaserverst\u00e4rktem Nylon (GFN) und bietet einen bequemen, rutschfesten und sicheren Halt f\u00fcr eine hervorragende Kontrolle zu jeder Zeit.<\/p>\n<p>Es wird mit einer strapazierf\u00e4higen und leichten Kydexscheide geliefert, die \u00fcber ein sicheres Verschlusssystem und einen verstellbaren G\u00fcrtelclip f\u00fcr bequemes Tragen und schnellen Einsatz verf\u00fcgt.<\/p>\n<p>Ob beim Campen, Jagen, Fischen, Wandern, bei der Erkundung der Natur oder beim t\u00e4glichen Gebrauch als EDC, das AC016 bietet zuverl\u00e4ssige Leistung und ein au\u00dfergew\u00f6hnliches Benutzererlebnis.<\/p>\n<p>A professional-grade survival knife designed for true outdoor adventurers and tactical enthusiasts.<\/p>","protected":false},"excerpt":{"rendered":"<p data-start=\"1512\" data-end=\"1612\">Klinge aus hochwertigem D2-Stahl: Gefertigt aus Hochleistungs-D2-Werkzeugstahl mit einer H\u00e4rte von 59-61 HRC, der f\u00fcr au\u00dfergew\u00f6hnliche Sch\u00e4rfe und lang anhaltende Schnitthaltigkeit sorgt.<br \/>\nZuverl\u00e4ssige St\u00e4rke: Die Full-Tang-Konstruktion, bei der die Klinge durch den Griff verl\u00e4uft, sorgt f\u00fcr \u00fcberragende Steifigkeit und Haltbarkeit im harten Au\u00dfeneinsatz.<br \/>\nErgonomischer Griff: Aus hochfestem, glasfaserverst\u00e4rktem Nylon mit Fingerrillen f\u00fcr einen sicheren, bequemen und rutschfesten Griff, der eine sichere Handhabung erm\u00f6glicht.<br \/>\nStrapazierf\u00e4hige und leichte Kydexscheide: Verf\u00fcgt \u00fcber ein sicheres Verschlusssystem und einen verstellbaren G\u00fcrtelclip f\u00fcr einfaches Tragen und schnellen Einsatz.<br \/>\nVielseitig einsetzbar: Ideal f\u00fcr Camping, Jagd, Angeln, Wandern, \u00dcberleben im Freien und EDC.<\/p>","protected":false},"featured_media":966,"comment_status":"open","ping_status":"closed","template":"","meta":{"_acf_changed":false,"inline_featured_image":false,"slim_seo":{"description":"Das AC016 ist scharf, langlebig und vielseitig. Perfekt f\u00fcr Camping, Jagd, Angeln, EDC und \u00dcberleben im Freien. Ein zuverl\u00e4ssiger Begleiter f\u00fcr jedes Abenteuer. Jetzt im Trend - klicken Sie, um mehr zu erfahren","title":"AC016 Medium Clip Point Tactical Survival Knife - ACECOLL"}},"product_brand":[],"product_cat":[16,18,19],"product_tag":[],"class_list":{"0":"post-231","1":"product","2":"type-product","3":"status-publish","4":"has-post-thumbnail","6":"product_cat-fixed-blade-knife","7":"product_cat-survival-knives","8":"product_cat-tactical-knives","10":"first","11":"instock","12":"taxable","13":"shipping-taxable","14":"purchasable","15":"product-type-simple"},"acf":[],"_links":{"self":[{"href":"https:\/\/acecoll.com\/de\/wp-json\/wp\/v2\/product\/231","targetHints":{"allow":["GET"]}}],"collection":[{"href":"https:\/\/acecoll.com\/de\/wp-json\/wp\/v2\/product"}],"about":[{"href":"https:\/\/acecoll.com\/de\/wp-json\/wp\/v2\/types\/product"}],"replies":[{"embeddable":true,"href":"https:\/\/acecoll.com\/de\/wp-json\/wp\/v2\/comments?post=231"}],"version-history":[{"count":3,"href":"https:\/\/acecoll.com\/de\/wp-json\/wp\/v2\/product\/231\/revisions"}],"predecessor-version":[{"id":974,"href":"https:\/\/acecoll.com\/de\/wp-json\/wp\/v2\/product\/231\/revisions\/974"}],"wp:featuredmedia":[{"embeddable":true,"href":"https:\/\/acecoll.com\/de\/wp-json\/wp\/v2\/media\/966"}],"wp:attachment":[{"href":"https:\/\/acecoll.com\/de\/wp-json\/wp\/v2\/media?parent=231"}],"wp:term":[{"taxonomy":"product_brand","embeddable":true,"href":"https:\/\/acecoll.com\/de\/wp-json\/wp\/v2\/product_brand?post=231"},{"taxonomy":"product_cat","embeddable":true,"href":"https:\/\/acecoll.com\/de\/wp-json\/wp\/v2\/product_cat?post=231"},{"taxonomy":"product_tag","embeddable":true,"href":"https:\/\/acecoll.com\/de\/wp-json\/wp\/v2\/product_tag?post=231"}],"curies":[{"name":"wp","href":"https:\/\/api.w.org\/{rel}","templated":true}]}}