{"id":232,"date":"2025-10-28T07:38:41","date_gmt":"2025-10-28T07:38:41","guid":{"rendered":"https:\/\/acecoll.com\/?post_type=product&#038;p=232"},"modified":"2026-02-11T07:22:54","modified_gmt":"2026-02-11T07:22:54","slug":"af019-mittelgroses-bowiemesser-mit-vollem-erl-d2-stahl","status":"publish","type":"product","link":"https:\/\/acecoll.com\/de\/produkt\/af019-mittelgroses-bowiemesser-mit-vollem-erl-d2-stahl\/","title":{"rendered":"AC019 Arkansas Zahnstocher-Stil Messer"},"content":{"rendered":"<p>Das AC019 Arkansas Toothpick-Style Messer ist ein feines Bowie-Messer, das sowohl funktionelle Leistung als auch Sammlerwert bietet.<\/p>\n<p>Die Klinge besteht aus D2-Hochleistungsstahl, der von Hand geschmiedet wurde und eine H\u00e4rte von 61\u00b1HRC aufweist. Sie ist scharf, verschlei\u00dffest und \u00e4u\u00dferst korrosionsbest\u00e4ndig.<\/p>\n<p>Dank der Full-Tang-Konstruktion bleibt das Messer auch bei starker Beanspruchung stabil und zuverl\u00e4ssig.<\/p>\n<p>Das l\u00e4ngliche Profil in Kombination mit einem dicken R\u00fccken sorgt f\u00fcr eine hervorragende Durchschlagskraft, w\u00e4hrend es die klassische Bowie-\u00c4sthetik von St\u00e4rke und Ausgewogenheit zeigt.<\/p>\n<p>Der Griff aus Massivholz liegt gut in der Hand, und der Stahlknauf verbessert sowohl die Balance als auch die Haltbarkeit.<\/p>\n<p>Die Scheide aus echtem Leder ist fein gearbeitet, um das Messer zu sch\u00fctzen und bequem am G\u00fcrtel oder in einem Rucksack zu tragen.<\/p>\n<p>Ob bei der Jagd, beim Camping, beim \u00dcberleben im Dschungel, bei Outdoor-Abenteuern oder als Sammlerst\u00fcck - die AC019 erf\u00fcllt ihre Aufgabe mit Zuverl\u00e4ssigkeit.<\/p>\n<p>&nbsp;<\/p>","protected":false},"excerpt":{"rendered":"<p><strong>Klassisches Bowie-Design:<\/strong> Die l\u00e4ngliche Klinge mit schwert\u00e4hnlichen Linien bietet sowohl eine starke Durchschlagskraft als auch eine elegante \u00c4sthetik, die eine perfekte Balance aus St\u00e4rke und Handwerkskunst darstellt.<br \/>\n<strong>Klinge aus D2-Hochleistungsstahl:<\/strong> Mit einem H\u00e4rtegrad von 61\u00b1HRC bietet es dauerhafte Sch\u00e4rfe, hervorragende Verschlei\u00dffestigkeit und \u00fcberlegene Korrosionsbest\u00e4ndigkeit, ideal f\u00fcr anspruchsvolle Aufgaben im Freien.<br \/>\n<strong>Full-Tang Konstruktion:<\/strong> Die Klinge ist aus einem St\u00fcck geschmiedet f\u00fcr maximale St\u00e4rke und Stabilit\u00e4t und gew\u00e4hrleistet Sicherheit und Zuverl\u00e4ssigkeit beim Hacken und Sto\u00dfen<br \/>\n<strong>Vielseitiger Einsatz im Freien:<\/strong> Perfekt f\u00fcr die Jagd, das Camping, das \u00dcberleben im Dschungel und Outdoor-Abenteuer; kombiniert praktische Leistung mit Sammlerwert.<\/p>","protected":false},"featured_media":332,"comment_status":"open","ping_status":"closed","template":"","meta":{"_acf_changed":false,"inline_featured_image":false,"slim_seo":{"title":"Gro\u00dfes Bowie-Messer f\u00fcr Outdoor-Abenteuer &amp; Sammlung - ACECOLL","description":"AC019 Gro\u00dfes Bowiemesser, ideal f\u00fcr Jagd, Camping, Dschungel\u00fcberleben und Outdoor-Abenteuer. Ein erstklassiges Bowie-Messer, das sowohl praktische Leistung als auch Sammlerwert bietet - jetzt hei\u00df begehrt, klicken Sie, um mehr zu erfahren!"}},"product_brand":[],"product_cat":[22,16,23,18],"product_tag":[],"class_list":{"0":"post-232","1":"product","2":"type-product","3":"status-publish","4":"has-post-thumbnail","6":"product_cat-bowie-knife","7":"product_cat-fixed-blade-knife","8":"product_cat-hunting-knives","9":"product_cat-survival-knives","11":"first","12":"instock","13":"taxable","14":"shipping-taxable","15":"purchasable","16":"product-type-simple"},"acf":[],"_links":{"self":[{"href":"https:\/\/acecoll.com\/de\/wp-json\/wp\/v2\/product\/232","targetHints":{"allow":["GET"]}}],"collection":[{"href":"https:\/\/acecoll.com\/de\/wp-json\/wp\/v2\/product"}],"about":[{"href":"https:\/\/acecoll.com\/de\/wp-json\/wp\/v2\/types\/product"}],"replies":[{"embeddable":true,"href":"https:\/\/acecoll.com\/de\/wp-json\/wp\/v2\/comments?post=232"}],"version-history":[{"count":5,"href":"https:\/\/acecoll.com\/de\/wp-json\/wp\/v2\/product\/232\/revisions"}],"predecessor-version":[{"id":1971,"href":"https:\/\/acecoll.com\/de\/wp-json\/wp\/v2\/product\/232\/revisions\/1971"}],"wp:featuredmedia":[{"embeddable":true,"href":"https:\/\/acecoll.com\/de\/wp-json\/wp\/v2\/media\/332"}],"wp:attachment":[{"href":"https:\/\/acecoll.com\/de\/wp-json\/wp\/v2\/media?parent=232"}],"wp:term":[{"taxonomy":"product_brand","embeddable":true,"href":"https:\/\/acecoll.com\/de\/wp-json\/wp\/v2\/product_brand?post=232"},{"taxonomy":"product_cat","embeddable":true,"href":"https:\/\/acecoll.com\/de\/wp-json\/wp\/v2\/product_cat?post=232"},{"taxonomy":"product_tag","embeddable":true,"href":"https:\/\/acecoll.com\/de\/wp-json\/wp\/v2\/product_tag?post=232"}],"curies":[{"name":"wp","href":"https:\/\/api.w.org\/{rel}","templated":true}]}}