{"id":234,"date":"2025-10-28T07:38:41","date_gmt":"2025-10-28T07:38:41","guid":{"rendered":"https:\/\/acecoll.com\/?post_type=product&#038;p=234"},"modified":"2026-02-11T07:23:28","modified_gmt":"2026-02-11T07:23:28","slug":"af022-damaststahl-outdoor-messer-ebenholz-griff","status":"publish","type":"product","link":"https:\/\/acecoll.com\/de\/produkt\/af022-damaststahl-outdoor-messer-ebenholz-griff\/","title":{"rendered":"AC022 Damaszener Tanto-Messer"},"content":{"rendered":"<p>Das AC022 Tanto Damastmesser ist ein hochwertiges handgefertigtes Messer, das Kunstfertigkeit und Leistung vereint.<br \/>\nDie Klinge besteht aus hochwertigem Damaszenerstahl, der geschmiedet und durch mehrere Schichten w\u00e4rmebehandelt wurde, um ein einzigartiges 3D-Wellenmuster zu erzeugen. Sie ist scharf, verschlei\u00dffest und bietet au\u00dfergew\u00f6hnliche Z\u00e4higkeit und Stabilit\u00e4t.<br \/>\nDas Messer verf\u00fcgt \u00fcber eine Full-Tang-Konstruktion, bei der die Klinge durch den Griff verl\u00e4uft, um St\u00e4rke und Zuverl\u00e4ssigkeit bei starker Beanspruchung zu gew\u00e4hrleisten.<br \/>\nDer Griff ist aus dunklem Ebenholz gefertigt und bietet einen bequemen Griff, der sowohl elegant als auch praktisch ist.<br \/>\nEs wird mit einer exquisiten Lederscheide f\u00fcr bequemen Transport und effektiven Schutz geliefert.<br \/>\nOb beim Camping, bei der Jagd, bei Outdoor-Abenteuern oder als Ausstellungsst\u00fcck f\u00fcr Sammler, das AC022 besticht durch seine hervorragende Handwerkskunst und seine kraftvolle \u00c4sthetik, die es zu einem wirklich zuverl\u00e4ssigen Damastmesser machen.<\/p>","protected":false},"excerpt":{"rendered":"<p data-start=\"830\" data-end=\"928\">Klinge aus hochwertigem Damaszenerstahl - Gefertigt aus hochwertigem Damaszenerstahl, geschmiedet und in mehreren Schichten abgeschreckt, um ein einzigartiges 3D-Wellenmuster zu erzeugen. Kombiniert sowohl Funktionalit\u00e4t als auch Sammlerwert.<br \/>\nFull-Tang-Konstruktion - Die Klinge verl\u00e4uft durch den Griff und sorgt f\u00fcr au\u00dfergew\u00f6hnliche St\u00e4rke, Balance und Zuverl\u00e4ssigkeit.<br \/>\nGriff aus Ebenholz, komfortabel und rutschfest - Der Griff aus ausgew\u00e4hltem Ebenholz bietet einen weichen, ergonomischen Griff, der sowohl elegant als auch praktisch ist.<br \/>\nExquisite Echtlederscheide - Handgen\u00e4hte Lederscheide mit einer dicken Textur, die das Messer sch\u00fctzt und ihm gleichzeitig einen Hauch von Vintage verleiht.<br \/>\nHandgeschmiedete Handwerkskunst mit hohem Sammlerwert - Jedes Messer wird einzeln von erfahrenen Handwerkern handgeschmiedet, was einen langen Produktionszyklus und komplexe Techniken erfordert und es zu einem echten Sammlerst\u00fcck macht.<\/p>","protected":false},"featured_media":1025,"comment_status":"open","ping_status":"closed","template":"","meta":{"_acf_changed":false,"inline_featured_image":false,"slim_seo":{"description":"Das AC022 Tanto Damastmesser, ob f\u00fcr das \u00dcberleben im Freien, beim Camping, auf der Jagd oder als Sammlerst\u00fcck, zeigt au\u00dfergew\u00f6hnliche Handwerkskunst und St\u00e4rke. Jetzt im Trend - klicken Sie, um mehr zu erfahren!","title":"AC022 Damascus Tanto Knife - ACECOLL"}},"product_brand":[],"product_cat":[23,18,21],"product_tag":[],"class_list":{"0":"post-234","1":"product","2":"type-product","3":"status-publish","4":"has-post-thumbnail","6":"product_cat-hunting-knives","7":"product_cat-survival-knives","8":"product_cat-tanto-knives","10":"first","11":"instock","12":"taxable","13":"shipping-taxable","14":"purchasable","15":"product-type-simple"},"acf":[],"_links":{"self":[{"href":"https:\/\/acecoll.com\/de\/wp-json\/wp\/v2\/product\/234","targetHints":{"allow":["GET"]}}],"collection":[{"href":"https:\/\/acecoll.com\/de\/wp-json\/wp\/v2\/product"}],"about":[{"href":"https:\/\/acecoll.com\/de\/wp-json\/wp\/v2\/types\/product"}],"replies":[{"embeddable":true,"href":"https:\/\/acecoll.com\/de\/wp-json\/wp\/v2\/comments?post=234"}],"version-history":[{"count":6,"href":"https:\/\/acecoll.com\/de\/wp-json\/wp\/v2\/product\/234\/revisions"}],"predecessor-version":[{"id":1705,"href":"https:\/\/acecoll.com\/de\/wp-json\/wp\/v2\/product\/234\/revisions\/1705"}],"wp:featuredmedia":[{"embeddable":true,"href":"https:\/\/acecoll.com\/de\/wp-json\/wp\/v2\/media\/1025"}],"wp:attachment":[{"href":"https:\/\/acecoll.com\/de\/wp-json\/wp\/v2\/media?parent=234"}],"wp:term":[{"taxonomy":"product_brand","embeddable":true,"href":"https:\/\/acecoll.com\/de\/wp-json\/wp\/v2\/product_brand?post=234"},{"taxonomy":"product_cat","embeddable":true,"href":"https:\/\/acecoll.com\/de\/wp-json\/wp\/v2\/product_cat?post=234"},{"taxonomy":"product_tag","embeddable":true,"href":"https:\/\/acecoll.com\/de\/wp-json\/wp\/v2\/product_tag?post=234"}],"curies":[{"name":"wp","href":"https:\/\/api.w.org\/{rel}","templated":true}]}}