{"id":236,"date":"2025-10-28T07:38:41","date_gmt":"2025-10-28T07:38:41","guid":{"rendered":"https:\/\/acecoll.com\/?post_type=product&#038;p=236"},"modified":"2026-03-26T07:36:17","modified_gmt":"2026-03-26T07:36:17","slug":"af024-taktische-feststehende-klinge-messer-san-mai-stahl-g10-griff-voll-tang","status":"publish","type":"product","link":"https:\/\/acecoll.com\/de\/produkt\/af024-taktische-feststehende-klinge-messer-san-mai-stahl-g10-griff-voll-tang\/","title":{"rendered":"AC024 San mai Tactical \u00dcberlebensmesser"},"content":{"rendered":"<p>Das AC024 San Mai Tactical Survival Knife ist ein hochwertiges Outdoor-Messer, das fortschrittliche Schmiedekunst mit praktischer Leistung kombiniert.<br \/>\nDie Klinge verwendet die hochwertige San Mai Schmiedetechnologie, bei der drei verschiedene St\u00e4hle perfekt kombiniert werden, um eine hervorragende Sch\u00e4rfe, Z\u00e4higkeit und Korrosionsbest\u00e4ndigkeit zu erreichen.<br \/>\nDas Messer verf\u00fcgt \u00fcber eine Full-Tang-Konstruktion, die Stabilit\u00e4t und Zuverl\u00e4ssigkeit bei starker Beanspruchung gew\u00e4hrleistet.<br \/>\nDer ergonomische, rutschfeste Griff liegt gut in der Hand und sorgt daf\u00fcr, dass Sie auch in nassen oder rauen Umgebungen die Kontrolle behalten.<br \/>\nEs wird mit einer strapazierf\u00e4higen und leichten Kydexscheide f\u00fcr einfaches Tragen und schnelles Ziehen geliefert und eignet sich f\u00fcr Outdoor-, Survival- und taktische Anwendungen.<br \/>\nJede AC024 wird nach hohen Standards mit aufwendiger Handwerkskunst und hohen Produktionskosten geschmiedet und bietet sowohl praktische Leistung als auch Sammlerwert.<\/p>","protected":false},"excerpt":{"rendered":"<p>Erstklassige San Mai Handwerkskunst: Geschmiedet mit der fortschrittlichen San Mai Technik, die drei verschiedene St\u00e4hle f\u00fcr Sch\u00e4rfe, Z\u00e4higkeit und hervorragende Korrosionsbest\u00e4ndigkeit kombiniert.<br \/>\nFull-Tang Konstruktion: Die Klinge verl\u00e4uft durch den gesamten Griff und sorgt f\u00fcr St\u00e4rke und Zuverl\u00e4ssigkeit bei starker Beanspruchung.<br \/>\nErgonomischer Anti-Rutsch-Griff: Aus verschlei\u00dffestem Material f\u00fcr einen bequemen und sicheren Griff, der auch bei N\u00e4sse eine pr\u00e4zise Kontrolle erm\u00f6glicht.<br \/>\nKydex Scheide: Leicht und haltbar, unterst\u00fctzt schnelles Ziehen und sicheres Tragen, geeignet f\u00fcr Outdoor, Survival und taktischen Einsatz.<br \/>\nQualit\u00e4t in Sammlerqualit\u00e4t: San-Mai-Stahl erfordert hochkomplexe und kostspielige Handwerkskunst und bietet hervorragende Qualit\u00e4t und Sammlerwert.<\/p>","protected":false},"featured_media":357,"comment_status":"open","ping_status":"closed","template":"","meta":{"_acf_changed":false,"inline_featured_image":false,"slim_seo":{"description":"Das AC024 San Mai Tactical Survival Knife vereint Sch\u00e4rfe, Z\u00e4higkeit und hervorragende Korrosionsbest\u00e4ndigkeit. Hergestellt mit erstklassiger San Mai Handwerkskunst und Qualit\u00e4t in Sammlerqualit\u00e4t","title":"AC024 San mai Tactical Survival Knife - ACECOLL"}},"product_brand":[],"product_cat":[16,18,19],"product_tag":[],"class_list":{"0":"post-236","1":"product","2":"type-product","3":"status-publish","4":"has-post-thumbnail","6":"product_cat-fixed-blade-knife","7":"product_cat-survival-knives","8":"product_cat-tactical-knives","10":"first","11":"instock","12":"taxable","13":"shipping-taxable","14":"purchasable","15":"product-type-simple"},"acf":[],"_links":{"self":[{"href":"https:\/\/acecoll.com\/de\/wp-json\/wp\/v2\/product\/236","targetHints":{"allow":["GET"]}}],"collection":[{"href":"https:\/\/acecoll.com\/de\/wp-json\/wp\/v2\/product"}],"about":[{"href":"https:\/\/acecoll.com\/de\/wp-json\/wp\/v2\/types\/product"}],"replies":[{"embeddable":true,"href":"https:\/\/acecoll.com\/de\/wp-json\/wp\/v2\/comments?post=236"}],"version-history":[{"count":5,"href":"https:\/\/acecoll.com\/de\/wp-json\/wp\/v2\/product\/236\/revisions"}],"predecessor-version":[{"id":1975,"href":"https:\/\/acecoll.com\/de\/wp-json\/wp\/v2\/product\/236\/revisions\/1975"}],"wp:featuredmedia":[{"embeddable":true,"href":"https:\/\/acecoll.com\/de\/wp-json\/wp\/v2\/media\/357"}],"wp:attachment":[{"href":"https:\/\/acecoll.com\/de\/wp-json\/wp\/v2\/media?parent=236"}],"wp:term":[{"taxonomy":"product_brand","embeddable":true,"href":"https:\/\/acecoll.com\/de\/wp-json\/wp\/v2\/product_brand?post=236"},{"taxonomy":"product_cat","embeddable":true,"href":"https:\/\/acecoll.com\/de\/wp-json\/wp\/v2\/product_cat?post=236"},{"taxonomy":"product_tag","embeddable":true,"href":"https:\/\/acecoll.com\/de\/wp-json\/wp\/v2\/product_tag?post=236"}],"curies":[{"name":"wp","href":"https:\/\/api.w.org\/{rel}","templated":true}]}}