{"id":239,"date":"2025-10-28T07:38:42","date_gmt":"2025-10-28T07:38:42","guid":{"rendered":"https:\/\/acecoll.com\/?post_type=product&#038;p=239"},"modified":"2026-02-11T07:22:37","modified_gmt":"2026-02-11T07:22:37","slug":"af017-taktischer-dolch-mit-fuller-klinge-aus-10-stahl-fur-outdoor","status":"publish","type":"product","link":"https:\/\/acecoll.com\/de\/produkt\/af017-taktischer-dolch-mit-fuller-klinge-aus-10-stahl-fur-outdoor\/","title":{"rendered":"AC017 Mittlerer taktischer \u00dcberlebensdolch"},"content":{"rendered":"<p>Der AC017 Medium Tactical Survival Dagger ist ein fein gearbeiteter Dolch, der taktische Leistung mit handwerklicher Kunstfertigkeit verbindet.<\/p>\n<p>Die Klinge ist handgeschmiedet aus rostfreiem Hochleistungsstahl AUS-10, der eine au\u00dfergew\u00f6hnliche Sch\u00e4rfe, Z\u00e4higkeit und hervorragende Korrosions- und Verschlei\u00dffestigkeit bietet.<\/p>\n<p>Das zentrale Fuller Groove Design reduziert nicht nur das Gesamtgewicht, sondern erh\u00f6ht auch die strukturelle Steifigkeit und verleiht der Klinge optische Tiefe.<\/p>\n<p>Die Full-Tang-Konstruktion, die sich durch den gesamten Griff zieht, sorgt auch bei starker Beanspruchung f\u00fcr \u00fcberragende St\u00e4rke und Zuverl\u00e4ssigkeit.<\/p>\n<p>Der Hartholzgriff bietet einen komfortablen, rutschfesten Griff und kombiniert feine Handwerkskunst mit sicherer Handhabung. Die Lederscheide im Vintage-Stil bietet eine pr\u00e4zise Passform zur sicheren Aufbewahrung und zum einfachen Tragen.<\/p>\n<p>Ob beim Camping, bei der Jagd, beim \u00dcberleben im Freien, bei der Erkundung der Wildnis oder bei der Pr\u00e4sentation Ihrer Sammlung, der AC017 ist ein erstklassiger taktischer Dolch, der sowohl St\u00e4rke als auch Handwerkskunst verk\u00f6rpert.<\/p>","protected":false},"excerpt":{"rendered":"<p>Zweischneidiges, symmetrisches Dolchdesign: Klassischer taktischer Stil f\u00fcr Angriff und Verteidigung, der praktischen Nutzen mit Sammlerwert verbindet.<br \/>\nVollere Rillenstruktur: Verringert das Gesamtgewicht der Klinge, erh\u00f6ht die Steifigkeit und sorgt f\u00fcr ein markantes taktisches Aussehen.<br \/>\nHochwertiger AUS-10 Stahl: Bietet au\u00dfergew\u00f6hnliche St\u00e4rke und Sch\u00e4rfe.<br \/>\nFull-Tang-Konstruktion: Die Klinge verl\u00e4uft durch den gesamten Griff und sorgt so f\u00fcr herausragende St\u00e4rke und Zuverl\u00e4ssigkeit.<br \/>\nGriff aus Hartholz: Bequemer, stabiler und rutschfester Griff, der Handwerkskunst mit Benutzerfreundlichkeit verbindet.<br \/>\nLeder-Etui: Bietet einen sicheren Halt f\u00fcr eine sichere Aufbewahrung und sieht gleichzeitig edel und hochwertig aus.<br \/>\nLimitierte handwerkliche Auflage: Jedes St\u00fcck wird von erfahrenen Handwerkern handgeschmiedet und poliert, was seinen einzigartigen Sammlerwert unterstreicht.<\/p>","protected":false},"featured_media":372,"comment_status":"open","ping_status":"closed","template":"","meta":{"_acf_changed":false,"inline_featured_image":false,"slim_seo":{"description":"Das AC017 verf\u00fcgt \u00fcber eine vollere Hohlkehle und eine Vollerde-Konstruktion, die sowohl Sch\u00e4rfe als auch Stabilit\u00e4t bietet. Ein erstklassiges taktisches Messer, das St\u00e4rke und Handwerkskunst vereint - jetzt hei\u00df begehrt, klicken Sie, um mehr zu erfahren!","title":"AC017 Medium Tactical Survival Dagger - ACECOLL"}},"product_brand":[],"product_cat":[17,20],"product_tag":[],"class_list":{"0":"post-239","1":"product","2":"type-product","3":"status-publish","4":"has-post-thumbnail","6":"product_cat-full-tang-knives","7":"product_cat-tactical-dagger","9":"first","10":"instock","11":"taxable","12":"shipping-taxable","13":"purchasable","14":"product-type-simple"},"acf":[],"_links":{"self":[{"href":"https:\/\/acecoll.com\/de\/wp-json\/wp\/v2\/product\/239","targetHints":{"allow":["GET"]}}],"collection":[{"href":"https:\/\/acecoll.com\/de\/wp-json\/wp\/v2\/product"}],"about":[{"href":"https:\/\/acecoll.com\/de\/wp-json\/wp\/v2\/types\/product"}],"replies":[{"embeddable":true,"href":"https:\/\/acecoll.com\/de\/wp-json\/wp\/v2\/comments?post=239"}],"version-history":[{"count":4,"href":"https:\/\/acecoll.com\/de\/wp-json\/wp\/v2\/product\/239\/revisions"}],"predecessor-version":[{"id":1250,"href":"https:\/\/acecoll.com\/de\/wp-json\/wp\/v2\/product\/239\/revisions\/1250"}],"wp:featuredmedia":[{"embeddable":true,"href":"https:\/\/acecoll.com\/de\/wp-json\/wp\/v2\/media\/372"}],"wp:attachment":[{"href":"https:\/\/acecoll.com\/de\/wp-json\/wp\/v2\/media?parent=239"}],"wp:term":[{"taxonomy":"product_brand","embeddable":true,"href":"https:\/\/acecoll.com\/de\/wp-json\/wp\/v2\/product_brand?post=239"},{"taxonomy":"product_cat","embeddable":true,"href":"https:\/\/acecoll.com\/de\/wp-json\/wp\/v2\/product_cat?post=239"},{"taxonomy":"product_tag","embeddable":true,"href":"https:\/\/acecoll.com\/de\/wp-json\/wp\/v2\/product_tag?post=239"}],"curies":[{"name":"wp","href":"https:\/\/api.w.org\/{rel}","templated":true}]}}