{"id":241,"date":"2025-10-28T07:38:42","date_gmt":"2025-10-28T07:38:42","guid":{"rendered":"https:\/\/acecoll.com\/?post_type=product&#038;p=241"},"modified":"2026-02-11T07:22:46","modified_gmt":"2026-02-11T07:22:46","slug":"af018-ubergroses-kukri-stil-uberlebensmesser-95cr18-stahl-mit-hartholzgriff-und-lederscheide","status":"publish","type":"product","link":"https:\/\/acecoll.com\/de\/produkt\/af018-ubergroses-kukri-stil-uberlebensmesser-95cr18-stahl-mit-hartholzgriff-und-lederscheide\/","title":{"rendered":"AC018 \u00dcbergro\u00dfes Kukri \u00dcberlebensmesser"},"content":{"rendered":"<p>Die AC018 Oversized Full-Tang Kukri Survival Machete ist ein robustes \u00dcberlebensmesser, das f\u00fcr anspruchsvolle Aufgaben im Freien entwickelt wurde.<br \/>\nDie Klingenform ist vom klassischen nepalesischen Kukri-Design inspiriert, mit einer nach vorne gebogenen Schneide, die eine gr\u00f6\u00dfere Hebelwirkung erzeugt, um \u00c4ste, Str\u00e4ucher und Holz mit Leichtigkeit zu hacken.<\/p>\n<p>Die Klinge ist aus rostfreiem 95Cr18 Stahl mit einer H\u00e4rte von 61\u00b1HRC geschmiedet und bietet Sch\u00e4rfe, Verschlei\u00dffestigkeit und ausgezeichnete Korrosionsbest\u00e4ndigkeit.<br \/>\nDas Messer verf\u00fcgt \u00fcber eine Full-Tang-Konstruktion, die St\u00e4rke und Stabilit\u00e4t bei starker Beanspruchung gew\u00e4hrleistet.<\/p>\n<p>Der Hartholzgriff bietet einen bequemen, rutschfesten und sicheren Halt und erm\u00f6glicht eine reibungslose und m\u00fchelose Kontrolle auch bei l\u00e4ngerem Gebrauch.<br \/>\nEs wird mit einer hochwertigen Lederscheide geliefert, die sowohl Schutz als auch Tragbarkeit bietet.<\/p>\n<p>Ob f\u00fcr Dschungelerkundungen, Camping, \u00dcberlebenstraining oder als Sammlermesser, das AC018 kombiniert starke Leistung mit feiner Handwerkskunst, was es zu einem zuverl\u00e4ssigen Werkzeug f\u00fcr jeden Outdoor-Enthusiasten macht.<\/p>","protected":false},"excerpt":{"rendered":"<p>Extra lange Klinge, kraftbetontes Design: Gesamtl\u00e4nge 18,9 Zoll, Gewicht 1050g. Die nach vorne gebogene Klingenform stammt vom klassischen nepalesischen Kukri-Design und sorgt f\u00fcr starke Hack- und Durchschlagskraft.<br \/>\nLeistungsstarker 95Cr18 legierter Stahl: H\u00e4rte 61\u00b1HRC, kombiniert Sch\u00e4rfe und Verschlei\u00dffestigkeit, geeignet f\u00fcr den harten Outdoor-Einsatz.<br \/>\nFull Tang Konstruktion: Die Klinge verl\u00e4uft durch den Griff und sorgt so f\u00fcr eine solide Struktur und ausgezeichnete Stabilit\u00e4t und Sicherheit beim intensiven Hacken.<br \/>\nErgonomischer Hartholzgriff: Aus fein poliertem Hartholz, bequem und rutschfest, f\u00fcr eine reibungslose und m\u00fchelose Kontrolle bei l\u00e4ngerem Gebrauch.<br \/>\nHochwertige Lederscheide: Das dicke Ledermaterial sch\u00fctzt die Klinge und verf\u00fcgt \u00fcber einen Befestigungsriemen zum bequemen Tragen und Aufh\u00e4ngen im Freien.<br \/>\nBreites Anwendungsspektrum: Ob zum Hacken in der Wildnis, beim Camping, \u00dcberleben oder Abenteuer, oder als hochwertiges Sammlermesser, das AC018 demonstriert kraftvolle Leistung und feine Handwerkskunst.<\/p>","protected":false},"featured_media":987,"comment_status":"open","ping_status":"closed","template":"","meta":{"_acf_changed":false,"inline_featured_image":false,"slim_seo":{"description":"AC018 Oversized Full-Tang Kukri Survival Machete bietet zuverl\u00e4ssige Leistung f\u00fcr Bushcrafting, Camping, \u00dcberlebensexpeditionen und Feldarbeit. Jetzt im Angebot! Klicken Sie hier f\u00fcr Details!","title":"AC018 Oversized Kukri Survival Knife - ACECOLL"}},"product_brand":[],"product_cat":[16,17,26],"product_tag":[],"class_list":{"0":"post-241","1":"product","2":"type-product","3":"status-publish","4":"has-post-thumbnail","6":"product_cat-fixed-blade-knife","7":"product_cat-full-tang-knives","8":"product_cat-kukri-style-knives","10":"first","11":"instock","12":"taxable","13":"shipping-taxable","14":"purchasable","15":"product-type-simple"},"acf":[],"_links":{"self":[{"href":"https:\/\/acecoll.com\/de\/wp-json\/wp\/v2\/product\/241","targetHints":{"allow":["GET"]}}],"collection":[{"href":"https:\/\/acecoll.com\/de\/wp-json\/wp\/v2\/product"}],"about":[{"href":"https:\/\/acecoll.com\/de\/wp-json\/wp\/v2\/types\/product"}],"replies":[{"embeddable":true,"href":"https:\/\/acecoll.com\/de\/wp-json\/wp\/v2\/comments?post=241"}],"version-history":[{"count":6,"href":"https:\/\/acecoll.com\/de\/wp-json\/wp\/v2\/product\/241\/revisions"}],"predecessor-version":[{"id":1969,"href":"https:\/\/acecoll.com\/de\/wp-json\/wp\/v2\/product\/241\/revisions\/1969"}],"wp:featuredmedia":[{"embeddable":true,"href":"https:\/\/acecoll.com\/de\/wp-json\/wp\/v2\/media\/987"}],"wp:attachment":[{"href":"https:\/\/acecoll.com\/de\/wp-json\/wp\/v2\/media?parent=241"}],"wp:term":[{"taxonomy":"product_brand","embeddable":true,"href":"https:\/\/acecoll.com\/de\/wp-json\/wp\/v2\/product_brand?post=241"},{"taxonomy":"product_cat","embeddable":true,"href":"https:\/\/acecoll.com\/de\/wp-json\/wp\/v2\/product_cat?post=241"},{"taxonomy":"product_tag","embeddable":true,"href":"https:\/\/acecoll.com\/de\/wp-json\/wp\/v2\/product_tag?post=241"}],"curies":[{"name":"wp","href":"https:\/\/api.w.org\/{rel}","templated":true}]}}