{"id":243,"date":"2025-10-28T07:38:42","date_gmt":"2025-10-28T07:38:42","guid":{"rendered":"https:\/\/acecoll.com\/?post_type=product&#038;p=243"},"modified":"2025-11-27T01:51:02","modified_gmt":"2025-11-27T01:51:02","slug":"af001-medium-clip-point-taktisches-uberlebensmesser","status":"publish","type":"product","link":"https:\/\/acecoll.com\/de\/produkt\/af001-medium-clip-point-taktisches-uberlebensmesser\/","title":{"rendered":"AC001 Medium Clip Point Tactical &amp; Survival-Messer"},"content":{"rendered":"<p>Das AC001 Medium Clip Point Tactical &amp; Survival Knife kombiniert praktische Leistung mit einem klaren, minimalistischen Design.<\/p>\n<p>Die Klinge ist aus hochleistungsf\u00e4higem D2-Werkzeugstahl geschmiedet und bietet Sch\u00e4rfe, Verschlei\u00dffestigkeit, hervorragenden Korrosionsschutz und lang anhaltende Schnitthaltigkeit. Die Full-Tang-Konstruktion zieht sich durch den Griff und sorgt f\u00fcr solide Zuverl\u00e4ssigkeit bei intensivem Outdoor-Einsatz.<\/p>\n<p>Der nylonverst\u00e4rkte Griff ist ergonomisch geformt und bietet einen sicheren, rutschfesten und komfortablen Griff. Es wird mit einer strapazierf\u00e4higen Kydex-Scheide f\u00fcr einfaches Tragen und schnellen Zugriff geliefert, ideal f\u00fcr Camping, Wandern, Survival, Jagd und das t\u00e4gliche Tragen.<\/p>\n<p>Erh\u00e4ltlich in den Farben Schwarz und Braun.<\/p>","protected":false},"excerpt":{"rendered":"<ul>\n<li><b><span data-font-family=\"\u5b8b\u4f53\">Klinge aus D2-Hochleistungsstahl:<\/span><\/b><span data-font-family=\"\u5b8b\u4f53\"> Gefertigt aus hochwertigem D2-Werkzeugstahl f\u00fcr hervorragende Sch\u00e4rfe, Verschlei\u00dffestigkeit und Korrosionsschutz.<\/span><\/li>\n<li><b><span data-font-family=\"\u5b8b\u4f53\">Professionelles Outdoor-Design:<\/span><\/b><span data-font-family=\"\u5b8b\u4f53\"> Entwickelt von einem erfahrenen Outdoor-Enthusiasten. Die pr\u00e4zise Klingenkr\u00fcmmung sorgt f\u00fcr eine hervorragende Schneideffizienz und Kontrolle. Das kryogene H\u00e4rteverfahren verfeinert die Stahlstruktur und erh\u00f6ht die Festigkeit und Z\u00e4higkeit.<\/span><\/li>\n<li><b><span data-font-family=\"\u5b8b\u4f53\">Ergonomischer Handgriff:<\/span><\/b><span data-font-family=\"\u5b8b\u4f53\"> Der nylonverst\u00e4rkte Griff bietet einen sicheren, rutschfesten Halt. Tiefe Fingerrillen sorgen f\u00fcr Stabilit\u00e4t und Pr\u00e4zision, auch mit nassen H\u00e4nden.<\/span><\/li>\n<li><b><span data-font-family=\"\u5b8b\u4f53\">Leicht und vielseitig:<\/span><\/b><span data-font-family=\"\u5b8b\u4f53\"> Wiegt nur 230 g. Kompakt und wendig, ideal zum Campen, Wandern, \u00dcberleben, Jagen oder Tragen im Alltag.<\/span><\/li>\n<li><b><span data-font-family=\"\u5b8b\u4f53\">Farboptionen:<\/span><\/b><span data-font-family=\"\u5b8b\u4f53\"> Erh\u00e4ltlich in Schwarz oder Braun.<\/span><\/li>\n<\/ul>","protected":false},"featured_media":387,"comment_status":"open","ping_status":"closed","template":"","meta":{"_acf_changed":false,"inline_featured_image":false,"slim_seo":{"title":"Medium Clip Point Tactical &amp; \u00dcberlebensmesser - ACECOLL","description":"AC001 Medium Clip Point Tactical &amp; Survival Knife, entwickelt von erfahrenen Outdoor-Enthusiasten, ideal f\u00fcr Camping, Wandern, \u00dcberleben, Jagd und EDC, klicken Sie, um mehr zu erfahren!"}},"product_brand":[],"product_cat":[16,17,18,19],"product_tag":[],"class_list":{"0":"post-243","1":"product","2":"type-product","3":"status-publish","4":"has-post-thumbnail","6":"product_cat-fixed-blade-knife","7":"product_cat-full-tang-knives","8":"product_cat-survival-knives","9":"product_cat-tactical-knives","11":"first","12":"instock","13":"taxable","14":"shipping-taxable","15":"purchasable","16":"product-type-variable"},"acf":[],"_links":{"self":[{"href":"https:\/\/acecoll.com\/de\/wp-json\/wp\/v2\/product\/243","targetHints":{"allow":["GET"]}}],"collection":[{"href":"https:\/\/acecoll.com\/de\/wp-json\/wp\/v2\/product"}],"about":[{"href":"https:\/\/acecoll.com\/de\/wp-json\/wp\/v2\/types\/product"}],"replies":[{"embeddable":true,"href":"https:\/\/acecoll.com\/de\/wp-json\/wp\/v2\/comments?post=243"}],"version-history":[{"count":10,"href":"https:\/\/acecoll.com\/de\/wp-json\/wp\/v2\/product\/243\/revisions"}],"predecessor-version":[{"id":1680,"href":"https:\/\/acecoll.com\/de\/wp-json\/wp\/v2\/product\/243\/revisions\/1680"}],"wp:featuredmedia":[{"embeddable":true,"href":"https:\/\/acecoll.com\/de\/wp-json\/wp\/v2\/media\/387"}],"wp:attachment":[{"href":"https:\/\/acecoll.com\/de\/wp-json\/wp\/v2\/media?parent=243"}],"wp:term":[{"taxonomy":"product_brand","embeddable":true,"href":"https:\/\/acecoll.com\/de\/wp-json\/wp\/v2\/product_brand?post=243"},{"taxonomy":"product_cat","embeddable":true,"href":"https:\/\/acecoll.com\/de\/wp-json\/wp\/v2\/product_cat?post=243"},{"taxonomy":"product_tag","embeddable":true,"href":"https:\/\/acecoll.com\/de\/wp-json\/wp\/v2\/product_tag?post=243"}],"curies":[{"name":"wp","href":"https:\/\/api.w.org\/{rel}","templated":true}]}}