{"id":1807,"date":"2025-12-18T06:19:25","date_gmt":"2025-12-18T06:19:25","guid":{"rendered":"https:\/\/acecoll.com\/?page_id=1807"},"modified":"2026-03-13T02:15:44","modified_gmt":"2026-03-13T02:15:44","slug":"condiciones-de-servicio","status":"publish","type":"page","link":"https:\/\/acecoll.com\/es\/condiciones-de-servicio\/","title":{"rendered":"Condiciones del servicio"},"content":{"rendered":"<h2 class=\"wp-block-heading\">Condiciones del servicio<\/h2>\n\n<p>Este sitio web est\u00e1 gestionado por <a href=\"https:\/\/acecoll.com\/es\/\">ACECOLL<\/a>. En este contexto, \u201cnosotros\u201d y \u201cnuestro\u201d se refieren a ACECOLL. Nosotros le proporcionamos a usted (el usuario) este sitio web, incluyendo toda la informaci\u00f3n, herramientas y servicios, sujeto a su aceptaci\u00f3n de todos los t\u00e9rminos, condiciones, pol\u00edticas y declaraciones aqu\u00ed establecidos.<\/p>\n<p><span data-font-family=\"\u5fae\u8f6f\u96c5\u9ed1\">Al acceder a nuestro sitio web y\/o comprarnos cualquier producto, usted acepta utilizar nuestros \u201cServicios\u201d y quedar vinculado por las presentes Condiciones de Servicio (\u201cCondiciones\u201d), incluidos los t\u00e9rminos, condiciones o pol\u00edticas adicionales a los que se haga referencia en el presente documento o a los que se enlace desde este sitio web.<\/span><\/p>\n<p><span data-font-family=\"\u5fae\u8f6f\u96c5\u9ed1\">Estas Condiciones de servicio se aplican a todos los usuarios del sitio web, incluidos, entre otros, los visitantes, proveedores, clientes, comerciantes y\/o colaboradores de contenidos.<\/span><\/p>\n<p><span data-font-family=\"\u5fae\u8f6f\u96c5\u9ed1\">Lea atentamente estas Condiciones antes de acceder o utilizar este sitio web. Su acceso o uso de cualquier parte de este sitio web constituye su aceptaci\u00f3n de estos T\u00e9rminos. Si no acepta todos los t\u00e9rminos y condiciones de este acuerdo, no podr\u00e1 acceder a este sitio web ni utilizar ninguno de sus servicios. Si estas Condiciones del servicio se consideran una oferta, su aceptaci\u00f3n se limita a estas Condiciones del servicio.<\/span><\/p>\n<p><span data-font-family=\"\u5fae\u8f6f\u96c5\u9ed1\">Cualquier nueva funci\u00f3n o herramienta que se a\u00f1ada a la tienda actual estar\u00e1 sujeta a estas Condiciones de servicio. Puede consultar la \u00faltima versi\u00f3n de las Condiciones del servicio en esta p\u00e1gina en cualquier momento. Nos reservamos el derecho de actualizar, cambiar o sustituir cualquier parte de estas Condiciones del servicio mediante la publicaci\u00f3n de actualizaciones y\/o cambios en la p\u00e1gina web. Es su responsabilidad revisar esta p\u00e1gina peri\u00f3dicamente para comprobar si se han producido cambios. El uso continuado o el acceso a esta p\u00e1gina web despu\u00e9s de la publicaci\u00f3n de cualquier cambio constituye su aceptaci\u00f3n de dichos cambios.<\/span><\/p>\n<p><span data-font-family=\"\u5fae\u8f6f\u96c5\u9ed1\">Nuestra tienda en l\u00ednea est\u00e1 alojada en la plataforma Woocommerce. Nos proporcionan una plataforma de comercio electr\u00f3nico en l\u00ednea que nos permite venderle productos y servicios.<\/span><\/p>\n\n<h2 class=\"wp-block-heading\">Condiciones de la tienda en l\u00ednea<\/h2>\n\n<p>Al aceptar estas Condiciones del servicio, usted declara que ha alcanzado la mayor\u00eda de edad legal en su estado o provincia. Tambi\u00e9n se compromete a supervisar a los menores a su cargo que puedan utilizar este sitio web.<\/p>\n<p>No podr\u00e1 utilizar nuestros productos o servicios para ning\u00fan fin ilegal o no autorizado. Deber\u00e1 cumplir todas las leyes aplicables, incluidas las de derechos de autor, y no podr\u00e1 distribuir gusanos, virus ni ning\u00fan otro c\u00f3digo destructivo. La violaci\u00f3n de estos t\u00e9rminos puede resultar en la terminaci\u00f3n inmediata de su acceso o servicios.<\/p>\n\n<h2 class=\"wp-block-heading\">Condiciones generales<\/h2>\n\n<p>Nos reservamos el derecho a negarnos a prestar servicios a cualquier persona en cualquier momento y por cualquier motivo.<\/p><p>Usted entiende que su contenido (excluyendo la informaci\u00f3n de la tarjeta de cr\u00e9dito) puede ser transmitido sin encriptar y puede: <br \/>(a) pasar por varias redes; y <br \/>(b) modificarse para cumplir los requisitos t\u00e9cnicos de las redes o dispositivos conectados. <br \/>Sin embargo, la informaci\u00f3n de las tarjetas de cr\u00e9dito siempre se encripta durante la transmisi\u00f3n.<\/p><p>Usted se compromete a no copiar, reproducir, vender, revender o utilizar de cualquier otro modo cualquier parte del Servicio, o realizar cualquier contacto a trav\u00e9s de la p\u00e1gina web, sin nuestro permiso expreso por escrito.<\/p><p>Los encabezamientos de este Acuerdo son s\u00f3lo por conveniencia y no afectan a la interpretaci\u00f3n de estos t\u00e9rminos.<\/p>\n\n<h2 class=\"wp-block-heading\">Exactitud, integridad y puntualidad de la informaci\u00f3n<\/h2>\n\n<p>No nos hacemos responsables de que la informaci\u00f3n proporcionada en este sitio web sea inexacta, incompleta o inoportuna. El contenido de este sitio web es s\u00f3lo para referencia general y no debe utilizarse como \u00fanica base para la toma de decisiones. Antes de tomar cualquier decisi\u00f3n, debe consultar fuentes de informaci\u00f3n m\u00e1s autorizadas, precisas, completas u oportunas. Usted utiliza el contenido de este sitio web bajo su propia responsabilidad.<\/p><p>Este sitio web puede contener informaci\u00f3n hist\u00f3rica. La informaci\u00f3n hist\u00f3rica no refleja necesariamente la situaci\u00f3n actual y s\u00f3lo sirve de referencia. Nos reservamos el derecho a modificar el contenido de esta p\u00e1gina web en cualquier momento, pero no tenemos obligaci\u00f3n de actualizar ninguna informaci\u00f3n de la misma. Usted acepta ser el \u00fanico responsable de supervisar los cambios que se produzcan en este sitio web.<\/p>\n\n<h2 class=\"wp-block-heading\">\u00a0Cambios en las condiciones de servicio<\/h2>\n\n<p><span dir=\"auto\">Puede consultar la \u00faltima versi\u00f3n de las Condiciones de servicio en esta p\u00e1gina en cualquier momento.<\/span><\/p><p><span dir=\"auto\">Nos reservamos el derecho a actualizar, cambiar o sustituir cualquier parte de estas Condiciones de servicio a nuestra entera discreci\u00f3n, y dichas actualizaciones y cambios se publicar\u00e1n en nuestro sitio web. Es su responsabilidad comprobar peri\u00f3dicamente si se han producido cambios en nuestro sitio web. El uso continuado o el acceso a nuestro sitio web o a nuestros servicios despu\u00e9s de cualquier cambio en estas Condiciones de servicio constituyen su aceptaci\u00f3n de dichos cambios.<\/span><\/p>\n\n<h2 class=\"wp-block-heading\">Contacte con nosotros<\/h2>\n\n<p>Si tiene preguntas sobre las condiciones del servicio, env\u00ede un correo electr\u00f3nico a info@acecoll.com.<\/p>","protected":false},"excerpt":{"rendered":"<p>Terms of Service This website is operated by ACECOLL. In this context, \u201cwe\u201d and \u201cour\u201d refer to ACECOLL. We provide you (the user) with this website, including all information, tools, and services, subject to your acceptance of all terms, conditions, policies, and statements set forth herein. By accessing our website and\/or purchasing any goods from [&hellip;]<\/p>","protected":false},"author":4,"featured_media":0,"parent":0,"menu_order":0,"comment_status":"closed","ping_status":"closed","template":"","meta":{"_acf_changed":false,"inline_featured_image":false,"slim_seo":{"description":"Las Condiciones de servicio describen las normas, condiciones y pol\u00edticas que rigen el uso del sitio web, los productos y los servicios de ACECOLL.","title":"Terms of Service - ACECOLL"},"footnotes":""},"class_list":["post-1807","page","type-page","status-publish","hentry"],"acf":[],"_links":{"self":[{"href":"https:\/\/acecoll.com\/es\/wp-json\/wp\/v2\/pages\/1807","targetHints":{"allow":["GET"]}}],"collection":[{"href":"https:\/\/acecoll.com\/es\/wp-json\/wp\/v2\/pages"}],"about":[{"href":"https:\/\/acecoll.com\/es\/wp-json\/wp\/v2\/types\/page"}],"author":[{"embeddable":true,"href":"https:\/\/acecoll.com\/es\/wp-json\/wp\/v2\/users\/4"}],"replies":[{"embeddable":true,"href":"https:\/\/acecoll.com\/es\/wp-json\/wp\/v2\/comments?post=1807"}],"version-history":[{"count":17,"href":"https:\/\/acecoll.com\/es\/wp-json\/wp\/v2\/pages\/1807\/revisions"}],"predecessor-version":[{"id":1987,"href":"https:\/\/acecoll.com\/es\/wp-json\/wp\/v2\/pages\/1807\/revisions\/1987"}],"wp:attachment":[{"href":"https:\/\/acecoll.com\/es\/wp-json\/wp\/v2\/media?parent=1807"}],"curies":[{"name":"wp","href":"https:\/\/api.w.org\/{rel}","templated":true}]}}