{"id":406,"date":"2025-10-28T07:46:52","date_gmt":"2025-10-28T07:46:52","guid":{"rendered":"https:\/\/acecoll.com\/?page_id=406"},"modified":"2025-12-30T14:30:20","modified_gmt":"2025-12-30T14:30:20","slug":"sobre-nosotros","status":"publish","type":"page","link":"https:\/\/acecoll.com\/es\/sobre-nosotros\/","title":{"rendered":"SOBRE NOSOTROS"},"content":{"rendered":"<p>Forjado en el fuego,templado para la excelencia<\/p>\n\n<p><span data-font-family=\"\u5fae\u8f6f\u96c5\u9ed1\">En ACECOLL seleccionamos cuchillos resistentes, afilados y realmente inolvidables.<\/span><\/p>\n\n<div class=\"wp-block-buttons is-layout-flex wp-block-buttons-is-layout-flex\"><div class=\"wp-block-button\"><a class=\"wp-block-button__link\">Encuentre su cuchilla<\/a><\/div><\/div>\n\n<h3 class=\"wp-block-heading\">SOBRE ACECOLL<\/h3>\n\n<p>Durante a\u00f1os, ACECOLL se ha dedicado a combinar a la perfecci\u00f3n la practicidad de la cuchiller\u00eda con la artesan\u00eda art\u00edstica. Desde el dise\u00f1o hasta los materiales y las t\u00e9cnicas de forja, mantenemos un esp\u00edritu de refinamiento implacable, controlando meticulosamente cada paso para ofrecer los mejores productos posibles.<\/p>\n<p>Nos comprometemos a garantizar que cada cuchillo alcance un nivel de calidad de coleccionista en al menos una de las siguientes dimensiones: est\u00e9tica visual, propiedades del material o t\u00e9cnicas de forja.<\/p>\n<p>ACECOLL se especializa en ofrecer cuchillos de alta calidad hechos a mano para uso al aire libre y hojas de colecci\u00f3n para entusiastas de las actividades al aire libre, coleccionistas de cuchillos, aficionados a la cultura de las artes marciales y entusiastas de la cultura samur\u00e1i.<\/p>\n<p>Todos nuestros cuchillos han sido dise\u00f1ados por maestros de renombre mundial y han cobrado vida en China, una naci\u00f3n con un legado de 2.600 a\u00f1os de forja de armas en fr\u00edo. Lo que entregamos no son meras herramientas, sino objetos de colecci\u00f3n que combinan la antigua herencia de la forja con la artesan\u00eda industrial de vanguardia.<\/p>\n<p>Ya sea para su propio uso, como pieza de coleccionista o como regalo para amigos y familiares, nuestras espadas y cuchillos son la elecci\u00f3n perfecta.<\/p>\n\n<h3 class=\"wp-block-heading\">Contacte con nosotros<\/h3>\n\n<p>\u00bfPreguntas, comentarios o inguirias de negocio para ACECOLL? P\u00f3ngase en contacto aqu\u00ed o env\u00ede un correo electr\u00f3nico: <span style=\"color: #e17c2b;\"><strong><u><a style=\"color: #e17c2b;\" href=\"mailto:info@example.com\">info@acecoll.com<\/a><\/u><\/strong><\/span><\/p>\n\n<figure class=\"wp-block-image size-full\"><img loading=\"lazy\" decoding=\"async\" width=\"644\" height=\"450\" src=\"https:\/\/acecoll.com\/wp-content\/uploads\/2025\/10\/ASHEN-FORGE-brand-story-illustration1.jpg\" alt class=\"wp-image-409\" srcset=\"https:\/\/acecoll.com\/wp-content\/uploads\/2025\/10\/ASHEN-FORGE-brand-story-illustration1.jpg 644w, https:\/\/acecoll.com\/wp-content\/uploads\/2025\/10\/ASHEN-FORGE-brand-story-illustration1-300x210.jpg 300w, https:\/\/acecoll.com\/wp-content\/uploads\/2025\/10\/ASHEN-FORGE-brand-story-illustration1-600x419.jpg 600w\" sizes=\"auto, (max-width: 644px) 100vw, 644px\" \/><\/figure>","protected":false},"excerpt":{"rendered":"<p>Forged in Fire,Tempered for Excellence At ACECOLL, we select knives that are resilient, sharp, and truly unforgettable. ABOUT ACECOLL For years, ACECOLL has been dedicated to seamlessly blending the practicality of cutlery with artistic craftsmanship. From design to materials to forging techniques, we uphold a spirit of relentless refinement, meticulously controlling every step to deliver [&hellip;]<\/p>","protected":false},"author":4,"featured_media":0,"parent":0,"menu_order":0,"comment_status":"closed","ping_status":"closed","template":"","meta":{"_acf_changed":false,"inline_featured_image":false,"slim_seo":{"title":"Historia de la marca ACECOLL - Acerca de ACEBOTT","description":"ACECOLL aspira y se compromete a seleccionar los mejores cuchillos para usted, ayud\u00e1ndole a crear su colecci\u00f3n Ace."},"footnotes":""},"class_list":["post-406","page","type-page","status-publish","hentry"],"acf":[],"_links":{"self":[{"href":"https:\/\/acecoll.com\/es\/wp-json\/wp\/v2\/pages\/406","targetHints":{"allow":["GET"]}}],"collection":[{"href":"https:\/\/acecoll.com\/es\/wp-json\/wp\/v2\/pages"}],"about":[{"href":"https:\/\/acecoll.com\/es\/wp-json\/wp\/v2\/types\/page"}],"author":[{"embeddable":true,"href":"https:\/\/acecoll.com\/es\/wp-json\/wp\/v2\/users\/4"}],"replies":[{"embeddable":true,"href":"https:\/\/acecoll.com\/es\/wp-json\/wp\/v2\/comments?post=406"}],"version-history":[{"count":36,"href":"https:\/\/acecoll.com\/es\/wp-json\/wp\/v2\/pages\/406\/revisions"}],"predecessor-version":[{"id":1930,"href":"https:\/\/acecoll.com\/es\/wp-json\/wp\/v2\/pages\/406\/revisions\/1930"}],"wp:attachment":[{"href":"https:\/\/acecoll.com\/es\/wp-json\/wp\/v2\/media?parent=406"}],"curies":[{"name":"wp","href":"https:\/\/api.w.org\/{rel}","templated":true}]}}