{"id":613,"date":"2025-10-28T11:05:26","date_gmt":"2025-10-28T11:05:26","guid":{"rendered":"https:\/\/acecoll.com\/?page_id=613"},"modified":"2026-03-13T01:52:07","modified_gmt":"2026-03-13T01:52:07","slug":"politica-de-envios","status":"publish","type":"page","link":"https:\/\/acecoll.com\/es\/politica-de-envios\/","title":{"rendered":"Pol\u00edtica de env\u00edos"},"content":{"rendered":"<h1 class=\"wp-block-heading\">Pol\u00edtica de env\u00edos<\/h1>\n\n<h2 class=\"wp-block-heading\">Cobertura de env\u00edos<\/h2>\n\n<p>Ofrecemos env\u00edos a todo el mundo con gastos de env\u00edo gratuitos en todos los pedidos.<\/p>\n\n<h2 class=\"wp-block-heading\">Tiempo de tramitaci\u00f3n del pedido<\/h2>\n\n<p>Plazo de tramitaci\u00f3n del pedido: 1-3 d\u00edas laborables<br \/>Entrega estimada: 10-20 d\u00edas laborables<\/p>\n\n<h2 class=\"wp-block-heading\">Seguimiento de pedidos<\/h2>\n\n<p>Para realizar el seguimiento de su pedido, puede visitar el sitio web de seguimiento de log\u00edstica global<br \/><a href=\"https:\/\/www.17track.net\/en\" target=\"_blank\" rel=\"noopener\">https:\/\/www.17track.net\/en<\/a><br \/>o la p\u00e1gina web de la compa\u00f1\u00eda expr\u00e9s<br \/><a href=\"https:\/\/www.ems.com.cn\/english\/\" target=\"_blank\" rel=\"noopener\">https:\/\/www.ems.com.cn\/english\/<\/a>, compruebe el estado de su pedido.<\/p>\n\n<h2 class=\"wp-block-heading\">Requisitos de la direcci\u00f3n de env\u00edo<\/h2>\n\n<p>Para facilitar todo el proceso de env\u00edo y garantizar que reciba su art\u00edculo a tiempo, facil\u00edtenos su direcci\u00f3n completa, incluyendo ciudad, estado y regi\u00f3n (si procede).<\/p>\n\n<h2 class=\"wp-block-heading\">Tramitaci\u00f3n de pedidos<\/h2>\n\n<p>Queremos asegurarnos de que recibe su art\u00edculo lo antes posible. Aseg\u00farese de seleccionar el modelo y el color correctos al realizar el pedido, ya que no podemos modificarlo. Una vez introducido un pedido en el sistema, no se puede modificar ni cancelar.<\/p>\n\n<h2 class=\"wp-block-heading\">Informaci\u00f3n de env\u00edo incorrecta<\/h2>\n\n<!-- wp:Array \/-->\n\n<h2 class=\"wp-block-heading\">Confirmaci\u00f3n de env\u00edo<\/h2>\n\n<!-- wp:Array \/-->\n\n<h2 class=\"wp-block-heading\">Detalles del seguimiento del pedido<\/h2>\n\n<p>Como destinatario, su oficina de aduanas local puede requerir documentaci\u00f3n adicional y tiempo para despachar su paquete, lo que puede retrasar el plazo de entrega estimado.<\/p><p>Su pedido puede serle entregado a trav\u00e9s de su oficina de correos local o de un servicio de mensajer\u00eda local.<\/p><p>Si no se encuentra en casa en el momento de la entrega, el servicio postal puede dejarle una tarjeta de notificaci\u00f3n con instrucciones sobre c\u00f3mo y d\u00f3nde recogerlo.<\/p><p>Si su paquete estaba marcado como \u201cEntregado\u201d pero no lo ha recibido, los veh\u00edculos de reparto de UPS utilizan el GPS para actualizar autom\u00e1ticamente el paquete como \u201cEntregado\u201d con antelaci\u00f3n.<\/p><p>Por favor, espere otro d\u00eda laborable ya que el paquete puede ser marcado incorrectamente como entregado y llegar al d\u00eda siguiente.<\/p><p>Le animamos a que se ponga en contacto con su oficina de correos local de UPS. Su oficina de correos local podr\u00e1 proporcionarle un servicio m\u00e1s r\u00e1pido y mejor. Pregunte qui\u00e9n entreg\u00f3 el paquete y pida detalles sobre la entrega de ese d\u00eda.<\/p>\n\n<h2 class=\"wp-block-heading\">Acuerdo de liberaci\u00f3n de riesgo, liberaci\u00f3n de responsabilidad e indemnizaci\u00f3n<\/h2>\n\n<p><a href=\"https:\/\/acecoll.com\/es\/\">ACECOLL<\/a> no garantiza que las personas o empresas puedan vender, comprar, poseer o llevar cuchillos legalmente.<\/p>\n<p>Todos y cada uno de los art\u00edculos previstos por las leyes federales, estatales o locales. Estos art\u00edculos incluyen, entre otros, navajas de bolsillo, navajas de muelle, navajas de nudillo, art\u00edculos con hojas ocultas y hojas de doble filo.<\/p>\n<p>Creemos que es extremadamente importante seguir las directrices establecidas por la ley estatal. Al comprar cualquier art\u00edculo de ACECOLL, el comprador garantiza que cumple con todas las leyes federales, locales y estatales y que puede adquirirlo legalmente.<\/p>\n<p>Los cuchillos pueden ser peligrosos si no se manejan adecuadamente. Mant\u00e9ngalos fuera del alcance de los ni\u00f1os. Aconsejamos encarecidamente que los art\u00edculos adquiridos en ACECOLL no se vendan a menores sin permiso paterno.<\/p>\n<p>Si tiene alguna pregunta, p\u00f3ngase en contacto con nosotros por tel\u00e9fono, correo electr\u00f3nico, le responderemos lo antes posible.<\/p>","protected":false},"excerpt":{"rendered":"<p>Shipping policy Shipping Coverage We offer worldwide shipping with free shipping on all orders. Order Processing Time Order processing time: 1-3 working daysEstimated Delivery: 10-20 business days Order Tracking To track your order, you can visit the global logistics tracking websitehttps:\/\/www.17track.net\/enor the express company\u2019s websitehttps:\/\/www.ems.com.cn\/english\/, check your order status. Shipping Address Requirements To facilitate the [&hellip;]<\/p>","protected":false},"author":4,"featured_media":0,"parent":0,"menu_order":0,"comment_status":"closed","ping_status":"closed","template":"","meta":{"_acf_changed":false,"inline_featured_image":false,"slim_seo":{"title":"Shipping policy - ACECOLL","description":"Pol\u00edtica de env\u00edos Cobertura de env\u00edos Ofrecemos env\u00edos a todo el mundo con gastos de env\u00edo gratuitos en todos los pedidos. Tiempo de tramitaci\u00f3n del pedido Tiempo de tramitaci\u00f3n del pedido: 1-3 d\u00edas laborables Es"},"footnotes":""},"class_list":["post-613","page","type-page","status-publish","hentry"],"acf":[],"_links":{"self":[{"href":"https:\/\/acecoll.com\/es\/wp-json\/wp\/v2\/pages\/613","targetHints":{"allow":["GET"]}}],"collection":[{"href":"https:\/\/acecoll.com\/es\/wp-json\/wp\/v2\/pages"}],"about":[{"href":"https:\/\/acecoll.com\/es\/wp-json\/wp\/v2\/types\/page"}],"author":[{"embeddable":true,"href":"https:\/\/acecoll.com\/es\/wp-json\/wp\/v2\/users\/4"}],"replies":[{"embeddable":true,"href":"https:\/\/acecoll.com\/es\/wp-json\/wp\/v2\/comments?post=613"}],"version-history":[{"count":11,"href":"https:\/\/acecoll.com\/es\/wp-json\/wp\/v2\/pages\/613\/revisions"}],"predecessor-version":[{"id":1985,"href":"https:\/\/acecoll.com\/es\/wp-json\/wp\/v2\/pages\/613\/revisions\/1985"}],"wp:attachment":[{"href":"https:\/\/acecoll.com\/es\/wp-json\/wp\/v2\/media?parent=613"}],"curies":[{"name":"wp","href":"https:\/\/api.w.org\/{rel}","templated":true}]}}