{"id":1077,"date":"2025-11-05T09:11:22","date_gmt":"2025-11-05T09:11:22","guid":{"rendered":"https:\/\/acecoll.com\/?post_type=product&#038;p=1077"},"modified":"2026-02-11T07:24:20","modified_gmt":"2026-02-11T07:24:20","slug":"ac028-machete-kukri-resistente","status":"publish","type":"product","link":"https:\/\/acecoll.com\/es\/producto\/ac028-machete-kukri-resistente\/","title":{"rendered":"AC028 Machete Kukri de alta resistencia"},"content":{"rendered":"<p>El machete kukri para trabajos pesados AC028 presenta una forma cl\u00e1sica de kukri nepal\u00ed con una hoja de 7,5 mm de grosor y un dise\u00f1o contrapesado hacia delante, que proporciona un fuerte impulso de corte para tareas pesadas como cortar y despejar obst\u00e1culos. Fabricado con acero AUS-10 de alta resistencia, tratado t\u00e9rmicamente para una dureza de hasta 62\u00b1HRC, ofrece un excelente afilado, dureza y resistencia a la corrosi\u00f3n. La construcci\u00f3n de filo completo asegura estabilidad y fiabilidad bajo un uso intensivo. Equipada con un mango de madera oscura y una funda de cuero artesanal, combina la comodidad con un aspecto cl\u00e1sico, lo que la convierte en una herramienta de alta gama tanto para uso pr\u00e1ctico como para colecci\u00f3n.<\/p>","protected":false},"excerpt":{"rendered":"<p>Dise\u00f1o de hoja kukri para trabajos pesados - Forma cl\u00e1sica de kukri nepal\u00ed con una hoja equilibrada hacia delante, que proporciona un fuerte impulso de picado para cortar, desbrozar y otras tareas pesadas al aire libre.<br \/>\nEstructura de la hoja de 7,5 mm de grosor - Con un grosor de 0,295 pulgadas (7,5 mm), se mantiene estable y r\u00edgida bajo un uso de alto impacto sin doblarse ni deformarse.<br \/>\nForja de acero AUS-10 de alta resistencia - Fabricada con acero AUS-10 de alto contenido en carbono y tratada t\u00e9rmicamente para obtener una dureza de hasta 62\u00b1HRC, ofrece un equilibrio ideal de afilado, dureza y resistencia a la corrosi\u00f3n.<br \/>\nConstrucci\u00f3n Full-Tang para mayor estabilidad - La hoja atraviesa toda la empu\u00f1adura para una estructura s\u00f3lida y fiable, garantizando resistencia y seguridad en condiciones exigentes al aire libre.<br \/>\nConstruida para la aventura y la supervivencia - Combina durabilidad, filo y potencia, lo que la convierte en una herramienta ideal para acampar, explorar la jungla, cazar y sobrevivir al aire libre.<\/p>","protected":false},"featured_media":1083,"comment_status":"open","ping_status":"closed","template":"","meta":{"_acf_changed":false,"inline_featured_image":false,"slim_seo":{"description":"AC028 Machete Kukri de alta resistencia para acampada, bushcraft y supervivencia al aire libre. Con mango de madera y funda de cuero, combina practicidad y valor coleccionable.","title":"AC028 Heavy-Duty Kukri Machete - ACECOLL"}},"product_brand":[],"product_cat":[16,17,26],"product_tag":[],"class_list":{"0":"post-1077","1":"product","2":"type-product","3":"status-publish","4":"has-post-thumbnail","6":"product_cat-fixed-blade-knife","7":"product_cat-full-tang-knives","8":"product_cat-kukri-style-knives","10":"first","11":"instock","12":"taxable","13":"shipping-taxable","14":"purchasable","15":"product-type-simple"},"acf":[],"_links":{"self":[{"href":"https:\/\/acecoll.com\/es\/wp-json\/wp\/v2\/product\/1077","targetHints":{"allow":["GET"]}}],"collection":[{"href":"https:\/\/acecoll.com\/es\/wp-json\/wp\/v2\/product"}],"about":[{"href":"https:\/\/acecoll.com\/es\/wp-json\/wp\/v2\/types\/product"}],"replies":[{"embeddable":true,"href":"https:\/\/acecoll.com\/es\/wp-json\/wp\/v2\/comments?post=1077"}],"version-history":[{"count":3,"href":"https:\/\/acecoll.com\/es\/wp-json\/wp\/v2\/product\/1077\/revisions"}],"predecessor-version":[{"id":1685,"href":"https:\/\/acecoll.com\/es\/wp-json\/wp\/v2\/product\/1077\/revisions\/1685"}],"wp:featuredmedia":[{"embeddable":true,"href":"https:\/\/acecoll.com\/es\/wp-json\/wp\/v2\/media\/1083"}],"wp:attachment":[{"href":"https:\/\/acecoll.com\/es\/wp-json\/wp\/v2\/media?parent=1077"}],"wp:term":[{"taxonomy":"product_brand","embeddable":true,"href":"https:\/\/acecoll.com\/es\/wp-json\/wp\/v2\/product_brand?post=1077"},{"taxonomy":"product_cat","embeddable":true,"href":"https:\/\/acecoll.com\/es\/wp-json\/wp\/v2\/product_cat?post=1077"},{"taxonomy":"product_tag","embeddable":true,"href":"https:\/\/acecoll.com\/es\/wp-json\/wp\/v2\/product_tag?post=1077"}],"curies":[{"name":"wp","href":"https:\/\/api.w.org\/{rel}","templated":true}]}}