{"id":1432,"date":"2025-11-18T08:11:46","date_gmt":"2025-11-18T08:11:46","guid":{"rendered":"https:\/\/acecoll.com\/?post_type=product&#038;p=1432"},"modified":"2026-04-07T07:06:35","modified_gmt":"2026-04-07T07:06:35","slug":"ac031-machete-largo-de-supervivencia","status":"publish","type":"product","link":"https:\/\/acecoll.com\/es\/producto\/ac031-machete-largo-de-supervivencia\/","title":{"rendered":"AC031 Machete largo de supervivencia"},"content":{"rendered":"<p>El machete de supervivencia largo AC031 presenta un acabado de calidad de coleccionista y una silueta extralarga que crea un llamativo impacto visual, ideal para coleccionar y exponer.<\/p>\n<p>Una hoja de 12,4 pulgadas con un lomo de 6 mm de grosor proporciona una gran potencia de corte, lo que la hace excelente para desbrozar la jungla o cortar caminos en la naturaleza.<\/p>\n<p>Fabricado con acero AUS-10 de alta calidad que equilibra la dureza, la resistencia al desgaste y la resistencia a la corrosi\u00f3n. Se mantiene afilada en el uso regular al tiempo que garantiza que los materiales y especificaciones de la hoja son los adecuados para un cuchillo de colecci\u00f3n.<\/p>","protected":false},"excerpt":{"rendered":"<p>Aspecto de coleccionista: el acabado texturizado de la hoja y el dibujo de camuflaje, junto con un perfil extralargo, crean un poderoso impacto visual. Este cuchillo es muy digno de exhibici\u00f3n e ideal para coleccionar o exponer.<\/p>\n<p>Acero de alta calidad: El acero AUS-10 ofrece un equilibrio entre dureza, resistencia al desgaste y resistencia a la corrosi\u00f3n. En la pr\u00e1ctica mantiene un filo estable, y el material y las especificaciones de la hoja est\u00e1n a la altura de su condici\u00f3n de cuchillo de colecci\u00f3n.<\/p>\n<p>Hoja extralarga: Con una hoja de 12,4\u2033 y un lomo de 6 mm de grosor, proporciona una gran potencia de corte para desbrozar la maleza de la selva y abrir caminos en la naturaleza.<\/p>","protected":false},"featured_media":1436,"comment_status":"open","ping_status":"closed","template":"","meta":{"_acf_changed":false,"inline_featured_image":false,"slim_seo":{"description":"AC031 Machete largo de supervivencia, aspecto de coleccionista con fuerte impacto visual, ya disponible. Haga clic para ver m\u00e1s detalles","title":"AC031 Long Survival Machete - ACECOLL"}},"product_brand":[],"product_cat":[16],"product_tag":[],"class_list":{"0":"post-1432","1":"product","2":"type-product","3":"status-publish","4":"has-post-thumbnail","6":"product_cat-fixed-blade-knife","8":"first","9":"instock","10":"taxable","11":"shipping-taxable","12":"purchasable","13":"product-type-simple"},"acf":[],"_links":{"self":[{"href":"https:\/\/acecoll.com\/es\/wp-json\/wp\/v2\/product\/1432","targetHints":{"allow":["GET"]}}],"collection":[{"href":"https:\/\/acecoll.com\/es\/wp-json\/wp\/v2\/product"}],"about":[{"href":"https:\/\/acecoll.com\/es\/wp-json\/wp\/v2\/types\/product"}],"replies":[{"embeddable":true,"href":"https:\/\/acecoll.com\/es\/wp-json\/wp\/v2\/comments?post=1432"}],"version-history":[{"count":3,"href":"https:\/\/acecoll.com\/es\/wp-json\/wp\/v2\/product\/1432\/revisions"}],"predecessor-version":[{"id":2031,"href":"https:\/\/acecoll.com\/es\/wp-json\/wp\/v2\/product\/1432\/revisions\/2031"}],"wp:featuredmedia":[{"embeddable":true,"href":"https:\/\/acecoll.com\/es\/wp-json\/wp\/v2\/media\/1436"}],"wp:attachment":[{"href":"https:\/\/acecoll.com\/es\/wp-json\/wp\/v2\/media?parent=1432"}],"wp:term":[{"taxonomy":"product_brand","embeddable":true,"href":"https:\/\/acecoll.com\/es\/wp-json\/wp\/v2\/product_brand?post=1432"},{"taxonomy":"product_cat","embeddable":true,"href":"https:\/\/acecoll.com\/es\/wp-json\/wp\/v2\/product_cat?post=1432"},{"taxonomy":"product_tag","embeddable":true,"href":"https:\/\/acecoll.com\/es\/wp-json\/wp\/v2\/product_tag?post=1432"}],"curies":[{"name":"wp","href":"https:\/\/api.w.org\/{rel}","templated":true}]}}