{"id":1456,"date":"2025-11-20T13:32:15","date_gmt":"2025-11-20T13:32:15","guid":{"rendered":"https:\/\/acecoll.com\/?post_type=product&#038;p=1456"},"modified":"2026-04-07T07:15:40","modified_gmt":"2026-04-07T07:15:40","slug":"ac032-machete-kukri-grande-resistente","status":"publish","type":"product","link":"https:\/\/acecoll.com\/es\/producto\/ac032-machete-kukri-grande-resistente\/","title":{"rendered":"AC032 Machete Kukri Grande Muy Resistente"},"content":{"rendered":"<p>El AC032 es un machete Kukri de alta resistencia dise\u00f1ado para el corte de alta intensidad al aire libre y la exhibici\u00f3n de recolecci\u00f3n.<\/p>\n<p>Todo el cuchillo presenta un dise\u00f1o Full Tang, que garantiza la estabilidad estructural durante las tareas m\u00e1s duras.<\/p>\n<p>La hoja utiliza acero inoxidable AUS-10 de alta gama. Tras el tratamiento t\u00e9rmico, la dureza se estabiliza en 62 HRC, proporcionando una retenci\u00f3n del filo y una resistencia a la corrosi\u00f3n superiores.<\/p>\n<p>El mango es de madera de wengu\u00e9, que ofrece un agarre s\u00f3lido y absorbe los golpes al cortar.<\/p>\n<p>La funda tambi\u00e9n est\u00e1 hecha a medida con madera de wengu\u00e9, que cumple a la vez una funci\u00f3n protectora y de exposici\u00f3n.<\/p>\n<p>El grosor de 6 mm unido a la gran masa del cuchillo, combinado con la ventaja del peso del perfil Kukri, permite al AC032 generar una energ\u00eda cin\u00e9tica de corte extrema. Esto le permite afrontar con eficacia tareas como el desbroce de senderos y el corte de madera.<\/p>\n<p>Al mismo tiempo, sus materiales y artesan\u00eda de primera calidad, junto con su imponente aspecto y dise\u00f1o, le confieren el valor distintivo de una pieza de exposici\u00f3n coleccionable de alta gama.<\/p>","protected":false},"excerpt":{"rendered":"<p>Est\u00e9tica pesada de colecci\u00f3n El enorme tama\u00f1o de 18 pulgadas (460 mm), junto con un exquisito mango de madera de wengu\u00e9 y una funda de madera personalizada, crea un aspecto imponente y de primera calidad. M\u00e1s all\u00e1 de una robusta herramienta de supervivencia, es una pieza de exhibici\u00f3n para los entusiastas de los cuchillos, ideal para colecciones o como regalo.<\/p>\n<p>Acero de calidad superior Presenta acero inoxidable AUS-10 de alta gama tratado t\u00e9rmicamente a 62 HRC. Ofrece una excelente resistencia a la corrosi\u00f3n y una excepcional retenci\u00f3n del filo.<\/p>\n<p>Espesor de 6 mm y m\u00e1xima potencia de corte El lomo extragrueso de 6 mm y el peso de 866 g (1,9 lbs), combinados con el perfil Kukri inclinado hacia delante, generan un impulso masivo con el m\u00ednimo esfuerzo. Ideal para despejar la jungla, cortar madera y tareas t\u00e1cticas de brecha.<\/p>\n<p>Robusta construcci\u00f3n Full Tang Presenta un dise\u00f1o Full Tang integrado para garantizar la integridad estructural incluso bajo un abuso extremo. El mango de madera maciza proporciona un agarre seguro y absorbe eficazmente los golpes durante el picado fuerte.<\/p>","protected":false},"featured_media":1461,"comment_status":"open","ping_status":"closed","template":"","meta":{"_acf_changed":false,"inline_featured_image":false,"slim_seo":{"description":"AC032 Machete Kukri grande de gran resistencia: Est\u00e9tica coleccionable con vaina de madera. Satisface las exigencias t\u00e1cticas de supervivencia y exhibici\u00f3n. Ahora disponible, \u00a1haga clic para m\u00e1s detalles!","title":"AC032 Heavy Duty Large Kukri Machete - ACECOLL"}},"product_brand":[],"product_cat":[16,17,26],"product_tag":[],"class_list":{"0":"post-1456","1":"product","2":"type-product","3":"status-publish","4":"has-post-thumbnail","6":"product_cat-fixed-blade-knife","7":"product_cat-full-tang-knives","8":"product_cat-kukri-style-knives","10":"first","11":"instock","12":"taxable","13":"shipping-taxable","14":"purchasable","15":"product-type-simple"},"acf":[],"_links":{"self":[{"href":"https:\/\/acecoll.com\/es\/wp-json\/wp\/v2\/product\/1456","targetHints":{"allow":["GET"]}}],"collection":[{"href":"https:\/\/acecoll.com\/es\/wp-json\/wp\/v2\/product"}],"about":[{"href":"https:\/\/acecoll.com\/es\/wp-json\/wp\/v2\/types\/product"}],"replies":[{"embeddable":true,"href":"https:\/\/acecoll.com\/es\/wp-json\/wp\/v2\/comments?post=1456"}],"version-history":[{"count":4,"href":"https:\/\/acecoll.com\/es\/wp-json\/wp\/v2\/product\/1456\/revisions"}],"predecessor-version":[{"id":2032,"href":"https:\/\/acecoll.com\/es\/wp-json\/wp\/v2\/product\/1456\/revisions\/2032"}],"wp:featuredmedia":[{"embeddable":true,"href":"https:\/\/acecoll.com\/es\/wp-json\/wp\/v2\/media\/1461"}],"wp:attachment":[{"href":"https:\/\/acecoll.com\/es\/wp-json\/wp\/v2\/media?parent=1456"}],"wp:term":[{"taxonomy":"product_brand","embeddable":true,"href":"https:\/\/acecoll.com\/es\/wp-json\/wp\/v2\/product_brand?post=1456"},{"taxonomy":"product_cat","embeddable":true,"href":"https:\/\/acecoll.com\/es\/wp-json\/wp\/v2\/product_cat?post=1456"},{"taxonomy":"product_tag","embeddable":true,"href":"https:\/\/acecoll.com\/es\/wp-json\/wp\/v2\/product_tag?post=1456"}],"curies":[{"name":"wp","href":"https:\/\/api.w.org\/{rel}","templated":true}]}}