{"id":1473,"date":"2025-11-20T13:41:54","date_gmt":"2025-11-20T13:41:54","guid":{"rendered":"https:\/\/acecoll.com\/?post_type=product&#038;p=1473"},"modified":"2026-04-07T08:13:18","modified_gmt":"2026-04-07T08:13:18","slug":"ac034-machete-kukri-coleccionable-extra-largo-sobredimensionado","status":"publish","type":"product","link":"https:\/\/acecoll.com\/es\/producto\/ac034-machete-kukri-coleccionable-extra-largo-sobredimensionado\/","title":{"rendered":"AC034 Machete Kukri Coleccionable Extra Largo y Sobredimensionado"},"content":{"rendered":"<p>El AC034 es un Machete Kukri coleccionable de gran tama\u00f1o. Su dise\u00f1o principal se centra en la exhibici\u00f3n de primera calidad.Simult\u00e1neamente, este cuchillo cuenta con un rendimiento excepcional.<\/p>\n<p>Posee potentes capacidades de corte y para exteriores.Con una imponente longitud total de $600mm\\ (23.62 pulgadas)$, el AC034 establece su estatus de art\u00edculo de colecci\u00f3n extragrande.La hoja utiliza acero DC53 de alta calidad. El grosor del lomo alcanza $6mm$. Ofrece una tenacidad, resistencia al desgaste y dureza excepcionales.<\/p>\n<p>Esto garantiza su fiabilidad como herramienta de trabajo pesado, m\u00e1s all\u00e1 de su valor coleccionable.El mango est\u00e1 fabricado con la rara madera de Pao Ferro con un bello veteado natural. Proporciona un agarre c\u00f3modo.<\/p>\n<p>Incluye una funda personalizada de cuero grueso de alta calidad. La combinaci\u00f3n garantiza la distinci\u00f3n tanto para exhibirla como para guardarla. Esto eleva significativamente el valor de colecci\u00f3n y el prestigio general de la AC034.<\/p>","protected":false},"excerpt":{"rendered":"<p>Especificaciones sobredimensionadas: Impresionante longitud total de $600mm\\ (23,62 pulgadas)$, que establece su estatus como pieza de colecci\u00f3n extragrande. Dise\u00f1ado para entusiastas de gama alta, ofrece un poderoso impacto visual y un importante valor de inversi\u00f3n.<br \/>\nMango de madera de primera calidad: Mango fabricado con la rara madera de Pao Ferro (madera negra africana) con un bello veteado natural. Proporciona un agarre c\u00f3modo y seguro; el material y el acabado reflejan una calidad y un lujo sin concesiones.<br \/>\nFunda de cuero a medida: Incluye una funda gruesa de cuero aut\u00e9ntico dise\u00f1ada a medida. La funda realza la presentaci\u00f3n del cuchillo y proporciona una soluci\u00f3n distinguida tanto para su exposici\u00f3n como para su almacenamiento.<br \/>\nAcero DC53 de alto rendimiento: La hoja utiliza acero DC53 de alta calidad. Este material asegura una tenacidad, resistencia al desgaste y dureza excepcionales, garantizando una capacidad de corte y picado superior junto a su valor coleccionable.<br \/>\nRegalo ideal y pieza de exposici\u00f3n: Sirve como pieza central ic\u00f3nica para coleccionistas de cuchillos militares\/de uso al aire libre o como regalo de alta gama para entusiastas, proporcionando un valor incomparable y una presencia impactante.<\/p>","protected":false},"featured_media":1479,"comment_status":"open","ping_status":"closed","template":"","meta":{"_acf_changed":false,"inline_featured_image":false,"slim_seo":{"title":"AC034 Oversized & Extra-Long Collectible Kukri Machete - ACECOLL","description":"Especificaciones sobredimensionadas: Impresionante longitud total de $600mm\\ (23,62\\ pulgadas)$, que establece su estatus de coleccionable extragrande. Dise\u00f1ado para entu"}},"product_brand":[],"product_cat":[16,26],"product_tag":[],"class_list":{"0":"post-1473","1":"product","2":"type-product","3":"status-publish","4":"has-post-thumbnail","6":"product_cat-fixed-blade-knife","7":"product_cat-kukri-style-knives","9":"first","10":"instock","11":"taxable","12":"shipping-taxable","13":"purchasable","14":"product-type-simple"},"acf":[],"_links":{"self":[{"href":"https:\/\/acecoll.com\/es\/wp-json\/wp\/v2\/product\/1473","targetHints":{"allow":["GET"]}}],"collection":[{"href":"https:\/\/acecoll.com\/es\/wp-json\/wp\/v2\/product"}],"about":[{"href":"https:\/\/acecoll.com\/es\/wp-json\/wp\/v2\/types\/product"}],"replies":[{"embeddable":true,"href":"https:\/\/acecoll.com\/es\/wp-json\/wp\/v2\/comments?post=1473"}],"version-history":[{"count":3,"href":"https:\/\/acecoll.com\/es\/wp-json\/wp\/v2\/product\/1473\/revisions"}],"predecessor-version":[{"id":2035,"href":"https:\/\/acecoll.com\/es\/wp-json\/wp\/v2\/product\/1473\/revisions\/2035"}],"wp:featuredmedia":[{"embeddable":true,"href":"https:\/\/acecoll.com\/es\/wp-json\/wp\/v2\/media\/1479"}],"wp:attachment":[{"href":"https:\/\/acecoll.com\/es\/wp-json\/wp\/v2\/media?parent=1473"}],"wp:term":[{"taxonomy":"product_brand","embeddable":true,"href":"https:\/\/acecoll.com\/es\/wp-json\/wp\/v2\/product_brand?post=1473"},{"taxonomy":"product_cat","embeddable":true,"href":"https:\/\/acecoll.com\/es\/wp-json\/wp\/v2\/product_cat?post=1473"},{"taxonomy":"product_tag","embeddable":true,"href":"https:\/\/acecoll.com\/es\/wp-json\/wp\/v2\/product_tag?post=1473"}],"curies":[{"name":"wp","href":"https:\/\/api.w.org\/{rel}","templated":true}]}}