{"id":1481,"date":"2025-11-20T13:47:11","date_gmt":"2025-11-20T13:47:11","guid":{"rendered":"https:\/\/acecoll.com\/?post_type=product&#038;p=1481"},"modified":"2026-04-07T09:38:19","modified_gmt":"2026-04-07T09:38:19","slug":"ac035-machete-tactico-recto-largo-de-supervivencia","status":"publish","type":"product","link":"https:\/\/acecoll.com\/es\/producto\/ac035-machete-tactico-recto-largo-de-supervivencia\/","title":{"rendered":"AC035 Machete T\u00e1ctico de Supervivencia Recto Largo"},"content":{"rendered":"<p>El AC035 es un machete t\u00e1ctico recto largo ultraduradero. M\u00e1s all\u00e1 de la colecci\u00f3n y la exhibici\u00f3n, este cuchillo presenta una construcci\u00f3n robusta y un rendimiento excepcional.<\/p>\n<p>Su asombroso grosor de hoja de 8 mm y su estructura Full-Tang garantizan un corte pesado y una capacidad de supervivencia extrema en exteriores.<\/p>\n<p>La hoja utiliza acero en polvo T440 de alta gama. Se trata de un acero de primera calidad que proporciona una alta dureza superior, resistencia al desgaste y a la corrosi\u00f3n. Garantiza una retenci\u00f3n duradera del filo.<\/p>\n<p>El mango est\u00e1 fabricado con material de madera seleccionada. Ofrece un agarre s\u00f3lido y fiable, reflejando la naturaleza resuelta de un cuchillo de batalla cl\u00e1sico.<\/p>\n<p>Incluye una funda personalizada de cuero de alta calidad. Esto aumenta significativamente el valor de colecci\u00f3n y el prestigio general de la AC035. La vaina tambi\u00e9n la hace f\u00e1cilmente transportable para tareas de desbroce de matorrales o de supervivencia al aire libre.<\/p>","protected":false},"excerpt":{"rendered":"<p>Construcci\u00f3n y rendimiento ultraduraderos: Presenta una hoja de 8 mm de grosor, que ofrece una robustez y una resistencia a los impactos inigualables, superando las especificaciones est\u00e1ndar de los machetes. El dise\u00f1o Full-Tang garantiza un rendimiento excepcional durante operaciones extremas de corte y en el campo.<br \/>\nHoja de acero en polvo T440: Construida con acero en polvo T440 de alta gama. Se trata de un acero de primera calidad que combina una gran dureza, una resistencia superior al desgaste y una fiable resistencia a la corrosi\u00f3n, lo que garantiza una excelente y duradera retenci\u00f3n del filo.<br \/>\nDise\u00f1o t\u00e1ctico recto largo: Presume de una hoja recta larga de 410 mm (16,14 pulgadas) y un lomo de sierra \u00fanico de doble funci\u00f3n. Integra las capacidades de picar, partir y cortar, dise\u00f1ada para la supervivencia t\u00e1ctica y el desbroce pesado en exteriores.<br \/>\nMateriales y artesan\u00eda de colecci\u00f3n: La AC035 alcanza un alto valor de colecci\u00f3n y exhibici\u00f3n equilibrando utilidad y est\u00e9tica. Esto es evidente en su acero de alto rendimiento, el mango de madera seleccionada (que proporciona un agarre s\u00f3lido), y su acabado y artesan\u00eda general de primera calidad.<\/p>","protected":false},"featured_media":1482,"comment_status":"open","ping_status":"closed","template":"","meta":{"_acf_changed":false,"inline_featured_image":false,"slim_seo":{"description":"AC035 Machete t\u00e1ctico largo de supervivencia: Adecuado para la recolecci\u00f3n de primera calidad, junto con el bushcraft extremo y el desbroce pesado. Ahora totalmente liberado. Descubra sus prestaciones.","title":"AC035 Long Straight Tactical Survival Machete - ACECOLL"}},"product_brand":[],"product_cat":[16,17,18],"product_tag":[],"class_list":{"0":"post-1481","1":"product","2":"type-product","3":"status-publish","4":"has-post-thumbnail","6":"product_cat-fixed-blade-knife","7":"product_cat-full-tang-knives","8":"product_cat-survival-knives","10":"first","11":"instock","12":"taxable","13":"shipping-taxable","14":"purchasable","15":"product-type-simple"},"acf":[],"_links":{"self":[{"href":"https:\/\/acecoll.com\/es\/wp-json\/wp\/v2\/product\/1481","targetHints":{"allow":["GET"]}}],"collection":[{"href":"https:\/\/acecoll.com\/es\/wp-json\/wp\/v2\/product"}],"about":[{"href":"https:\/\/acecoll.com\/es\/wp-json\/wp\/v2\/types\/product"}],"replies":[{"embeddable":true,"href":"https:\/\/acecoll.com\/es\/wp-json\/wp\/v2\/comments?post=1481"}],"version-history":[{"count":4,"href":"https:\/\/acecoll.com\/es\/wp-json\/wp\/v2\/product\/1481\/revisions"}],"predecessor-version":[{"id":2039,"href":"https:\/\/acecoll.com\/es\/wp-json\/wp\/v2\/product\/1481\/revisions\/2039"}],"wp:featuredmedia":[{"embeddable":true,"href":"https:\/\/acecoll.com\/es\/wp-json\/wp\/v2\/media\/1482"}],"wp:attachment":[{"href":"https:\/\/acecoll.com\/es\/wp-json\/wp\/v2\/media?parent=1481"}],"wp:term":[{"taxonomy":"product_brand","embeddable":true,"href":"https:\/\/acecoll.com\/es\/wp-json\/wp\/v2\/product_brand?post=1481"},{"taxonomy":"product_cat","embeddable":true,"href":"https:\/\/acecoll.com\/es\/wp-json\/wp\/v2\/product_cat?post=1481"},{"taxonomy":"product_tag","embeddable":true,"href":"https:\/\/acecoll.com\/es\/wp-json\/wp\/v2\/product_tag?post=1481"}],"curies":[{"name":"wp","href":"https:\/\/api.w.org\/{rel}","templated":true}]}}