{"id":1940,"date":"2026-01-05T14:01:53","date_gmt":"2026-01-05T14:01:53","guid":{"rendered":"https:\/\/acecoll.com\/?post_type=product&#038;p=1940"},"modified":"2026-04-08T13:53:32","modified_gmt":"2026-04-08T13:53:32","slug":"ac036-cuchillo-de-hoja-larga-fija-de-grado-de-exhibicion","status":"publish","type":"product","link":"https:\/\/acecoll.com\/es\/producto\/ac036-cuchillo-de-hoja-larga-fija-de-grado-de-exhibicion\/","title":{"rendered":"AC036 Cuchillo de hoja fija larga para exposici\u00f3n"},"content":{"rendered":"<p>El cuchillo de hoja fija larga de coleccionista de grado de exhibici\u00f3n AC036 presenta un perfil de hoja recto y limpio con un aspecto refinado y minimalista. Forjado en acero AUS-10 y emparejado con una funda de cuero, est\u00e1 dise\u00f1ado para colecci\u00f3n, exhibici\u00f3n.<\/p>","protected":false},"excerpt":{"rendered":"<ul>\n<li>Perfil de hoja largo, recto y limpio<\/li>\n<li>Forjado en acero AUS-10<\/li>\n<li>Incluye funda de cuero<\/li>\n<li>Adecuado para coleccionar y exponer<\/li>\n<\/ul>","protected":false},"featured_media":2052,"comment_status":"open","ping_status":"closed","template":"","meta":{"_acf_changed":false,"inline_featured_image":false,"slim_seo":{"description":"AC036 Cuchillo de hoja fija larga de coleccionista de grado de exhibici\u00f3n forjado en acero AUS-10 con un perfil de hoja recto. Incluye funda de cuero, \u00a1Haga clic para saber m\u00e1s!","title":"AC036 Display-Grade Long Fixed Blade Knife - ACECOLL"}},"product_brand":[],"product_cat":[16],"product_tag":[],"class_list":{"0":"post-1940","1":"product","2":"type-product","3":"status-publish","4":"has-post-thumbnail","6":"product_cat-fixed-blade-knife","8":"first","9":"instock","10":"taxable","11":"shipping-taxable","12":"purchasable","13":"product-type-simple"},"acf":[],"_links":{"self":[{"href":"https:\/\/acecoll.com\/es\/wp-json\/wp\/v2\/product\/1940","targetHints":{"allow":["GET"]}}],"collection":[{"href":"https:\/\/acecoll.com\/es\/wp-json\/wp\/v2\/product"}],"about":[{"href":"https:\/\/acecoll.com\/es\/wp-json\/wp\/v2\/types\/product"}],"replies":[{"embeddable":true,"href":"https:\/\/acecoll.com\/es\/wp-json\/wp\/v2\/comments?post=1940"}],"version-history":[{"count":7,"href":"https:\/\/acecoll.com\/es\/wp-json\/wp\/v2\/product\/1940\/revisions"}],"predecessor-version":[{"id":2060,"href":"https:\/\/acecoll.com\/es\/wp-json\/wp\/v2\/product\/1940\/revisions\/2060"}],"wp:featuredmedia":[{"embeddable":true,"href":"https:\/\/acecoll.com\/es\/wp-json\/wp\/v2\/media\/2052"}],"wp:attachment":[{"href":"https:\/\/acecoll.com\/es\/wp-json\/wp\/v2\/media?parent=1940"}],"wp:term":[{"taxonomy":"product_brand","embeddable":true,"href":"https:\/\/acecoll.com\/es\/wp-json\/wp\/v2\/product_brand?post=1940"},{"taxonomy":"product_cat","embeddable":true,"href":"https:\/\/acecoll.com\/es\/wp-json\/wp\/v2\/product_cat?post=1940"},{"taxonomy":"product_tag","embeddable":true,"href":"https:\/\/acecoll.com\/es\/wp-json\/wp\/v2\/product_tag?post=1940"}],"curies":[{"name":"wp","href":"https:\/\/api.w.org\/{rel}","templated":true}]}}