{"id":223,"date":"2025-10-28T07:38:40","date_gmt":"2025-10-28T07:38:40","guid":{"rendered":"https:\/\/acecoll.com\/?post_type=product&#038;p=223"},"modified":"2025-11-29T03:53:10","modified_gmt":"2025-11-29T03:53:10","slug":"af008-cuchillo-tactico-estilo-usmc-d2-acero-mango-de-madera-apilado","status":"publish","type":"product","link":"https:\/\/acecoll.com\/es\/producto\/af008-cuchillo-tactico-estilo-usmc-d2-acero-mango-de-madera-apilado\/","title":{"rendered":"AC008 Cuchillo t\u00e1ctico estilo marino con punta de clip"},"content":{"rendered":"<p>El cuchillo t\u00e1ctico y de supervivencia AC008 Clip Point Marine-Style es un cuchillo de campo t\u00e1ctico de estilo cl\u00e1sico.<\/p>\n<p>La hoja est\u00e1 forjada a mano en acero D2 de alta resistencia, lo que la hace s\u00f3lida y afilada. El cl\u00e1sico dise\u00f1o Clip Point proporciona un excelente poder de perforaci\u00f3n y control del corte, encarnando plenamente la practicidad y resistencia del cuchillo de estilo marino.<\/p>\n<p>El mango de madera apilada est\u00e1 finamente pulido para un agarre seguro y c\u00f3modo, manteniendo un control fiable incluso en condiciones h\u00famedas o extremas.<\/p>\n<p>Viene con una funda de cuero de alta calidad que puede llevarse verticalmente en un cintur\u00f3n o correa para un acceso y transporte c\u00f3modos.<\/p>\n<p>Ya sea para la caza, la acampada, la supervivencia o la aventura al aire libre, el AC008 es un compa\u00f1ero fiable que combina el estilo cl\u00e1sico con un rendimiento superior.<\/p>","protected":false},"excerpt":{"rendered":"<ul>\n<li><strong>Dise\u00f1o cl\u00e1sico:<\/strong> Inspirado en el tradicional cuchillo t\u00e1ctico de estilo marino, presenta un aspecto robusto que combina potencia y valor coleccionable.<\/li>\n<li><strong>Acero de primera calidad:<\/strong> Forjada a mano en acero D2 de alta resistencia, dura y afilada.<\/li>\n<li><strong>Mango de madera apilada:<\/strong> El dise\u00f1o contorneado cl\u00e1sico garantiza un agarre c\u00f3modo y antideslizante en cualquier condici\u00f3n.<\/li>\n<li><strong>Funda de cuero:<\/strong> Viene con una funda de cuero para llevarla f\u00e1cilmente en el cintur\u00f3n o en posici\u00f3n vertical, c\u00f3moda tanto para acceder a ella como para guardarla.<\/li>\n<li><strong>Uso vers\u00e1til:<\/strong> Adecuado para cortar al aire libre, encender fuego, preparar alimentos y sobrevivir: su compa\u00f1ero de confianza para cualquier aventura.<\/li>\n<\/ul>","protected":false},"featured_media":275,"comment_status":"open","ping_status":"closed","template":"","meta":{"_acf_changed":false,"inline_featured_image":false,"slim_seo":{"description":"El cuchillo t\u00e1ctico y de supervivencia AC008 Clip Point de estilo marino es su compa\u00f1ero de confianza para la caza, el camping, la supervivencia y las aventuras al aire libre. Muy vendido ahora- \u00a1haga clic para saber m\u00e1s!","title":"AC008 Clip Point Marine-Style Tactical Knife - ACECOLL"}},"product_brand":[],"product_cat":[16,19],"product_tag":[],"class_list":{"0":"post-223","1":"product","2":"type-product","3":"status-publish","4":"has-post-thumbnail","6":"product_cat-fixed-blade-knife","7":"product_cat-tactical-knives","9":"first","10":"instock","11":"taxable","12":"shipping-taxable","13":"purchasable","14":"product-type-variable"},"acf":[],"_links":{"self":[{"href":"https:\/\/acecoll.com\/es\/wp-json\/wp\/v2\/product\/223","targetHints":{"allow":["GET"]}}],"collection":[{"href":"https:\/\/acecoll.com\/es\/wp-json\/wp\/v2\/product"}],"about":[{"href":"https:\/\/acecoll.com\/es\/wp-json\/wp\/v2\/types\/product"}],"replies":[{"embeddable":true,"href":"https:\/\/acecoll.com\/es\/wp-json\/wp\/v2\/comments?post=223"}],"version-history":[{"count":5,"href":"https:\/\/acecoll.com\/es\/wp-json\/wp\/v2\/product\/223\/revisions"}],"predecessor-version":[{"id":1688,"href":"https:\/\/acecoll.com\/es\/wp-json\/wp\/v2\/product\/223\/revisions\/1688"}],"wp:featuredmedia":[{"embeddable":true,"href":"https:\/\/acecoll.com\/es\/wp-json\/wp\/v2\/media\/275"}],"wp:attachment":[{"href":"https:\/\/acecoll.com\/es\/wp-json\/wp\/v2\/media?parent=223"}],"wp:term":[{"taxonomy":"product_brand","embeddable":true,"href":"https:\/\/acecoll.com\/es\/wp-json\/wp\/v2\/product_brand?post=223"},{"taxonomy":"product_cat","embeddable":true,"href":"https:\/\/acecoll.com\/es\/wp-json\/wp\/v2\/product_cat?post=223"},{"taxonomy":"product_tag","embeddable":true,"href":"https:\/\/acecoll.com\/es\/wp-json\/wp\/v2\/product_tag?post=223"}],"curies":[{"name":"wp","href":"https:\/\/api.w.org\/{rel}","templated":true}]}}