{"id":224,"date":"2025-10-28T07:38:41","date_gmt":"2025-10-28T07:38:41","guid":{"rendered":"https:\/\/acecoll.com\/?post_type=product&#038;p=224"},"modified":"2026-02-11T07:19:57","modified_gmt":"2026-02-11T07:19:57","slug":"af009-cuchillo-tactico-tanto","status":"publish","type":"product","link":"https:\/\/acecoll.com\/es\/producto\/af009-cuchillo-tactico-tanto\/","title":{"rendered":"AC009 Cuchillo t\u00e1ctico y de supervivencia Tanto"},"content":{"rendered":"<p>AC009 Tanto Tactical &amp; Survival Knife, a high-end outdoor knife that combines power and precision craftsmanship.<br \/>\nForged from high-strength Z-Wear stainless steel with a hardness of 60\u00b1HRC.<br \/>\nLa construcci\u00f3n full-tang y la hoja de 7 mm de grosor garantizan la estabilidad y la fiabilidad bajo un uso intensivo.<br \/>\nEl mango de G10 tiene un dise\u00f1o ergon\u00f3mico, es antideslizante, resistente al calor y c\u00f3modo de sujetar.<br \/>\nViene con una funda de Kydex que es ligera, duradera y permite llevarla f\u00e1cilmente y acceder a ella con rapidez.<br \/>\nYa sea para acampada, caza, pesca, aventura, supervivencia al aire libre o coleccionismo, la AF009 ofrece un rendimiento excepcional con una calidad y una artesan\u00eda refinadas.<\/p>","protected":false},"excerpt":{"rendered":"<p><strong>Dise\u00f1o de la hoja estilo samurai Tanto:<\/strong> El filo recto y afilado como una navaja ofrece un potente rendimiento de perforaci\u00f3n y corte, adecuado para una amplia gama de tareas al aire libre.<br \/>\n<strong>Hoja de acero inoxidable Z-Wear engrosada:<\/strong> Forjadas en acero Z-Wear de alta resistencia con una dureza de 60\u00b1HRC. Afilado, resistente al desgaste y altamente resistente a la corrosi\u00f3n. La hoja de 7 mm de grosor proporciona potencia y durabilidad extra.<br \/>\n<strong>Construcci\u00f3n fija Full-Tang:<\/strong> La estructura de una sola pieza garantiza la estabilidad y la fiabilidad en condiciones de uso intensivo.<br \/>\n<strong>Mango de fibra de nylon G10:<\/strong> Dise\u00f1o ergon\u00f3mico, antideslizante, resistente al calor y proporciona un agarre seguro y c\u00f3modo.<br \/>\n<strong>Funda de Kydex de alta resistencia:<\/strong> Ligero, duradero y permite un acceso r\u00e1pido y f\u00e1cil.<br \/>\n<strong>Aplicaci\u00f3n profesional multiescena:<\/strong> Ideal para acampar, cazar, pescar, explorar y sobrevivir al aire libre. Tambi\u00e9n adecuado para la recolecci\u00f3n.<\/p>","protected":false},"featured_media":281,"comment_status":"open","ping_status":"closed","template":"","meta":{"_acf_changed":false,"inline_featured_image":false,"slim_seo":{"description":"Cuchillo t\u00e1ctico y de supervivencia AC009 Tanto, fabricado con acero de primera calidad y mano de obra superior. Dise\u00f1ado tanto para uso en exteriores como para coleccionismo. Calidad excepcional - \u00a1haga clic para saber m\u00e1s!","title":"AC009 Tanto Tactical & survival Knife - ACECOLL"}},"product_brand":[],"product_cat":[16,17,19,21],"product_tag":[],"class_list":{"0":"post-224","1":"product","2":"type-product","3":"status-publish","4":"has-post-thumbnail","6":"product_cat-fixed-blade-knife","7":"product_cat-full-tang-knives","8":"product_cat-tactical-knives","9":"product_cat-tanto-knives","11":"first","12":"instock","13":"purchasable","14":"product-type-simple"},"acf":[],"_links":{"self":[{"href":"https:\/\/acecoll.com\/es\/wp-json\/wp\/v2\/product\/224","targetHints":{"allow":["GET"]}}],"collection":[{"href":"https:\/\/acecoll.com\/es\/wp-json\/wp\/v2\/product"}],"about":[{"href":"https:\/\/acecoll.com\/es\/wp-json\/wp\/v2\/types\/product"}],"replies":[{"embeddable":true,"href":"https:\/\/acecoll.com\/es\/wp-json\/wp\/v2\/comments?post=224"}],"version-history":[{"count":4,"href":"https:\/\/acecoll.com\/es\/wp-json\/wp\/v2\/product\/224\/revisions"}],"predecessor-version":[{"id":1319,"href":"https:\/\/acecoll.com\/es\/wp-json\/wp\/v2\/product\/224\/revisions\/1319"}],"wp:featuredmedia":[{"embeddable":true,"href":"https:\/\/acecoll.com\/es\/wp-json\/wp\/v2\/media\/281"}],"wp:attachment":[{"href":"https:\/\/acecoll.com\/es\/wp-json\/wp\/v2\/media?parent=224"}],"wp:term":[{"taxonomy":"product_brand","embeddable":true,"href":"https:\/\/acecoll.com\/es\/wp-json\/wp\/v2\/product_brand?post=224"},{"taxonomy":"product_cat","embeddable":true,"href":"https:\/\/acecoll.com\/es\/wp-json\/wp\/v2\/product_cat?post=224"},{"taxonomy":"product_tag","embeddable":true,"href":"https:\/\/acecoll.com\/es\/wp-json\/wp\/v2\/product_tag?post=224"}],"curies":[{"name":"wp","href":"https:\/\/api.w.org\/{rel}","templated":true}]}}