{"id":225,"date":"2025-10-28T07:38:41","date_gmt":"2025-10-28T07:38:41","guid":{"rendered":"https:\/\/acecoll.com\/?post_type=product&#038;p=225"},"modified":"2026-02-11T07:21:38","modified_gmt":"2026-02-11T07:21:38","slug":"af010-kukri-nepali-machete-65mn-acero-mango-madera-dura","status":"publish","type":"product","link":"https:\/\/acecoll.com\/es\/producto\/af010-kukri-nepali-machete-65mn-acero-mango-madera-dura\/","title":{"rendered":"AC010 Machete Kukri resistente"},"content":{"rendered":"<p>El AC010 Heavy Duty Gurkha Kukri Machete est\u00e1 inspirado en el dise\u00f1o tradicional de los soldados Gurkha nepal\u00edes. La hoja curvada hacia delante desplaza el equilibrio de forma natural hacia delante, generando un mayor impulso en cada golpe. La punta ligeramente ensanchada aumenta la potencia de corte a la vez que permite al cuchillo realizar tareas de corte, picado y divisi\u00f3n de forma eficiente.<\/p>\n<p>La AC010 est\u00e1 totalmente forjada a mano en acero de alto manganeso 65Mn y tratada t\u00e9rmicamente para conseguir una dureza y tenacidad superiores. Su construcci\u00f3n de espiga completa integra la hoja y el mango en una pieza s\u00f3lida, lo que la hace ideal para desbrozar arbustos, trabajos forestales y cualquier tarea exigente de corte o troceado al aire libre.<\/p>\n<p>El mango est\u00e1 fabricado en madera dura natural, lo que proporciona un agarre firme y c\u00f3modo. Viene con una funda de cuero aut\u00e9ntico y un orificio para el cord\u00f3n que permite llevarla c\u00f3modamente y acceder a ella con rapidez.<\/p>\n<p>Tanto si se utiliza para desbrozar la selva, trabajar en campamentos, hacer bushcraft o entrenar para la supervivencia, el AC010 demuestra una resistencia y una artesan\u00eda excepcionales, lo que lo convierte en un cuchillo fiable y resistente para los entusiastas de las actividades al aire libre y los profesionales de la supervivencia.<\/p>","protected":false},"excerpt":{"rendered":"<p>Dise\u00f1o cl\u00e1sico Gurkha: La hoja curvada hacia delante proporciona una mayor potencia de corte a la vez que un excelente rendimiento de corte, acuchillado y hendido.<br \/>\nLomo extragrueso: Un equilibrio ponderado hacia delante y una espina dorsal de 10 mm de grosor ofrecen una fuerza de corte y una estabilidad superiores.<br \/>\nConstrucci\u00f3n Full-Tang: Forjada en acero 65 de alto manganeso con pasadores de lat\u00f3n que aseguran el mango para una durabilidad y seguridad extraordinarias.<br \/>\nMango de madera dura: Fabricado en madera dura natural para un agarre firme y c\u00f3modo que se mantiene seguro incluso durante un uso prolongado.<br \/>\nFunda de cuero y portabilidad: Viene con una funda de cuero genuino para el cintur\u00f3n y un orificio para el cord\u00f3n para un transporte c\u00f3modo y flexible en el campo.<br \/>\nUso vers\u00e1til en exteriores: Perfecta para trabajos de bushcraft, acampadas, limpieza de senderos y tareas exigentes al aire libre, la AC010 puede con todo.<\/p>","protected":false},"featured_media":289,"comment_status":"open","ping_status":"closed","template":"","meta":{"_acf_changed":false,"inline_featured_image":false,"slim_seo":{"title":"AC010 Heavy Duty Kukri Machete - ACECOLL","description":"Dise\u00f1o cl\u00e1sico Gurkha: La hoja curvada hacia delante proporciona una mayor potencia de corte a la vez que un excelente rendimiento de corte, acuchillado y hendido. Extra-T"}},"product_brand":[],"product_cat":[16,17,26],"product_tag":[],"class_list":{"0":"post-225","1":"product","2":"type-product","3":"status-publish","4":"has-post-thumbnail","6":"product_cat-fixed-blade-knife","7":"product_cat-full-tang-knives","8":"product_cat-kukri-style-knives","10":"first","11":"instock","12":"taxable","13":"shipping-taxable","14":"purchasable","15":"product-type-simple"},"acf":[],"_links":{"self":[{"href":"https:\/\/acecoll.com\/es\/wp-json\/wp\/v2\/product\/225","targetHints":{"allow":["GET"]}}],"collection":[{"href":"https:\/\/acecoll.com\/es\/wp-json\/wp\/v2\/product"}],"about":[{"href":"https:\/\/acecoll.com\/es\/wp-json\/wp\/v2\/types\/product"}],"replies":[{"embeddable":true,"href":"https:\/\/acecoll.com\/es\/wp-json\/wp\/v2\/comments?post=225"}],"version-history":[{"count":4,"href":"https:\/\/acecoll.com\/es\/wp-json\/wp\/v2\/product\/225\/revisions"}],"predecessor-version":[{"id":1682,"href":"https:\/\/acecoll.com\/es\/wp-json\/wp\/v2\/product\/225\/revisions\/1682"}],"wp:featuredmedia":[{"embeddable":true,"href":"https:\/\/acecoll.com\/es\/wp-json\/wp\/v2\/media\/289"}],"wp:attachment":[{"href":"https:\/\/acecoll.com\/es\/wp-json\/wp\/v2\/media?parent=225"}],"wp:term":[{"taxonomy":"product_brand","embeddable":true,"href":"https:\/\/acecoll.com\/es\/wp-json\/wp\/v2\/product_brand?post=225"},{"taxonomy":"product_cat","embeddable":true,"href":"https:\/\/acecoll.com\/es\/wp-json\/wp\/v2\/product_cat?post=225"},{"taxonomy":"product_tag","embeddable":true,"href":"https:\/\/acecoll.com\/es\/wp-json\/wp\/v2\/product_tag?post=225"}],"curies":[{"name":"wp","href":"https:\/\/api.w.org\/{rel}","templated":true}]}}