{"id":226,"date":"2025-10-28T07:38:41","date_gmt":"2025-10-28T07:38:41","guid":{"rendered":"https:\/\/acecoll.com\/?post_type=product&#038;p=226"},"modified":"2026-02-11T07:21:02","modified_gmt":"2026-02-11T07:21:02","slug":"af011-cuchillo-tactico-de-supervivencia-acero-dc53-mango-g10-negro","status":"publish","type":"product","link":"https:\/\/acecoll.com\/es\/producto\/af011-cuchillo-tactico-de-supervivencia-acero-dc53-mango-g10-negro\/","title":{"rendered":"AC011 Cuchillo t\u00e1ctico de supervivencia postapocal\u00edptico"},"content":{"rendered":"<p>El cuchillo de supervivencia t\u00e1ctico post-apocal\u00edptico AC011 es un cuchillo para exteriores de gran resistencia que combina el rendimiento t\u00e1ctico con un llamativo atractivo visual. La hoja est\u00e1 fabricada con acero DC53 de alto rendimiento, que alcanza una dureza de 57-61 HRC, y ofrece un excelente afilado, dureza y resistencia a la corrosi\u00f3n.<\/p>\n<p>La superficie presenta un acabado lavado a la piedra con una textura \u00fanica en forma de murci\u00e9lago, que le confiere un aspecto agresivo a la vez que mejora eficazmente la resistencia a la oxidaci\u00f3n y al \u00f3xido.<\/p>\n<p>El cuchillo tiene una construcci\u00f3n de espiga completa con la hoja atravesando el mango, reforzada por tornillos y remaches para una mayor resistencia y estabilidad.<\/p>\n<p>El mango est\u00e1 fabricado con un material duradero y antideslizante que proporciona un agarre c\u00f3modo y seguro, manteniendo un excelente control incluso durante un uso prolongado.<\/p>\n<p>Viene con una funda de nailon resistente que se puede sujetar al cintur\u00f3n o a la mochila para llevarla con facilidad y acceder a ella con rapidez.<\/p>\n<p>Ya sea para acampada, caza, bushcraft, pesca o supervivencia al aire libre, el AC011 ofrece un rendimiento fiable y un estilo t\u00e1ctico audaz, lo que lo convierte en la elecci\u00f3n ideal para los entusiastas de las actividades al aire libre y los profesionales t\u00e1cticos.<\/p>","protected":false},"excerpt":{"rendered":"<p>Dise\u00f1o t\u00e1ctico postapocal\u00edptico: Presenta un estilo postapocal\u00edptico distintivo, que combina un aspecto agresivo con una funcionalidad pr\u00e1ctica.<br \/>\nAcero DC53 de alto rendimiento: Ofrece una dureza de 57-61 HRC con una excelente resistencia al desgaste, a la corrosi\u00f3n y una tenacidad sobresaliente.<br \/>\nAcabado de la superficie encalado a la piedra: El acabado de la hoja en forma de murci\u00e9lago proporciona un aspecto llamativo a la vez que mejora la resistencia a la oxidaci\u00f3n y al \u00f3xido.<br \/>\nConstrucci\u00f3n Full-Tang: Una sola pieza de acero atraviesa el mango, reforzada con tornillos y remaches para una mayor resistencia y estabilidad.<br \/>\nEmpu\u00f1adura antideslizante G10: Fabricada con material compuesto de fibra de vidrio para un agarre duradero, antideslizante y c\u00f3modo, adecuado para un uso prolongado.<br \/>\nFunda de nylon para mayor portabilidad: Duradera y fiable, puede engancharse al cintur\u00f3n o a la mochila para acceder r\u00e1pidamente a ella en caso de emergencia al aire libre.<br \/>\nUso vers\u00e1til en exteriores: Perfecta para acampadas, caza, pesca, bushcraft y misiones de supervivencia; una elecci\u00f3n ideal para usuarios t\u00e1cticos y coleccionistas.<\/p>","protected":false},"featured_media":295,"comment_status":"open","ping_status":"closed","template":"","meta":{"_acf_changed":false,"inline_featured_image":false,"slim_seo":{"description":"El cuchillo t\u00e1ctico de supervivencia postapocal\u00edptico AC011 combina un dise\u00f1o llamativo con un rendimiento resistente al \u00f3xido. Perfecto para acampada, caza, bushcraft y supervivencia al aire libre. Pulse para saber m\u00e1s.","title":"AC011 Post-Apocalyptic Tactical Survival Knife - ACECOLL"}},"product_brand":[],"product_cat":[16,18],"product_tag":[],"class_list":{"0":"post-226","1":"product","2":"type-product","3":"status-publish","4":"has-post-thumbnail","6":"product_cat-fixed-blade-knife","7":"product_cat-survival-knives","9":"first","10":"instock","11":"taxable","12":"shipping-taxable","13":"purchasable","14":"product-type-simple"},"acf":[],"_links":{"self":[{"href":"https:\/\/acecoll.com\/es\/wp-json\/wp\/v2\/product\/226","targetHints":{"allow":["GET"]}}],"collection":[{"href":"https:\/\/acecoll.com\/es\/wp-json\/wp\/v2\/product"}],"about":[{"href":"https:\/\/acecoll.com\/es\/wp-json\/wp\/v2\/types\/product"}],"replies":[{"embeddable":true,"href":"https:\/\/acecoll.com\/es\/wp-json\/wp\/v2\/comments?post=226"}],"version-history":[{"count":5,"href":"https:\/\/acecoll.com\/es\/wp-json\/wp\/v2\/product\/226\/revisions"}],"predecessor-version":[{"id":1965,"href":"https:\/\/acecoll.com\/es\/wp-json\/wp\/v2\/product\/226\/revisions\/1965"}],"wp:featuredmedia":[{"embeddable":true,"href":"https:\/\/acecoll.com\/es\/wp-json\/wp\/v2\/media\/295"}],"wp:attachment":[{"href":"https:\/\/acecoll.com\/es\/wp-json\/wp\/v2\/media?parent=226"}],"wp:term":[{"taxonomy":"product_brand","embeddable":true,"href":"https:\/\/acecoll.com\/es\/wp-json\/wp\/v2\/product_brand?post=226"},{"taxonomy":"product_cat","embeddable":true,"href":"https:\/\/acecoll.com\/es\/wp-json\/wp\/v2\/product_cat?post=226"},{"taxonomy":"product_tag","embeddable":true,"href":"https:\/\/acecoll.com\/es\/wp-json\/wp\/v2\/product_tag?post=226"}],"curies":[{"name":"wp","href":"https:\/\/api.w.org\/{rel}","templated":true}]}}