{"id":227,"date":"2025-10-28T07:38:41","date_gmt":"2025-10-28T07:38:41","guid":{"rendered":"https:\/\/acecoll.com\/?post_type=product&#038;p=227"},"modified":"2026-02-11T07:21:20","modified_gmt":"2026-02-11T07:21:20","slug":"af012-cuchillo-bowie-de-caza-cpm-t440v-acero","status":"publish","type":"product","link":"https:\/\/acecoll.com\/es\/producto\/af012-cuchillo-bowie-de-caza-cpm-t440v-acero\/","title":{"rendered":"AC012 Navaja Bowie mediana-grande con punta de clip"},"content":{"rendered":"<p>AC012 Medium-Large Clip Point Bowie Knife:** A premium outdoor knife that combines practical performance with refined craftsmanship.<\/p>\n<p>La hoja est\u00e1 forjada con precisi\u00f3n en acero inoxidable de alto contenido en carbono **CPM-T440V**, con una **construcci\u00f3n de espiga completa** que atraviesa el mango para una resistencia y durabilidad excepcionales. Permanece estable y fiable incluso tras un uso prolongado para cortar, picar o perforar.<\/p>\n<p>El **mango de madera dura negra** ofrece un agarre c\u00f3modo, antideslizante y seguro.<\/p>\n<p>La **funda de cuero genuino negro** viene con un broche de seguridad y una trabilla para el cintur\u00f3n, lo que facilita su transporte y almacenamiento durante las actividades al aire libre.<\/p>\n<p>Whether for hunting, camping, bushcraft, or collection, the AC012 stands out with its solid build and sleek appearance\u2014an ideal and trustworthy companion for outdoor enthusiasts and hunters alike.<\/p>","protected":false},"excerpt":{"rendered":"<p>Dise\u00f1o llamativo: Perfil estilo Bowie que combina practicidad con est\u00e9tica. La punta afilada ofrece un excelente rendimiento de perforaci\u00f3n y corte.<br \/>\nAcero de alto rendimiento: Fabricada en acero inoxidable de alto contenido en carbono CPM-T440V, se mantiene fuerte y afilada incluso tras un uso prolongado.<br \/>\nForma cl\u00e1sica de punta de clip: Punta afilad\u00edsima con una penetraci\u00f3n extraordinaria. El lomo curvado permite un corte preciso a la vez que realza el atractivo visual del cuchillo.<br \/>\nMango de madera dura: El abombamiento contorneado de la palma proporciona un agarre c\u00f3modo y antideslizante para un manejo seguro y estable.<br \/>\nConstrucci\u00f3n Full-Tang: La hoja full-tang de una sola pieza que atraviesa el mango garantiza una resistencia y durabilidad superiores.<br \/>\nFunda de cuero genuino: Funda de cuero de primera calidad con broche de seguridad y trabilla para el cintur\u00f3n que facilita el transporte y protege la hoja.<br \/>\nAplicaci\u00f3n vers\u00e1til: Ideal para la caza, la acampada, el entrenamiento de supervivencia y la recolecci\u00f3n: una elecci\u00f3n excelente para los entusiastas de las actividades al aire libre y los cazadores.<\/p>","protected":false},"featured_media":302,"comment_status":"open","ping_status":"closed","template":"","meta":{"_acf_changed":false,"inline_featured_image":false,"slim_seo":{"description":"El cuchillo Bowie de punta de clip mediano-grande AC012 ofrece un excelente rendimiento de perforaci\u00f3n y corte. Ya sea para caza, acampada, entrenamiento de supervivencia o aventuras al aire libre, el AC012 es un compa\u00f1ero fiable. Descubra este cuchillo premium para exteriores que combina fuerza y artesan\u00eda","title":"AC012 Medium-Large Clip Point Bowie Knife - ACECOLL"}},"product_brand":[],"product_cat":[22,16,18],"product_tag":[],"class_list":{"0":"post-227","1":"product","2":"type-product","3":"status-publish","4":"has-post-thumbnail","6":"product_cat-bowie-knife","7":"product_cat-fixed-blade-knife","8":"product_cat-survival-knives","10":"first","11":"instock","12":"taxable","13":"shipping-taxable","14":"purchasable","15":"product-type-simple"},"acf":[],"_links":{"self":[{"href":"https:\/\/acecoll.com\/es\/wp-json\/wp\/v2\/product\/227","targetHints":{"allow":["GET"]}}],"collection":[{"href":"https:\/\/acecoll.com\/es\/wp-json\/wp\/v2\/product"}],"about":[{"href":"https:\/\/acecoll.com\/es\/wp-json\/wp\/v2\/types\/product"}],"replies":[{"embeddable":true,"href":"https:\/\/acecoll.com\/es\/wp-json\/wp\/v2\/comments?post=227"}],"version-history":[{"count":3,"href":"https:\/\/acecoll.com\/es\/wp-json\/wp\/v2\/product\/227\/revisions"}],"predecessor-version":[{"id":940,"href":"https:\/\/acecoll.com\/es\/wp-json\/wp\/v2\/product\/227\/revisions\/940"}],"wp:featuredmedia":[{"embeddable":true,"href":"https:\/\/acecoll.com\/es\/wp-json\/wp\/v2\/media\/302"}],"wp:attachment":[{"href":"https:\/\/acecoll.com\/es\/wp-json\/wp\/v2\/media?parent=227"}],"wp:term":[{"taxonomy":"product_brand","embeddable":true,"href":"https:\/\/acecoll.com\/es\/wp-json\/wp\/v2\/product_brand?post=227"},{"taxonomy":"product_cat","embeddable":true,"href":"https:\/\/acecoll.com\/es\/wp-json\/wp\/v2\/product_cat?post=227"},{"taxonomy":"product_tag","embeddable":true,"href":"https:\/\/acecoll.com\/es\/wp-json\/wp\/v2\/product_tag?post=227"}],"curies":[{"name":"wp","href":"https:\/\/api.w.org\/{rel}","templated":true}]}}