{"id":228,"date":"2025-10-28T07:38:41","date_gmt":"2025-10-28T07:38:41","guid":{"rendered":"https:\/\/acecoll.com\/?post_type=product&#038;p=228"},"modified":"2026-02-11T07:21:29","modified_gmt":"2026-02-11T07:21:29","slug":"af013-cuchillo-tactico-fantasia-estilo-kukri-aus-10-acero-mango-negro","status":"publish","type":"product","link":"https:\/\/acecoll.com\/es\/producto\/af013-cuchillo-tactico-fantasia-estilo-kukri-aus-10-acero-mango-negro\/","title":{"rendered":"AC013 Cuchillo t\u00e1ctico de supervivencia Kukri"},"content":{"rendered":"<p class=\"ng-star-inserted\"><span class=\"ng-star-inserted\">Prep\u00e1rese para el impacto. El\u00a0<\/span><strong class=\"ng-star-inserted\"><span class=\"ng-star-inserted\">Havoc<\/span><\/strong><span class=\"ng-star-inserted\">\u00a0is a fixed blade born from raw power and aggressive design, a true beast in both form and function. This is a knife that doesn&#8217;t just perform; it makes a statement.<\/span><\/p>\n<p class=\"ng-star-inserted\"><strong class=\"ng-star-inserted\"><span class=\"ng-star-inserted\">La cuchilla: Una sinfon\u00eda de poder<\/span><\/strong><br class=\"ng-star-inserted\" \/><span class=\"ng-star-inserted\">En su n\u00facleo, la Havoc empu\u00f1a una enorme hoja de 7,8 pulgadas forjada en acero de alto rendimiento\u00a0<\/span><strong class=\"ng-star-inserted\"><span class=\"ng-star-inserted\">Acero inoxidable AUS-10<\/span><\/strong><span class=\"ng-star-inserted\">. Conocida por su excelente dureza, retenci\u00f3n del filo y resistencia superior a la corrosi\u00f3n, esta hoja est\u00e1 endurecida a 59-61 HRC para un rendimiento fiable. La potente\u00a0<\/span><strong class=\"ng-star-inserted\"><span class=\"ng-star-inserted\">recurve &#8220;dog-leg&#8221; profile<\/span><\/strong><span class=\"ng-star-inserted\">\u00a0sobresale en el picado y rebanado profundos y potentes. Lo que realmente la distingue es la impresionante\u00a0<\/span><strong class=\"ng-star-inserted\"><span class=\"ng-star-inserted\">acabado bicolor personalizado<\/span><\/strong><span class=\"ng-star-inserted\">, combining a non-reflective blackwash on the flats with a satin-finished cutting edge, separated by a unique, aggressive &#8220;bat-wing&#8221; pattern.<\/span><\/p>\n<p class=\"ng-star-inserted\"><strong class=\"ng-star-inserted\"><span class=\"ng-star-inserted\">El mango: Ergon\u00f3mica e indestructible<\/span><\/strong><br class=\"ng-star-inserted\" \/><span class=\"ng-star-inserted\">The full-tang handle is engineered for absolute control. It&#8217;s fitted with scales made from\u00a0<\/span><strong class=\"ng-star-inserted\"><span class=\"ng-star-inserted\">nylon reforzado con fibra de vidrio de alta densidad<\/span><\/strong><span class=\"ng-star-inserted\">\u2014an advanced composite material that is even more stable and durable than standard G10. It\u2019s impervious to temperature, moisture, and wear, and will not shrink or swell. The ergonomic design and deep texturing provide a secure, non-slip grip for any hard-use scenario comfortable and convenient carry, ensuring this powerful tool can be deployed in an instant.<\/span><\/p>\n<p class=\"ng-star-inserted\"><strong class=\"ng-star-inserted\"><span class=\"ng-star-inserted\">Una bestia de la cuchilla<\/span><\/strong><br class=\"ng-star-inserted\" \/><span class=\"ng-star-inserted\">The Havoc is more than a knife; it&#8217;s a centerpiece. Its sheer power and unique design make it a standout choice for collectors, a formidable tool for clearing a campsite, and an impressive piece of gear for any outdoor adventure. It&#8217;s a stunning.<\/span><\/p>\n<p class=\"ng-star-inserted\"><strong class=\"ng-star-inserted\"><span class=\"ng-star-inserted\">La vaina: Moderna y vers\u00e1til<\/span><\/strong><br class=\"ng-star-inserted\" \/><span class=\"ng-star-inserted\">Una bestia como la Havoc necesita una jaula a su altura. Viene completa con una ligera y duradera\u00a0<\/span><strong class=\"ng-star-inserted\"><span class=\"ng-star-inserted\">Funda de Kydex<\/span><\/strong><span class=\"ng-star-inserted\">, custom-molded for a perfect, rattle-free fit. The sheath is paired with a heavy-duty, reinforced nylon belt loop, allowing for secure and comfortable carry, ready for rapid deployment at a moment&#8217;s notice.<\/span><\/p>\n<p class=\"ng-star-inserted\"><strong class=\"ng-star-inserted\"><span class=\"ng-star-inserted\">La pieza definitiva<\/span><\/strong><br class=\"ng-star-inserted\" \/><span class=\"ng-star-inserted\">Creado por Ashenforge para el regalo exigente e inolvidable del hombre que aprecia el dise\u00f1o atrevido y la fuerza sin concesiones.<\/span><\/p>","protected":false},"excerpt":{"rendered":"<p>Hoja de acero AUS-10 de primera calidad: Fabricada en acero inoxidable AUS-10 de alto rendimiento con una dureza de 59-61HRC. Afilad\u00edsima, dura y resistente a la corrosi\u00f3n para una larga duraci\u00f3n.<br \/>\nConstrucci\u00f3n Full-Tang: Proporciona una resistencia y estabilidad superiores para un uso exigente en exteriores.<br \/>\nLlamativo acabado de la hoja: Presenta una superficie de la hoja con un distintivo patr\u00f3n de murci\u00e9lago que realza tanto el atractivo t\u00e1ctico como el impacto visual.<br \/>\nMango ergon\u00f3mico: Fabricada con un nuevo material antideslizante y resistente al desgaste. Ofrece un agarre seguro y c\u00f3modo con una excelente ergonom\u00eda para un uso prolongado.<br \/>\nFunda de Kydex duradera: Viene con una trabilla reforzada de tejido Oxford. Segura, ligera y f\u00e1cil de transportar o montar durante las actividades al aire libre.<br \/>\nHerramienta t\u00e1ctica vers\u00e1til: Ideal para camping, caza, supervivencia, pesca y aventura. Su forma \u00fanica tambi\u00e9n la convierte en una valiosa pieza de colecci\u00f3n.<\/p>","protected":false},"featured_media":309,"comment_status":"open","ping_status":"closed","template":"","meta":{"_acf_changed":false,"inline_featured_image":false,"slim_seo":{"description":"El cuchillo t\u00e1ctico de supervivencia AC013 Kukri se caracteriza por su artesan\u00eda forjada con precisi\u00f3n y el acabado de su hoja en forma de murci\u00e9lago, combinando fuerza y estilo. Ideal para acampada, caza, supervivencia y aventura. Haga clic para saber m\u00e1s","title":"AC013 Kukri Tactical Survival Knife - ACECOLL"}},"product_brand":[],"product_cat":[16,26,19],"product_tag":[],"class_list":{"0":"post-228","1":"product","2":"type-product","3":"status-publish","4":"has-post-thumbnail","6":"product_cat-fixed-blade-knife","7":"product_cat-kukri-style-knives","8":"product_cat-tactical-knives","10":"first","11":"instock","12":"taxable","13":"shipping-taxable","14":"purchasable","15":"product-type-simple"},"acf":[],"_links":{"self":[{"href":"https:\/\/acecoll.com\/es\/wp-json\/wp\/v2\/product\/228","targetHints":{"allow":["GET"]}}],"collection":[{"href":"https:\/\/acecoll.com\/es\/wp-json\/wp\/v2\/product"}],"about":[{"href":"https:\/\/acecoll.com\/es\/wp-json\/wp\/v2\/types\/product"}],"replies":[{"embeddable":true,"href":"https:\/\/acecoll.com\/es\/wp-json\/wp\/v2\/comments?post=228"}],"version-history":[{"count":5,"href":"https:\/\/acecoll.com\/es\/wp-json\/wp\/v2\/product\/228\/revisions"}],"predecessor-version":[{"id":1427,"href":"https:\/\/acecoll.com\/es\/wp-json\/wp\/v2\/product\/228\/revisions\/1427"}],"wp:featuredmedia":[{"embeddable":true,"href":"https:\/\/acecoll.com\/es\/wp-json\/wp\/v2\/media\/309"}],"wp:attachment":[{"href":"https:\/\/acecoll.com\/es\/wp-json\/wp\/v2\/media?parent=228"}],"wp:term":[{"taxonomy":"product_brand","embeddable":true,"href":"https:\/\/acecoll.com\/es\/wp-json\/wp\/v2\/product_brand?post=228"},{"taxonomy":"product_cat","embeddable":true,"href":"https:\/\/acecoll.com\/es\/wp-json\/wp\/v2\/product_cat?post=228"},{"taxonomy":"product_tag","embeddable":true,"href":"https:\/\/acecoll.com\/es\/wp-json\/wp\/v2\/product_tag?post=228"}],"curies":[{"name":"wp","href":"https:\/\/api.w.org\/{rel}","templated":true}]}}