{"id":229,"date":"2025-10-28T07:38:41","date_gmt":"2025-10-28T07:38:41","guid":{"rendered":"https:\/\/acecoll.com\/?post_type=product&#038;p=229"},"modified":"2026-02-11T07:22:10","modified_gmt":"2026-02-11T07:22:10","slug":"af014-cuchillo-kukri-madera-marron-acero-dc53","status":"publish","type":"product","link":"https:\/\/acecoll.com\/es\/producto\/af014-cuchillo-kukri-madera-marron-acero-dc53\/","title":{"rendered":"AC014 Cuchillo de supervivencia kukri mediano"},"content":{"rendered":"<p>The AC014 Medium Kukri Survival Knife is a high-end outdoor blade that combines traditional craftsmanship with modern precision. Its design is inspired by the classic Nepali Kukri, featuring a forward-curved blade that delivers greater leverage and cutting efficiency with every swing.<\/p>\n<p>La hoja est\u00e1 forjada en acero para herramientas de alto carbono DC53 de alto rendimiento mediante t\u00e9cnicas avanzadas de forja. Alcanza una dureza de 60+ HRC, lo que garantiza un afilado duradero junto con una excelente tenacidad y resistencia al desgaste.<\/p>\n<p>Construida con una estructura full-tang, la hoja atraviesa todo el mango para una m\u00e1xima resistencia y estabilidad.<\/p>\n<p>El mango de madera dura presenta un contorno ergon\u00f3mico que ofrece un agarre c\u00f3modo y antideslizante, proporcionando un control firme incluso durante un uso prolongado.<\/p>\n<p>El cuchillo viene con una funda de cuero genuino marr\u00f3n oscuro equipada con una correa de seguridad y una trabilla para el cintur\u00f3n para llevarlo y guardarlo c\u00f3modamente.<\/p>\n<p>Whether for camping, hunting, bushcraft, or survival missions, the AC014 stands as a reliable companion\u2014embodying a perfect balance of power and craftsmanship.<\/p>","protected":false},"excerpt":{"rendered":"<p>Dise\u00f1o de la hoja Kukri: El cl\u00e1sico perfil curvado del Kukri proporciona una potente fuerza de corte con menos esfuerzo.<br \/>\nAcero de alto rendimiento: Fabricado con acero para herramientas DC53 de alto contenido en carbono con tecnolog\u00eda avanzada de tratamiento t\u00e9rmico, que alcanza 60+ HRC para un afilado y una resistencia excepcionales.<br \/>\nEstable y fiable: La construcci\u00f3n full-tang recorre todo el mango, garantizando una estabilidad y durabilidad superiores.<br \/>\nAgarre c\u00f3modo y antideslizante: El mango de madera dura de primera calidad con forma curva ergon\u00f3mica proporciona un agarre seguro y c\u00f3modo, manteniendo un excelente control durante un uso prolongado.<br \/>\nSegura y port\u00e1til: Viene con una funda de cuero genuino que incluye una correa de seguridad y una trabilla para el cintur\u00f3n para facilitar el transporte y el acceso r\u00e1pido en el campo.<br \/>\nUso vers\u00e1til en exteriores: Ideal para acampadas, caza, supervivencia y aventuras de bushcraft: una herramienta todoterreno para tareas exigentes al aire libre.<\/p>","protected":false},"featured_media":1391,"comment_status":"open","ping_status":"closed","template":"","meta":{"_acf_changed":false,"inline_featured_image":false,"slim_seo":{"description":"El cuchillo de supervivencia kukri mediano AC014 combina la artesan\u00eda tradicional con la precisi\u00f3n moderna. Perfecto para acampada, caza, bushcraft y supervivencia al aire libre. Explore m\u00e1s cuchillos premium para actividades al aire libre-actualmente de moda, \u00a1haga clic para saber m\u00e1s!","title":"AC014 Medium Kukri Survival Knife - ACECOLL"}},"product_brand":[],"product_cat":[16,26],"product_tag":[],"class_list":{"0":"post-229","1":"product","2":"type-product","3":"status-publish","4":"has-post-thumbnail","6":"product_cat-fixed-blade-knife","7":"product_cat-kukri-style-knives","9":"first","10":"instock","11":"taxable","12":"shipping-taxable","13":"purchasable","14":"product-type-simple"},"acf":[],"_links":{"self":[{"href":"https:\/\/acecoll.com\/es\/wp-json\/wp\/v2\/product\/229","targetHints":{"allow":["GET"]}}],"collection":[{"href":"https:\/\/acecoll.com\/es\/wp-json\/wp\/v2\/product"}],"about":[{"href":"https:\/\/acecoll.com\/es\/wp-json\/wp\/v2\/types\/product"}],"replies":[{"embeddable":true,"href":"https:\/\/acecoll.com\/es\/wp-json\/wp\/v2\/comments?post=229"}],"version-history":[{"count":5,"href":"https:\/\/acecoll.com\/es\/wp-json\/wp\/v2\/product\/229\/revisions"}],"predecessor-version":[{"id":1393,"href":"https:\/\/acecoll.com\/es\/wp-json\/wp\/v2\/product\/229\/revisions\/1393"}],"wp:featuredmedia":[{"embeddable":true,"href":"https:\/\/acecoll.com\/es\/wp-json\/wp\/v2\/media\/1391"}],"wp:attachment":[{"href":"https:\/\/acecoll.com\/es\/wp-json\/wp\/v2\/media?parent=229"}],"wp:term":[{"taxonomy":"product_brand","embeddable":true,"href":"https:\/\/acecoll.com\/es\/wp-json\/wp\/v2\/product_brand?post=229"},{"taxonomy":"product_cat","embeddable":true,"href":"https:\/\/acecoll.com\/es\/wp-json\/wp\/v2\/product_cat?post=229"},{"taxonomy":"product_tag","embeddable":true,"href":"https:\/\/acecoll.com\/es\/wp-json\/wp\/v2\/product_tag?post=229"}],"curies":[{"name":"wp","href":"https:\/\/api.w.org\/{rel}","templated":true}]}}