{"id":232,"date":"2025-10-28T07:38:41","date_gmt":"2025-10-28T07:38:41","guid":{"rendered":"https:\/\/acecoll.com\/?post_type=product&#038;p=232"},"modified":"2026-02-11T07:22:54","modified_gmt":"2026-02-11T07:22:54","slug":"af019-cuchillo-bowie-mediano-espiga-completa-acero-d2","status":"publish","type":"product","link":"https:\/\/acecoll.com\/es\/producto\/af019-cuchillo-bowie-mediano-espiga-completa-acero-d2\/","title":{"rendered":"AC019 Cuchillo tipo palillo de Arkansas"},"content":{"rendered":"<p>El cuchillo AC019 Arkansas Toothpick-Style es un fino cuchillo Bowie que ofrece tanto un rendimiento funcional como un valor coleccionable.<\/p>\n<p>La hoja est\u00e1 fabricada en acero D2 de alto rendimiento, forjado a mano para alcanzar una dureza de 61\u00b1HRC. Es afilada, resistente al desgaste y altamente resistente a la corrosi\u00f3n.<\/p>\n<p>Fabricado con una construcci\u00f3n de espiga completa, el cuchillo se mantiene s\u00f3lido y fiable incluso con un uso intensivo.<\/p>\n<p>El perfil alargado combinado con un lomo grueso proporciona una excelente potencia de perforaci\u00f3n y corte, a la vez que muestra la est\u00e9tica Bowie cl\u00e1sica de fuerza y equilibrio.<\/p>\n<p>El mango de madera maciza se adapta c\u00f3modamente a la mano, y el pomo de acero mejora tanto el equilibrio como la durabilidad.<\/p>\n<p>La funda de cuero aut\u00e9ntico est\u00e1 finamente elaborada para proteger el cuchillo y permitir llevarlo c\u00f3modamente en el cintur\u00f3n o en una mochila.<\/p>\n<p>Ya sea para caza, acampada, supervivencia en la jungla, aventuras al aire libre o coleccionismo, el AC019 rinde con fiabilidad.<\/p>\n<p>&nbsp;<\/p>","protected":false},"excerpt":{"rendered":"<p><strong>Dise\u00f1o Bowie cl\u00e1sico:<\/strong> La hoja alargada con l\u00edneas similares a las de una espada ofrece tanto un fuerte poder de perforaci\u00f3n como una est\u00e9tica elegante, mostrando un equilibrio perfecto entre fuerza y artesan\u00eda.<br \/>\n<strong>Hoja de acero D2 de alto rendimiento:<\/strong> Con una dureza de 61\u00b1HRC, ofrece un afilado duradero, una excelente resistencia al desgaste y una resistencia superior a la corrosi\u00f3n, ideal para tareas exigentes al aire libre.<br \/>\n<strong>Construcci\u00f3n Full-Tang:<\/strong> La hoja est\u00e1 forjada en una sola pieza para lograr la m\u00e1xima resistencia y estabilidad, lo que garantiza la seguridad y fiabilidad durante el picado y el empuje<br \/>\n<strong>Uso vers\u00e1til en exteriores:<\/strong> Perfecta para la caza, el camping, la supervivencia en la jungla y las aventuras al aire libre; combina un rendimiento pr\u00e1ctico con un valor coleccionable.<\/p>","protected":false},"featured_media":332,"comment_status":"open","ping_status":"closed","template":"","meta":{"_acf_changed":false,"inline_featured_image":false,"slim_seo":{"title":"Cuchillo Bowie grande para aventuras al aire libre y coleccionismo - ACECOLL","description":"AC019 Cuchillo Bowie grande, ideal para la caza, el camping, la supervivencia en la jungla y la aventura al aire libre. Un cuchillo Bowie de primera calidad que ofrece tanto un rendimiento pr\u00e1ctico como un valor coleccionable - ahora se vende mucho, \u00a1haga clic para saber m\u00e1s!"}},"product_brand":[],"product_cat":[22,16,23,18],"product_tag":[],"class_list":{"0":"post-232","1":"product","2":"type-product","3":"status-publish","4":"has-post-thumbnail","6":"product_cat-bowie-knife","7":"product_cat-fixed-blade-knife","8":"product_cat-hunting-knives","9":"product_cat-survival-knives","11":"first","12":"instock","13":"taxable","14":"shipping-taxable","15":"purchasable","16":"product-type-simple"},"acf":[],"_links":{"self":[{"href":"https:\/\/acecoll.com\/es\/wp-json\/wp\/v2\/product\/232","targetHints":{"allow":["GET"]}}],"collection":[{"href":"https:\/\/acecoll.com\/es\/wp-json\/wp\/v2\/product"}],"about":[{"href":"https:\/\/acecoll.com\/es\/wp-json\/wp\/v2\/types\/product"}],"replies":[{"embeddable":true,"href":"https:\/\/acecoll.com\/es\/wp-json\/wp\/v2\/comments?post=232"}],"version-history":[{"count":5,"href":"https:\/\/acecoll.com\/es\/wp-json\/wp\/v2\/product\/232\/revisions"}],"predecessor-version":[{"id":1971,"href":"https:\/\/acecoll.com\/es\/wp-json\/wp\/v2\/product\/232\/revisions\/1971"}],"wp:featuredmedia":[{"embeddable":true,"href":"https:\/\/acecoll.com\/es\/wp-json\/wp\/v2\/media\/332"}],"wp:attachment":[{"href":"https:\/\/acecoll.com\/es\/wp-json\/wp\/v2\/media?parent=232"}],"wp:term":[{"taxonomy":"product_brand","embeddable":true,"href":"https:\/\/acecoll.com\/es\/wp-json\/wp\/v2\/product_brand?post=232"},{"taxonomy":"product_cat","embeddable":true,"href":"https:\/\/acecoll.com\/es\/wp-json\/wp\/v2\/product_cat?post=232"},{"taxonomy":"product_tag","embeddable":true,"href":"https:\/\/acecoll.com\/es\/wp-json\/wp\/v2\/product_tag?post=232"}],"curies":[{"name":"wp","href":"https:\/\/api.w.org\/{rel}","templated":true}]}}