{"id":233,"date":"2025-10-28T07:38:41","date_gmt":"2025-10-28T07:38:41","guid":{"rendered":"https:\/\/acecoll.com\/?post_type=product&#038;p=233"},"modified":"2026-02-11T07:23:19","modified_gmt":"2026-02-11T07:23:19","slug":"af021-cuchillo-de-hoja-fija-tanto-ancho","status":"publish","type":"product","link":"https:\/\/acecoll.com\/es\/producto\/af021-cuchillo-de-hoja-fija-tanto-ancho\/","title":{"rendered":"AC021 Machete T\u00e1ctico Mediano | Cuchillo Pesado de Supervivencia"},"content":{"rendered":"<p>AC021 Medium Tactical Machete is a heavy-duty tactical survival knife designed for demanding outdoor use.<br \/>\nLa hoja est\u00e1 forjada en acero para herramientas CPM-T440V de alto rendimiento, que ofrece gran dureza, afilado y una excelente resistencia al desgaste, capaz de realizar tareas de picado y corte pesado con facilidad.<br \/>\nEl cuchillo presenta una construcci\u00f3n de espiga completa para una mayor resistencia, estabilidad y seguridad.<br \/>\nSu lomo de 8 mm de grosor proporciona un impulso y una fuerza de impacto excepcionales, por lo que resulta ideal para el procesamiento de la madera, la instalaci\u00f3n de campamentos o la supervivencia en la naturaleza.<\/p>\n<p>El mango de madera maciza se adapta c\u00f3modamente a la mano, ofreciendo un agarre seguro y antideslizante, mientras que la funda de cuero cosida a mano a\u00f1ade funcionalidad y una textura refinada.<\/p>\n<p>Whether for camping, wood chopping, jungle exploration, or outdoor survival, the AC021 delivers powerful performance and excellent handling\u2014making it a trusted heavy-duty blade for outdoor enthusiasts and knife collectors alike.<\/p>","protected":false},"excerpt":{"rendered":"<p>Acero de alto rendimiento: Forjado a partir de acero para herramientas CPM-T440V de primera calidad, de gran dureza y excelente resistencia al desgaste.<br \/>\nLomo extragrueso de 8 mm: La hoja medio-corta con 8mm de grosor proporciona una potente fuerza de corte y un fuerte rendimiento de impacto.<br \/>\nConstrucci\u00f3n Full-Tang: Dise\u00f1o de una sola pieza con colmillo completo para una resistencia y fiabilidad superiores, ideal para tareas al aire libre de alta intensidad.<br \/>\nMango ergon\u00f3mico de madera: Agarre completo y c\u00f3modo, antideslizante y seguro, f\u00e1cil de controlar incluso durante un uso prolongado.<br \/>\nFunda de cuero aut\u00e9ntico: Cosida a mano con fina artesan\u00eda, textura de primera calidad y pr\u00e1ctica para llevarla en el cintur\u00f3n o al hombro.<br \/>\nAplicaciones vers\u00e1tiles: Perfecto para acampar, cortar le\u00f1a, supervivencia en la naturaleza y entrenamiento t\u00e1ctico.<\/p>","protected":false},"featured_media":1015,"comment_status":"open","ping_status":"closed","template":"","meta":{"_acf_changed":false,"inline_featured_image":false,"slim_seo":{"description":"El machete t\u00e1ctico mediano AC021 es un cuchillo de supervivencia muy resistente que combina potencia y artesan\u00eda. para acampadas, procesamiento de madera, exploraci\u00f3n de la jungla y supervivencia al aire libre.Saber m\u00e1s ahora","title":"AC021 Medium Tactical Machete | Heavy Survival Knife - ACECOLL"}},"product_brand":[],"product_cat":[16,18,21],"product_tag":[],"class_list":{"0":"post-233","1":"product","2":"type-product","3":"status-publish","4":"has-post-thumbnail","6":"product_cat-fixed-blade-knife","7":"product_cat-survival-knives","8":"product_cat-tanto-knives","10":"first","11":"instock","12":"taxable","13":"shipping-taxable","14":"purchasable","15":"product-type-simple"},"acf":[],"_links":{"self":[{"href":"https:\/\/acecoll.com\/es\/wp-json\/wp\/v2\/product\/233","targetHints":{"allow":["GET"]}}],"collection":[{"href":"https:\/\/acecoll.com\/es\/wp-json\/wp\/v2\/product"}],"about":[{"href":"https:\/\/acecoll.com\/es\/wp-json\/wp\/v2\/types\/product"}],"replies":[{"embeddable":true,"href":"https:\/\/acecoll.com\/es\/wp-json\/wp\/v2\/comments?post=233"}],"version-history":[{"count":4,"href":"https:\/\/acecoll.com\/es\/wp-json\/wp\/v2\/product\/233\/revisions"}],"predecessor-version":[{"id":1397,"href":"https:\/\/acecoll.com\/es\/wp-json\/wp\/v2\/product\/233\/revisions\/1397"}],"wp:featuredmedia":[{"embeddable":true,"href":"https:\/\/acecoll.com\/es\/wp-json\/wp\/v2\/media\/1015"}],"wp:attachment":[{"href":"https:\/\/acecoll.com\/es\/wp-json\/wp\/v2\/media?parent=233"}],"wp:term":[{"taxonomy":"product_brand","embeddable":true,"href":"https:\/\/acecoll.com\/es\/wp-json\/wp\/v2\/product_brand?post=233"},{"taxonomy":"product_cat","embeddable":true,"href":"https:\/\/acecoll.com\/es\/wp-json\/wp\/v2\/product_cat?post=233"},{"taxonomy":"product_tag","embeddable":true,"href":"https:\/\/acecoll.com\/es\/wp-json\/wp\/v2\/product_tag?post=233"}],"curies":[{"name":"wp","href":"https:\/\/api.w.org\/{rel}","templated":true}]}}