{"id":234,"date":"2025-10-28T07:38:41","date_gmt":"2025-10-28T07:38:41","guid":{"rendered":"https:\/\/acecoll.com\/?post_type=product&#038;p=234"},"modified":"2026-02-11T07:23:28","modified_gmt":"2026-02-11T07:23:28","slug":"af022-cuchillo-de-acero-damasco-para-exteriores-mango-de-madera-de-ebano","status":"publish","type":"product","link":"https:\/\/acecoll.com\/es\/producto\/af022-cuchillo-de-acero-damasco-para-exteriores-mango-de-madera-de-ebano\/","title":{"rendered":"AC022 Cuchillo Tanto Damasco"},"content":{"rendered":"<p>El cuchillo Tanto Damasco AC022 es un cuchillo artesanal de primera calidad que combina arte y rendimiento.<br \/>\nLa hoja est\u00e1 hecha de acero Damasco de alta calidad, forjado y tratado t\u00e9rmicamente a trav\u00e9s de m\u00faltiples capas para crear un patr\u00f3n ondulado 3D \u00fanico. Es afilada, resistente al desgaste y ofrece una dureza y estabilidad excepcionales.<br \/>\nEl cuchillo presenta una construcci\u00f3n de espiga completa, con la hoja atravesando el mango para garantizar su resistencia y fiabilidad bajo un uso intensivo.<br \/>\nEl mango est\u00e1 fabricado en madera de \u00e9bano oscuro, lo que proporciona un agarre c\u00f3modo a la vez que elegante y pr\u00e1ctico.<br \/>\nViene con una exquisita funda de cuero para un transporte c\u00f3modo y una protecci\u00f3n eficaz.<br \/>\nYa sea para acampar, cazar, vivir aventuras al aire libre o como pieza de exhibici\u00f3n para coleccionistas, el AC022 destaca por su magn\u00edfica artesan\u00eda y su poderosa est\u00e9tica, lo que lo convierte en un cuchillo de Damasco verdaderamente fiable y coleccionable.<\/p>","protected":false},"excerpt":{"rendered":"<p data-start=\"830\" data-end=\"928\">Hoja de acero Damasco de primera calidad - Fabricada con acero Damasco de alto rendimiento, forjado y templado a trav\u00e9s de m\u00faltiples capas para crear un patr\u00f3n ondulado 3D \u00fanico. Combina funcionalidad y valor coleccionable.<br \/>\nConstrucci\u00f3n Full-Tang - La hoja atraviesa el mango, asegurando una excepcional resistencia, equilibrio y fiabilidad.<br \/>\nMango de madera de \u00e9bano, c\u00f3modo y antideslizante - Fabricado con madera de \u00e9bano seleccionada, proporciona un agarre suave y ergon\u00f3mico que resulta a la vez elegante y pr\u00e1ctico.<br \/>\nExquisita funda de cuero genuino - Funda de cuero cosida a mano con una textura gruesa que protege el cuchillo a la vez que le a\u00f1ade una est\u00e9tica vintage.<br \/>\nArtesan\u00eda forjada a mano con alto valor coleccionable - Cada cuchillo es forjado a mano individualmente por artesanos expertos, lo que requiere un largo ciclo de producci\u00f3n y t\u00e9cnicas complejas, convirti\u00e9ndolo en una aut\u00e9ntica pieza de coleccionista.<\/p>","protected":false},"featured_media":1025,"comment_status":"open","ping_status":"closed","template":"","meta":{"_acf_changed":false,"inline_featured_image":false,"slim_seo":{"description":"El cuchillo AC022 Tanto Damascus, ya sea para supervivencia al aire libre, acampada, caza o como pieza de exhibici\u00f3n para coleccionistas, hace gala de una artesan\u00eda y una resistencia excepcionales. Ahora de moda - \u00a1haga clic para saber m\u00e1s!","title":"AC022 Damascus Tanto Knife - ACECOLL"}},"product_brand":[],"product_cat":[23,18,21],"product_tag":[],"class_list":{"0":"post-234","1":"product","2":"type-product","3":"status-publish","4":"has-post-thumbnail","6":"product_cat-hunting-knives","7":"product_cat-survival-knives","8":"product_cat-tanto-knives","10":"first","11":"instock","12":"taxable","13":"shipping-taxable","14":"purchasable","15":"product-type-simple"},"acf":[],"_links":{"self":[{"href":"https:\/\/acecoll.com\/es\/wp-json\/wp\/v2\/product\/234","targetHints":{"allow":["GET"]}}],"collection":[{"href":"https:\/\/acecoll.com\/es\/wp-json\/wp\/v2\/product"}],"about":[{"href":"https:\/\/acecoll.com\/es\/wp-json\/wp\/v2\/types\/product"}],"replies":[{"embeddable":true,"href":"https:\/\/acecoll.com\/es\/wp-json\/wp\/v2\/comments?post=234"}],"version-history":[{"count":6,"href":"https:\/\/acecoll.com\/es\/wp-json\/wp\/v2\/product\/234\/revisions"}],"predecessor-version":[{"id":1705,"href":"https:\/\/acecoll.com\/es\/wp-json\/wp\/v2\/product\/234\/revisions\/1705"}],"wp:featuredmedia":[{"embeddable":true,"href":"https:\/\/acecoll.com\/es\/wp-json\/wp\/v2\/media\/1025"}],"wp:attachment":[{"href":"https:\/\/acecoll.com\/es\/wp-json\/wp\/v2\/media?parent=234"}],"wp:term":[{"taxonomy":"product_brand","embeddable":true,"href":"https:\/\/acecoll.com\/es\/wp-json\/wp\/v2\/product_brand?post=234"},{"taxonomy":"product_cat","embeddable":true,"href":"https:\/\/acecoll.com\/es\/wp-json\/wp\/v2\/product_cat?post=234"},{"taxonomy":"product_tag","embeddable":true,"href":"https:\/\/acecoll.com\/es\/wp-json\/wp\/v2\/product_tag?post=234"}],"curies":[{"name":"wp","href":"https:\/\/api.w.org\/{rel}","templated":true}]}}