{"id":236,"date":"2025-10-28T07:38:41","date_gmt":"2025-10-28T07:38:41","guid":{"rendered":"https:\/\/acecoll.com\/?post_type=product&#038;p=236"},"modified":"2026-03-26T07:36:17","modified_gmt":"2026-03-26T07:36:17","slug":"af024-cuchillo-tactico-de-hoja-fija-acero-san-mai-mango-g10-espiga-completa","status":"publish","type":"product","link":"https:\/\/acecoll.com\/es\/producto\/af024-cuchillo-tactico-de-hoja-fija-acero-san-mai-mango-g10-espiga-completa\/","title":{"rendered":"AC024 Cuchillo t\u00e1ctico de supervivencia San mai"},"content":{"rendered":"<p>El cuchillo t\u00e1ctico de supervivencia AC024 San Mai es un cuchillo para exteriores de primera calidad que combina la artesan\u00eda de forja avanzada con un rendimiento pr\u00e1ctico.<br \/>\nLa hoja utiliza la tecnolog\u00eda de forja San Mai de alta gama, que integra a la perfecci\u00f3n tres aceros diferentes para lograr un afilado, una dureza y una resistencia a la corrosi\u00f3n excelentes.<br \/>\nEl cuchillo presenta una construcci\u00f3n de espiga completa, lo que garantiza su estabilidad y fiabilidad bajo un uso intensivo.<br \/>\nEl mango ergon\u00f3mico antideslizante proporciona un agarre c\u00f3modo y mantiene el control incluso en entornos h\u00famedos o dif\u00edciles.<br \/>\nViene con una funda de Kydex duradera y ligera para facilitar su transporte y desenfundado r\u00e1pido, adecuada para aplicaciones al aire libre, de supervivencia y t\u00e1cticas.<br \/>\nCada AC024 est\u00e1 forjado con altos est\u00e1ndares, con una compleja artesan\u00eda y un alto coste de producci\u00f3n, ofreciendo tanto un rendimiento pr\u00e1ctico como un valor coleccionable.<\/p>","protected":false},"excerpt":{"rendered":"<p>Artesan\u00eda San Mai de primera calidad: Forjada con la avanzada t\u00e9cnica San Mai combinando tres aceros diferentes para obtener afilado, dureza y una excelente resistencia a la corrosi\u00f3n.<br \/>\nConstrucci\u00f3n Full-Tang: La hoja atraviesa todo el mango, lo que garantiza su resistencia y fiabilidad durante el uso intensivo.<br \/>\nEmpu\u00f1adura ergon\u00f3mica antideslizante: Fabricada en material resistente al desgaste para un agarre c\u00f3modo y seguro, manteniendo un control preciso incluso en condiciones h\u00famedas.<br \/>\nFunda de Kydex: Ligera y duradera, permite un desenfunde r\u00e1pido y un transporte seguro, adecuada para uso al aire libre, supervivencia y t\u00e1ctico.<br \/>\nCalidad de coleccionista: El acero San Mai requiere un trabajo artesanal muy complejo y costoso, por lo que ofrece una calidad excepcional y un valor coleccionable.<\/p>","protected":false},"featured_media":357,"comment_status":"open","ping_status":"closed","template":"","meta":{"_acf_changed":false,"inline_featured_image":false,"slim_seo":{"description":"El cuchillo t\u00e1ctico de supervivencia AC024 San Mai combina afilado, dureza y una excelente resistencia a la corrosi\u00f3n. Fabricado con artesan\u00eda San Mai de primera calidad y calidad de coleccionista.","title":"AC024 San mai Tactical Survival Knife - ACECOLL"}},"product_brand":[],"product_cat":[16,18,19],"product_tag":[],"class_list":{"0":"post-236","1":"product","2":"type-product","3":"status-publish","4":"has-post-thumbnail","6":"product_cat-fixed-blade-knife","7":"product_cat-survival-knives","8":"product_cat-tactical-knives","10":"first","11":"instock","12":"taxable","13":"shipping-taxable","14":"purchasable","15":"product-type-simple"},"acf":[],"_links":{"self":[{"href":"https:\/\/acecoll.com\/es\/wp-json\/wp\/v2\/product\/236","targetHints":{"allow":["GET"]}}],"collection":[{"href":"https:\/\/acecoll.com\/es\/wp-json\/wp\/v2\/product"}],"about":[{"href":"https:\/\/acecoll.com\/es\/wp-json\/wp\/v2\/types\/product"}],"replies":[{"embeddable":true,"href":"https:\/\/acecoll.com\/es\/wp-json\/wp\/v2\/comments?post=236"}],"version-history":[{"count":5,"href":"https:\/\/acecoll.com\/es\/wp-json\/wp\/v2\/product\/236\/revisions"}],"predecessor-version":[{"id":1975,"href":"https:\/\/acecoll.com\/es\/wp-json\/wp\/v2\/product\/236\/revisions\/1975"}],"wp:featuredmedia":[{"embeddable":true,"href":"https:\/\/acecoll.com\/es\/wp-json\/wp\/v2\/media\/357"}],"wp:attachment":[{"href":"https:\/\/acecoll.com\/es\/wp-json\/wp\/v2\/media?parent=236"}],"wp:term":[{"taxonomy":"product_brand","embeddable":true,"href":"https:\/\/acecoll.com\/es\/wp-json\/wp\/v2\/product_brand?post=236"},{"taxonomy":"product_cat","embeddable":true,"href":"https:\/\/acecoll.com\/es\/wp-json\/wp\/v2\/product_cat?post=236"},{"taxonomy":"product_tag","embeddable":true,"href":"https:\/\/acecoll.com\/es\/wp-json\/wp\/v2\/product_tag?post=236"}],"curies":[{"name":"wp","href":"https:\/\/api.w.org\/{rel}","templated":true}]}}