{"id":239,"date":"2025-10-28T07:38:42","date_gmt":"2025-10-28T07:38:42","guid":{"rendered":"https:\/\/acecoll.com\/?post_type=product&#038;p=239"},"modified":"2026-02-11T07:22:37","modified_gmt":"2026-02-11T07:22:37","slug":"af017-daga-tactica-con-hoja-fuller-aus-10-acero-para-exterior","status":"publish","type":"product","link":"https:\/\/acecoll.com\/es\/producto\/af017-daga-tactica-con-hoja-fuller-aus-10-acero-para-exterior\/","title":{"rendered":"AC017 Daga t\u00e1ctica de supervivencia mediana"},"content":{"rendered":"<p>La daga t\u00e1ctica de supervivencia mediana AC017 es una daga de hoja entera finamente elaborada que combina el rendimiento t\u00e1ctico con la artesan\u00eda.<\/p>\n<p>La hoja est\u00e1 forjada a mano en acero inoxidable AUS-10 de alto rendimiento, que ofrece un afilado excepcional, dureza y una extraordinaria resistencia a la corrosi\u00f3n y al desgaste.<\/p>\n<p>El dise\u00f1o de la ranura central del fuller no s\u00f3lo reduce el peso total, sino que tambi\u00e9n mejora la rigidez estructural y a\u00f1ade profundidad visual a la hoja.<\/p>\n<p>Fabricado con una construcci\u00f3n de colmillo completo que recorre toda la empu\u00f1adura, garantiza una resistencia y fiabilidad superiores incluso en condiciones de uso intensivo.<\/p>\n<p>El mango de madera dura proporciona un agarre c\u00f3modo y antideslizante, combinando la artesan\u00eda fina con un manejo seguro. La funda de cuero de estilo vintage ofrece un ajuste preciso para un almacenamiento seguro y un f\u00e1cil transporte.<\/p>\n<p>Ya sea para acampar, cazar, supervivencia al aire libre, exploraci\u00f3n de zonas salvajes o exhibici\u00f3n de colecci\u00f3n, la AC017 es una daga t\u00e1ctica de primera calidad que encarna tanto la fuerza como la artesan\u00eda.<\/p>","protected":false},"excerpt":{"rendered":"<p>Dise\u00f1o de daga sim\u00e9trica de doble filo: Estilo t\u00e1ctico cl\u00e1sico tanto para el ataque como para la defensa, que combina practicidad con valor coleccionable.<br \/>\nEstructura de ranuras m\u00e1s completa: Reduce el peso total de la hoja a la vez que mejora la rigidez y proporciona un aspecto t\u00e1ctico llamativo.<br \/>\nAcero AUS-10 de alto rendimiento: Ofrece una resistencia y un afilado excepcionales.<br \/>\nConstrucci\u00f3n full-tang: La hoja atraviesa todo el mango, lo que garantiza una resistencia y fiabilidad extraordinarias.<br \/>\nMango de madera dura: Empu\u00f1adura c\u00f3moda, estable y antideslizante que combina la artesan\u00eda con la facilidad de uso.<br \/>\nFunda de cuero: Proporciona un ajuste seguro para un almacenamiento seguro a la vez que presenta un aspecto refinado y de primera calidad.<br \/>\nEdici\u00f3n artesanal limitada: Cada pieza est\u00e1 forjada y pulida a mano por h\u00e1biles artesanos, lo que resalta su valor de colecci\u00f3n \u00fanico.<\/p>","protected":false},"featured_media":372,"comment_status":"open","ping_status":"closed","template":"","meta":{"_acf_changed":false,"inline_featured_image":false,"slim_seo":{"description":"El AC017, con un dise\u00f1o de ranura m\u00e1s completa y una construcci\u00f3n de espiga completa, proporciona tanto afilado como estabilidad. Un cuchillo t\u00e1ctico de primera calidad que combina fuerza y artesan\u00eda - ahora en venta, \u00a1haga clic para saber m\u00e1s!","title":"AC017 Medium Tactical Survival Dagger - ACECOLL"}},"product_brand":[],"product_cat":[17,20],"product_tag":[],"class_list":{"0":"post-239","1":"product","2":"type-product","3":"status-publish","4":"has-post-thumbnail","6":"product_cat-full-tang-knives","7":"product_cat-tactical-dagger","9":"first","10":"instock","11":"taxable","12":"shipping-taxable","13":"purchasable","14":"product-type-simple"},"acf":[],"_links":{"self":[{"href":"https:\/\/acecoll.com\/es\/wp-json\/wp\/v2\/product\/239","targetHints":{"allow":["GET"]}}],"collection":[{"href":"https:\/\/acecoll.com\/es\/wp-json\/wp\/v2\/product"}],"about":[{"href":"https:\/\/acecoll.com\/es\/wp-json\/wp\/v2\/types\/product"}],"replies":[{"embeddable":true,"href":"https:\/\/acecoll.com\/es\/wp-json\/wp\/v2\/comments?post=239"}],"version-history":[{"count":4,"href":"https:\/\/acecoll.com\/es\/wp-json\/wp\/v2\/product\/239\/revisions"}],"predecessor-version":[{"id":1250,"href":"https:\/\/acecoll.com\/es\/wp-json\/wp\/v2\/product\/239\/revisions\/1250"}],"wp:featuredmedia":[{"embeddable":true,"href":"https:\/\/acecoll.com\/es\/wp-json\/wp\/v2\/media\/372"}],"wp:attachment":[{"href":"https:\/\/acecoll.com\/es\/wp-json\/wp\/v2\/media?parent=239"}],"wp:term":[{"taxonomy":"product_brand","embeddable":true,"href":"https:\/\/acecoll.com\/es\/wp-json\/wp\/v2\/product_brand?post=239"},{"taxonomy":"product_cat","embeddable":true,"href":"https:\/\/acecoll.com\/es\/wp-json\/wp\/v2\/product_cat?post=239"},{"taxonomy":"product_tag","embeddable":true,"href":"https:\/\/acecoll.com\/es\/wp-json\/wp\/v2\/product_tag?post=239"}],"curies":[{"name":"wp","href":"https:\/\/api.w.org\/{rel}","templated":true}]}}