{"id":243,"date":"2025-10-28T07:38:42","date_gmt":"2025-10-28T07:38:42","guid":{"rendered":"https:\/\/acecoll.com\/?post_type=product&#038;p=243"},"modified":"2025-11-27T01:51:02","modified_gmt":"2025-11-27T01:51:02","slug":"af001-cuchillo-tactico-de-supervivencia-de-punta-de-clip-mediana","status":"publish","type":"product","link":"https:\/\/acecoll.com\/es\/producto\/af001-cuchillo-tactico-de-supervivencia-de-punta-de-clip-mediana\/","title":{"rendered":"AC001 Cuchillo t\u00e1ctico y de supervivencia de punta de clip mediana"},"content":{"rendered":"<p>El cuchillo t\u00e1ctico y de supervivencia AC001 Medium Clip Point combina un rendimiento pr\u00e1ctico con un dise\u00f1o limpio y minimalista.<\/p>\n<p>La hoja est\u00e1 forjada en acero para herramientas D2 de alto rendimiento, que ofrece afilado, resistencia al desgaste, excelente protecci\u00f3n contra la corrosi\u00f3n y retenci\u00f3n duradera del filo. La construcci\u00f3n Full-Tang recorre toda la empu\u00f1adura, garantizando una s\u00f3lida fiabilidad durante un uso intensivo al aire libre.<\/p>\n<p>La empu\u00f1adura reforzada con nylon est\u00e1 dise\u00f1ada ergon\u00f3micamente para un agarre seguro, antideslizante y c\u00f3modo. Viene con una funda de Kydex duradera para un transporte f\u00e1cil y un acceso r\u00e1pido, ideal para acampadas, senderismo, supervivencia, caza y para llevar a diario.<\/p>\n<p>Disponible en colores negro y marr\u00f3n.<\/p>","protected":false},"excerpt":{"rendered":"<ul>\n<li><b><span data-font-family=\"\u5b8b\u4f53\">Hoja de acero D2 de alto rendimiento:<\/span><\/b><span data-font-family=\"\u5b8b\u4f53\"> Fabricado con acero para herramientas D2 de primera calidad para un afilado superior, resistencia al desgaste y protecci\u00f3n contra la corrosi\u00f3n.<\/span><\/li>\n<li><b><span data-font-family=\"\u5b8b\u4f53\">Dise\u00f1o profesional de exteriores:<\/span><\/b><span data-font-family=\"\u5b8b\u4f53\"> Creado por un experimentado entusiasta de las actividades al aire libre. La precisa curvatura de la hoja proporciona una excelente eficacia y control de corte. El proceso de templado criog\u00e9nico refina la estructura del acero, mejorando la resistencia y la tenacidad.<\/span><\/li>\n<li><b><span data-font-family=\"\u5b8b\u4f53\">Mango ergon\u00f3mico:<\/span><\/b><span data-font-family=\"\u5b8b\u4f53\"> El mango reforzado con nailon ofrece un agarre seguro y antideslizante. Los profundos surcos para los dedos garantizan estabilidad y precisi\u00f3n, incluso con las manos mojadas.<\/span><\/li>\n<li><b><span data-font-family=\"\u5b8b\u4f53\">Ligera y vers\u00e1til:<\/span><\/b><span data-font-family=\"\u5b8b\u4f53\"> S\u00f3lo pesa 230 g. Compacto y \u00e1gil, ideal para acampadas, excursiones, supervivencia, caza o para llevar a diario.<\/span><\/li>\n<li><b><span data-font-family=\"\u5b8b\u4f53\">Opciones de color:<\/span><\/b><span data-font-family=\"\u5b8b\u4f53\"> Disponible en negro o marr\u00f3n.<\/span><\/li>\n<\/ul>","protected":false},"featured_media":387,"comment_status":"open","ping_status":"closed","template":"","meta":{"_acf_changed":false,"inline_featured_image":false,"slim_seo":{"title":"Cuchillo t\u00e1ctico y de supervivencia de punta de clip mediana - ACECOLL","description":"Cuchillo t\u00e1ctico y de supervivencia AC001 de punta de clip mediana, dise\u00f1ado por experimentados entusiastas de las actividades al aire libre, ideal para acampadas, excursiones, supervivencia, caza y EDC, \u00a1haga clic para saber m\u00e1s!"}},"product_brand":[],"product_cat":[16,17,18,19],"product_tag":[],"class_list":{"0":"post-243","1":"product","2":"type-product","3":"status-publish","4":"has-post-thumbnail","6":"product_cat-fixed-blade-knife","7":"product_cat-full-tang-knives","8":"product_cat-survival-knives","9":"product_cat-tactical-knives","11":"first","12":"instock","13":"taxable","14":"shipping-taxable","15":"purchasable","16":"product-type-variable"},"acf":[],"_links":{"self":[{"href":"https:\/\/acecoll.com\/es\/wp-json\/wp\/v2\/product\/243","targetHints":{"allow":["GET"]}}],"collection":[{"href":"https:\/\/acecoll.com\/es\/wp-json\/wp\/v2\/product"}],"about":[{"href":"https:\/\/acecoll.com\/es\/wp-json\/wp\/v2\/types\/product"}],"replies":[{"embeddable":true,"href":"https:\/\/acecoll.com\/es\/wp-json\/wp\/v2\/comments?post=243"}],"version-history":[{"count":10,"href":"https:\/\/acecoll.com\/es\/wp-json\/wp\/v2\/product\/243\/revisions"}],"predecessor-version":[{"id":1680,"href":"https:\/\/acecoll.com\/es\/wp-json\/wp\/v2\/product\/243\/revisions\/1680"}],"wp:featuredmedia":[{"embeddable":true,"href":"https:\/\/acecoll.com\/es\/wp-json\/wp\/v2\/media\/387"}],"wp:attachment":[{"href":"https:\/\/acecoll.com\/es\/wp-json\/wp\/v2\/media?parent=243"}],"wp:term":[{"taxonomy":"product_brand","embeddable":true,"href":"https:\/\/acecoll.com\/es\/wp-json\/wp\/v2\/product_brand?post=243"},{"taxonomy":"product_cat","embeddable":true,"href":"https:\/\/acecoll.com\/es\/wp-json\/wp\/v2\/product_cat?post=243"},{"taxonomy":"product_tag","embeddable":true,"href":"https:\/\/acecoll.com\/es\/wp-json\/wp\/v2\/product_tag?post=243"}],"curies":[{"name":"wp","href":"https:\/\/api.w.org\/{rel}","templated":true}]}}