{"id":1807,"date":"2025-12-18T06:19:25","date_gmt":"2025-12-18T06:19:25","guid":{"rendered":"https:\/\/acecoll.com\/?page_id=1807"},"modified":"2026-03-13T02:15:44","modified_gmt":"2026-03-13T02:15:44","slug":"palvelun-ehdot","status":"publish","type":"page","link":"https:\/\/acecoll.com\/fi\/palvelun-ehdot\/","title":{"rendered":"K\u00e4ytt\u00f6ehdot"},"content":{"rendered":"<h2 class=\"wp-block-heading\">K\u00e4ytt\u00f6ehdot<\/h2>\n\n<p>T\u00e4t\u00e4 verkkosivustoa yll\u00e4pit\u00e4\u00e4 <a href=\"https:\/\/acecoll.com\/fi\/\">ACECOLL<\/a>. T\u00e4ss\u00e4 yhteydess\u00e4 \u201cme\u201d ja \u201cmeid\u00e4n\u201d viittaavat ACECOLLiin. Tarjoamme sinulle (k\u00e4ytt\u00e4j\u00e4lle) t\u00e4m\u00e4n verkkosivuston, mukaan lukien kaikki tiedot, ty\u00f6kalut ja palvelut, edellytt\u00e4en, ett\u00e4 hyv\u00e4ksyt kaikki t\u00e4ss\u00e4 esitetyt ehdot, k\u00e4yt\u00e4nn\u00f6t ja lausunnot.<\/p>\n<p><span data-font-family=\"\u5fae\u8f6f\u96c5\u9ed1\">K\u00e4ytt\u00e4m\u00e4ll\u00e4 verkkosivustoamme ja\/tai ostamalla meilt\u00e4 tavaroita hyv\u00e4ksyt k\u00e4ytt\u00e4v\u00e4si \u201cPalveluitamme\u201d ja sitoudut noudattamaan n\u00e4it\u00e4 k\u00e4ytt\u00f6ehtoja (\u201cEhdot\u201d), mukaan lukien kaikki lis\u00e4ehdot, -ehdot tai -k\u00e4yt\u00e4nn\u00f6t, joihin t\u00e4ss\u00e4 viitataan tai jotka on linkitetty t\u00e4lt\u00e4 verkkosivustolta.<\/span><\/p>\n<p><span data-font-family=\"\u5fae\u8f6f\u96c5\u9ed1\">N\u00e4it\u00e4 k\u00e4ytt\u00f6ehtoja sovelletaan kaikkiin verkkosivuston k\u00e4ytt\u00e4jiin, mukaan lukien, mutta ei rajoittuen, k\u00e4vij\u00f6ihin, toimittajiin, asiakkaisiin, kauppiaisiin ja\/tai sis\u00e4ll\u00f6ntuottajiin.<\/span><\/p>\n<p><span data-font-family=\"\u5fae\u8f6f\u96c5\u9ed1\">Lue n\u00e4m\u00e4 ehdot huolellisesti, ennen kuin k\u00e4yt\u00e4t t\u00e4t\u00e4 verkkosivustoa. Jos k\u00e4yt\u00e4t tai k\u00e4yt\u00e4t mit\u00e4 tahansa t\u00e4m\u00e4n verkkosivuston osaa, hyv\u00e4ksyt n\u00e4m\u00e4 ehdot. Jos et hyv\u00e4ksy kaikkia t\u00e4m\u00e4n sopimuksen ehtoja, et saa k\u00e4ytt\u00e4\u00e4 t\u00e4t\u00e4 verkkosivustoa tai mit\u00e4\u00e4n palveluita. Jos n\u00e4it\u00e4 k\u00e4ytt\u00f6ehtoja pidet\u00e4\u00e4n tarjouksena, hyv\u00e4ksynt\u00e4 rajoittuu n\u00e4ihin k\u00e4ytt\u00f6ehtoihin.<\/span><\/p>\n<p><span data-font-family=\"\u5fae\u8f6f\u96c5\u9ed1\">Kaikkiin nykyiseen kauppaan lis\u00e4tt\u00e4viin uusiin ominaisuuksiin tai ty\u00f6kaluihin sovelletaan n\u00e4it\u00e4 k\u00e4ytt\u00f6ehtoja. Voit tarkastella k\u00e4ytt\u00f6ehtojen uusinta versiota t\u00e4ll\u00e4 sivulla milloin tahansa. Pid\u00e4t\u00e4mme oikeuden p\u00e4ivitt\u00e4\u00e4, muuttaa tai korvata mink\u00e4 tahansa osan n\u00e4ist\u00e4 k\u00e4ytt\u00f6ehdoista julkaisemalla p\u00e4ivityksi\u00e4 ja\/tai muutoksia verkkosivustolla. Sinun vastuullasi on tarkistaa t\u00e4m\u00e4 sivu s\u00e4\u00e4nn\u00f6llisesti muutosten varalta. Jos jatkat t\u00e4m\u00e4n verkkosivuston k\u00e4ytt\u00f6\u00e4 tai k\u00e4ytt\u00f6\u00e4 sen j\u00e4lkeen, kun muutokset on julkaistu, hyv\u00e4ksyt kyseiset muutokset.<\/span><\/p>\n<p><span data-font-family=\"\u5fae\u8f6f\u96c5\u9ed1\">Verkkokauppamme toimii Woocommerce. -alustalla. Se tarjoaa meille verkkokauppa-alustan, jonka avulla voimme myyd\u00e4 sinulle tuotteita ja palveluita.<\/span><\/p>\n\n<h2 class=\"wp-block-heading\">Verkkokaupan ehdot<\/h2>\n\n<p>Hyv\u00e4ksym\u00e4ll\u00e4 n\u00e4m\u00e4 k\u00e4ytt\u00f6ehdot vakuutat, ett\u00e4 olet t\u00e4ysi-ik\u00e4inen omassa osavaltiossasi tai maakunnassasi. Sitoudut my\u00f6s valvomaan alaik\u00e4isi\u00e4 huollettavia henkil\u00f6it\u00e4, jotka saattavat k\u00e4ytt\u00e4\u00e4 t\u00e4t\u00e4 verkkosivustoa.<\/p>\n<p>Et saa k\u00e4ytt\u00e4\u00e4 tuotteitamme tai palveluitamme mihink\u00e4\u00e4n laittomaan tai luvattomaan tarkoitukseen. Sinun on noudatettava kaikkia sovellettavia lakeja, mukaan lukien tekij\u00e4noikeuslait, etk\u00e4 saa levitt\u00e4\u00e4 matoja, viruksia tai muita tuhoavia koodeja. N\u00e4iden ehtojen rikkominen voi johtaa k\u00e4ytt\u00f6oikeutesi tai palvelujesi v\u00e4litt\u00f6m\u00e4\u00e4n sulkemiseen.<\/p>\n\n<h2 class=\"wp-block-heading\">Yleiset ehdot<\/h2>\n\n<p>Pid\u00e4t\u00e4mme oikeuden kielt\u00e4yty\u00e4 tarjoamasta palveluja kenelle tahansa milloin tahansa mist\u00e4 tahansa syyst\u00e4.<\/p><p>Ymm\u00e4rr\u00e4t, ett\u00e4 sis\u00e4lt\u00f6si (lukuun ottamatta luottokorttitietojasi) voidaan l\u00e4hett\u00e4\u00e4 salaamattomana ja ett\u00e4 se voi: <br \/>(a) kulkevat eri verkkojen kautta; ja <br \/>(b) niit\u00e4 on muutettava liitettyjen verkkojen tai laitteiden teknisten vaatimusten mukaisiksi. <br \/>Luottokorttitiedot salataan kuitenkin aina siirron aikana.<\/p><p>Sitoudut olemaan kopioimatta, j\u00e4ljent\u00e4m\u00e4tt\u00e4, myym\u00e4tt\u00e4, myym\u00e4tt\u00e4, j\u00e4lleenmyym\u00e4st\u00e4 tai muuten k\u00e4ytt\u00e4m\u00e4tt\u00e4 mit\u00e4\u00e4n palvelun osaa tai ottamasta yhteytt\u00e4 verkkosivuston kautta ilman nimenomaista kirjallista lupaamme.<\/p><p>T\u00e4m\u00e4n sopimuksen otsikot on tarkoitettu vain tarkoituksenmukaisuuden vuoksi, eiv\u00e4tk\u00e4 ne vaikuta n\u00e4iden ehtojen tulkintaan.<\/p>\n\n<h2 class=\"wp-block-heading\">Tietojen tarkkuus, t\u00e4ydellisyys ja ajantasaisuus<\/h2>\n\n<p>Emme ole vastuussa t\u00e4ll\u00e4 verkkosivustolla annettujen tietojen ep\u00e4tarkkuudesta, puutteellisuudesta tai ep\u00e4t\u00e4sm\u00e4llisyydest\u00e4. T\u00e4m\u00e4n verkkosivuston sis\u00e4lt\u00f6 on tarkoitettu vain yleiseksi viitteeksi, eik\u00e4 sit\u00e4 pid\u00e4 k\u00e4ytt\u00e4\u00e4 p\u00e4\u00e4t\u00f6ksenteon ainoana perustana. Ennen p\u00e4\u00e4t\u00f6ksentekoa on syyt\u00e4 tutustua arvovaltaisempiin, tarkempiin, t\u00e4ydellisempiin tai ajantasaisempiin tietol\u00e4hteisiin. K\u00e4yt\u00e4t t\u00e4m\u00e4n verkkosivuston sis\u00e4lt\u00f6\u00e4 omalla vastuullasi.<\/p><p>T\u00e4m\u00e4 verkkosivusto voi sis\u00e4lt\u00e4\u00e4 historiallisia tietoja. Historialliset tiedot eiv\u00e4t v\u00e4ltt\u00e4m\u00e4tt\u00e4 vastaa nykytilannetta, ja ne on tarkoitettu vain viitteiksi. Pid\u00e4t\u00e4mme oikeuden muuttaa t\u00e4m\u00e4n verkkosivuston sis\u00e4lt\u00f6\u00e4 milloin tahansa, mutta meill\u00e4 ei ole velvollisuutta p\u00e4ivitt\u00e4\u00e4 mit\u00e4\u00e4n verkkosivuston tietoja. Hyv\u00e4ksyt, ett\u00e4 olet yksin vastuussa t\u00e4m\u00e4n verkkosivuston muutosten seuraamisesta.<\/p>\n\n<h2 class=\"wp-block-heading\">\u00a0Palveluehtojen muutokset<\/h2>\n\n<p><span dir=\"auto\">Voit tarkastella k\u00e4ytt\u00f6ehtojen uusinta versiota t\u00e4ll\u00e4 sivulla milloin tahansa.<\/span><\/p><p><span dir=\"auto\">Pid\u00e4t\u00e4mme oikeuden p\u00e4ivitt\u00e4\u00e4, muuttaa tai korvata mink\u00e4 tahansa osan n\u00e4ist\u00e4 k\u00e4ytt\u00f6ehdoista oman harkintamme mukaan, ja t\u00e4llaiset p\u00e4ivitykset ja muutokset julkaistaan verkkosivustollamme. On sinun vastuullasi tarkistaa verkkosivustomme s\u00e4\u00e4nn\u00f6llisesti muutosten varalta. Jos jatkat verkkosivustomme tai palveluidemme k\u00e4ytt\u00f6\u00e4 tai k\u00e4ytt\u00e4mist\u00e4 n\u00e4iden k\u00e4ytt\u00f6ehtojen muutosten j\u00e4lkeen, hyv\u00e4ksyt kyseiset muutokset.<\/span><\/p>\n\n<h2 class=\"wp-block-heading\">Ota yhteytt\u00e4<\/h2>\n\n<p>Jos sinulla on kysytt\u00e4v\u00e4\u00e4 palveluehdoista, l\u00e4het\u00e4 s\u00e4hk\u00f6postia osoitteeseen info@acecoll.com.<\/p>","protected":false},"excerpt":{"rendered":"<p>Terms of Service This website is operated by ACECOLL. In this context, \u201cwe\u201d and \u201cour\u201d refer to ACECOLL. We provide you (the user) with this website, including all information, tools, and services, subject to your acceptance of all terms, conditions, policies, and statements set forth herein. By accessing our website and\/or purchasing any goods from [&hellip;]<\/p>","protected":false},"author":4,"featured_media":0,"parent":0,"menu_order":0,"comment_status":"closed","ping_status":"closed","template":"","meta":{"_acf_changed":false,"inline_featured_image":false,"slim_seo":{"description":"K\u00e4ytt\u00f6ehdoissa esitet\u00e4\u00e4n ACECOLLin verkkosivuston, tuotteiden ja palvelujen k\u00e4ytt\u00f6\u00e4 koskevat s\u00e4\u00e4nn\u00f6t, ehdot ja k\u00e4yt\u00e4nn\u00f6t.","title":"Terms of Service - ACECOLL"},"footnotes":""},"class_list":["post-1807","page","type-page","status-publish","hentry"],"acf":[],"_links":{"self":[{"href":"https:\/\/acecoll.com\/fi\/wp-json\/wp\/v2\/pages\/1807","targetHints":{"allow":["GET"]}}],"collection":[{"href":"https:\/\/acecoll.com\/fi\/wp-json\/wp\/v2\/pages"}],"about":[{"href":"https:\/\/acecoll.com\/fi\/wp-json\/wp\/v2\/types\/page"}],"author":[{"embeddable":true,"href":"https:\/\/acecoll.com\/fi\/wp-json\/wp\/v2\/users\/4"}],"replies":[{"embeddable":true,"href":"https:\/\/acecoll.com\/fi\/wp-json\/wp\/v2\/comments?post=1807"}],"version-history":[{"count":17,"href":"https:\/\/acecoll.com\/fi\/wp-json\/wp\/v2\/pages\/1807\/revisions"}],"predecessor-version":[{"id":1987,"href":"https:\/\/acecoll.com\/fi\/wp-json\/wp\/v2\/pages\/1807\/revisions\/1987"}],"wp:attachment":[{"href":"https:\/\/acecoll.com\/fi\/wp-json\/wp\/v2\/media?parent=1807"}],"curies":[{"name":"wp","href":"https:\/\/api.w.org\/{rel}","templated":true}]}}