{"id":3,"date":"2025-10-28T04:18:07","date_gmt":"2025-10-28T04:18:07","guid":{"rendered":"http:\/\/acecoll.com\/?page_id=3"},"modified":"2026-03-13T03:05:01","modified_gmt":"2026-03-13T03:05:01","slug":"tietosuojakaytanto","status":"publish","type":"page","link":"https:\/\/acecoll.com\/fi\/tietosuojakaytanto\/","title":{"rendered":"Tietosuojak\u00e4yt\u00e4nt\u00f6"},"content":{"rendered":"<h2 class=\"wp-block-heading\">Tietosuojak\u00e4yt\u00e4nt\u00f6<\/h2>\n\n<h2 class=\"wp-block-heading\">Mit\u00e4 teemme tiedoillasi?<\/h2>\n\n<p>Kun ostat jotain <a href=\"https:\/\/acecoll.com\/fi\/\">ACECOLL<\/a>, ker\u00e4\u00e4mme osana osto- ja myyntiprosessia antamasi henkil\u00f6tiedot, kuten nimesi, osoitteesi ja s\u00e4hk\u00f6postiosoitteesi.<br \/>Kun selaat myym\u00e4l\u00e4\u00e4mme, saamme automaattisesti my\u00f6s tietokoneesi IP-osoitteen (Internet Protocol), jotta saamme tietoa selaimestasi ja k\u00e4ytt\u00f6j\u00e4rjestelm\u00e4st\u00e4si.<\/p>\n<p>S\u00e4hk\u00f6postimarkkinointi (tarvittaessa): Suostumuksellasi voimme l\u00e4hett\u00e4\u00e4 sinulle s\u00e4hk\u00f6postiviestej\u00e4 myym\u00e4l\u00e4st\u00e4mme, uusista tuotteista ja muista p\u00e4ivityksist\u00e4.<\/p>\n\n<h2 class=\"wp-block-heading\">Miten saamme suostumuksesi<\/h2>\n\n<p>Kun annat meille henkil\u00f6kohtaisia tietoja tapahtuman loppuunsaattamiseksi, maksutapasi tarkistamiseksi, tilauksen tekemiseksi, toimituksen j\u00e4rjest\u00e4miseksi tai ostoksen palauttamiseksi, annat suostumuksesi siihen, ett\u00e4 ker\u00e4\u00e4mme ja k\u00e4yt\u00e4mme kyseisi\u00e4 tietoja ainoastaan kyseisiin erityistarkoituksiin.<\/p>\n<p>Jos pyyd\u00e4mme henkil\u00f6tietojasi toissijaisiin tarkoituksiin, kuten markkinointiin, pyyd\u00e4mme joko nimenomaista suostumustasi tai annamme sinulle mahdollisuuden kielt\u00e4yty\u00e4.<\/p>\n\n<h2 class=\"wp-block-heading\">Suostumuksen peruuttaminen<\/h2>\n\n<p>Jos olet antanut suostumuksesi ja muutat my\u00f6hemmin mielt\u00e4si, voit peruuttaa suostumuksesi siihen, ett\u00e4 otamme sinuun yhteytt\u00e4 tai ett\u00e4 henkil\u00f6tietojesi ker\u00e4\u00e4mist\u00e4, k\u00e4ytt\u00f6\u00e4 tai luovuttamista jatketaan. <strong data-start=\"894\" data-end=\"951\">milloin tahansa ottamalla meihin yhteytt\u00e4 osoitteessa <\/strong> info@acecoll.com.<\/p>\n\n<h2 class=\"wp-block-heading\">Henkil\u00f6tietojen luovuttaminen<\/h2>\n\n<p>Voimme luovuttaa henkil\u00f6tietojasi, jos laki niin vaatii tai jos rikot k\u00e4ytt\u00f6ehtojamme.<\/p>\n\n<h2 class=\"wp-block-heading\">Kolmannen osapuolen palvelut<\/h2>\n\n<p>Yleens\u00e4 k\u00e4ytt\u00e4m\u00e4mme kolmannen osapuolen palveluntarjoajat ker\u00e4\u00e4v\u00e4t, k\u00e4ytt\u00e4v\u00e4t ja luovuttavat tietojasi vain siin\u00e4 m\u00e4\u00e4rin kuin on tarpeen niiden meille tarjoamien palvelujen suorittamiseksi. Joillakin palveluntarjoajilla, kuten maksuportailla, on omat tietosuojak\u00e4yt\u00e4nt\u00f6ns\u00e4 koskien tietoja, joita annamme ostotapahtumia varten.<\/p>\n<p>Suosittelemme, ett\u00e4 tutustut niiden tietosuojak\u00e4yt\u00e4nt\u00f6ihin, jotta ymm\u00e4rr\u00e4t, miten henkil\u00f6kohtaisia tietojasi k\u00e4sitell\u00e4\u00e4n. Huomaa, ett\u00e4 jotkin palveluntarjoajat saattavat sijaita eri laink\u00e4ytt\u00f6alueilla kuin sinun tai meid\u00e4n. Jos jatkat tapahtumaa kolmannen osapuolen palveluntarjoajan kanssa, tietojasi saatetaan soveltaa kyseisen laink\u00e4ytt\u00f6alueen lakeja.<\/p>\n<p>Jos esimerkiksi sijaitset Kanadassa ja maksutapahtumasi k\u00e4sitell\u00e4\u00e4n Yhdysvalloissa sijaitsevan maksuportaalin kautta, henkil\u00f6tietojasi voi koskea Yhdysvaltain lains\u00e4\u00e4d\u00e4nt\u00f6, mukaan lukien Patriot Act.<\/p>\n<p>Kun poistut verkkosivustoltamme tai sinut ohjataan kolmannen osapuolen sivustolle, t\u00e4m\u00e4 tietosuojak\u00e4yt\u00e4nt\u00f6 tai k\u00e4ytt\u00f6ehdot eiv\u00e4t en\u00e4\u00e4 koske sinua.<\/p>\n\n<h2 class=\"wp-block-heading\">Turvallisuus<\/h2>\n\n<p>Suojellaksemme henkil\u00f6kohtaisia tietojasi noudatamme kohtuullisia varotoimia ja alan parhaita k\u00e4yt\u00e4nt\u00f6j\u00e4 varmistaaksemme, ett\u00e4 niit\u00e4 ei menetet\u00e4, k\u00e4ytet\u00e4 v\u00e4\u00e4rin, k\u00e4ytet\u00e4, luovuteta, muuteta tai tuhota asiattomasti.<\/p>\n<p>Jos annat meille luottokorttitietosi, tiedot salataan SSL-tekniikalla (Secure Socket Layer) ja tallennetaan AES-salauksella. Vaikka mik\u00e4\u00e4n Internetin v\u00e4lityksell\u00e4 tapahtuva siirtomenetelm\u00e4 tai s\u00e4hk\u00f6inen tallennus ei ole 100%-turvallinen, noudatamme kaikkia PCI-DSS-vaatimuksia ja muita yleisesti hyv\u00e4ksyttyj\u00e4 alan standardeja.<\/p>\n\n<h2 class=\"wp-block-heading\">Ev\u00e4steet<\/h2>\n\n<p>Jos j\u00e4t\u00e4t kommentin sivustollemme, voit suostua siihen, ett\u00e4 nimesi, s\u00e4hk\u00f6postiosoitteesi ja verkkosivustosi tallennetaan ev\u00e4steisiin. N\u00e4m\u00e4 ev\u00e4steet s\u00e4ilyv\u00e4t yhden vuoden ajan.<\/p>\n<p>Jos vierailet kirjautumissivullamme, v\u00e4liaikainen ev\u00e4ste asetetaan sen m\u00e4\u00e4ritt\u00e4miseksi, hyv\u00e4ksyyk\u00f6 selaimesi ev\u00e4steet. T\u00e4m\u00e4 ev\u00e4ste ei sis\u00e4ll\u00e4 henkil\u00f6tietoja, ja se h\u00e4vitet\u00e4\u00e4n, kun suljet selaimesi.<\/p>\n<p>Kun kirjaudut sis\u00e4\u00e4n, useita ev\u00e4steit\u00e4 asetetaan tallentamaan kirjautumistietosi ja n\u00e4yt\u00f6n n\u00e4ytt\u00f6valinnat. Sis\u00e4\u00e4nkirjautumisev\u00e4steet s\u00e4ilyv\u00e4t kaksi p\u00e4iv\u00e4\u00e4, n\u00e4ytt\u00f6valintaev\u00e4steet yhden vuoden, ja \u201cMuista minut\u201d -valinta pident\u00e4\u00e4 kirjautumisev\u00e4steiden kestoa kahteen viikkoon. Uloskirjautuminen poistaa kirjautumisev\u00e4steet.<\/p>\n\n<h2 class=\"wp-block-heading\">Suostumuksen ik\u00e4raja<\/h2>\n\n<p>K\u00e4ytt\u00e4m\u00e4ll\u00e4 t\u00e4t\u00e4 sivustoa vakuutat, ett\u00e4 olet v\u00e4hint\u00e4\u00e4n t\u00e4ysi-ik\u00e4inen asuinvaltiossasi tai -provinssissasi. Jos olet alaik\u00e4inen, vahvistat, ett\u00e4 olet hankkinut vanhempiesi tai huoltajasi suostumuksen t\u00e4m\u00e4n sivuston k\u00e4ytt\u00e4miseen.<\/p>\n\n<h2 class=\"wp-block-heading\">Muutokset t\u00e4h\u00e4n tietosuojak\u00e4yt\u00e4nt\u00f6\u00f6n<\/h2>\n\n<p>Pid\u00e4t\u00e4mme oikeuden muuttaa t\u00e4t\u00e4 tietosuojak\u00e4yt\u00e4nt\u00f6\u00e4 milloin tahansa. Muutokset ja selvennykset tulevat voimaan v\u00e4litt\u00f6m\u00e4sti, kun ne julkaistaan verkkosivustollamme.<\/p>\n<p>Jos teemme olennaisia muutoksia, ilmoitamme sinulle tilill\u00e4si antamallasi s\u00e4hk\u00f6postilla, jotta tied\u00e4t, mit\u00e4 tietoja ker\u00e4\u00e4mme, miten k\u00e4yt\u00e4mme niit\u00e4 ja miss\u00e4 olosuhteissa voimme luovuttaa niit\u00e4.<\/p>\n\n<h2 class=\"wp-block-heading\">Kysymykset ja yhteystiedot<\/h2>\n\n<p>Jos haluat tarkastella, korjata, muuttaa tai poistaa sinusta hallussamme olevia henkil\u00f6tietoja, tehd\u00e4 valituksen tai pyyt\u00e4\u00e4 lis\u00e4tietoja, ota yhteytt\u00e4 osoitteeseen info@acecoll.com.<\/p>","protected":false},"excerpt":{"rendered":"<p>Privacy Policy What Do We Do With Your Information? When you purchase something from ACECOLL, as part of the buying and selling process, we collect the personal information you give us such as your name, address and email address.When you browse our store, we also automatically receive your computer\u2019s internet protocol (IP) address in order [&hellip;]<\/p>","protected":false},"author":4,"featured_media":0,"parent":0,"menu_order":0,"comment_status":"closed","ping_status":"open","template":"","meta":{"_acf_changed":false,"inline_featured_image":false,"slim_seo":{"description":"ACECOLLin virallinen tietosuojak\u00e4yt\u00e4nt\u00f6 selitt\u00e4\u00e4, miten ker\u00e4\u00e4mme, k\u00e4yt\u00e4mme ja suojaamme henkil\u00f6tietojasi, mukaan lukien suostumus, kolmannen osapuolen palvelut, ev\u00e4steet ja oikeutesi.","title":"Privacy Policy - ACECOLL"},"footnotes":""},"class_list":["post-3","page","type-page","status-publish","hentry"],"acf":[],"_links":{"self":[{"href":"https:\/\/acecoll.com\/fi\/wp-json\/wp\/v2\/pages\/3","targetHints":{"allow":["GET"]}}],"collection":[{"href":"https:\/\/acecoll.com\/fi\/wp-json\/wp\/v2\/pages"}],"about":[{"href":"https:\/\/acecoll.com\/fi\/wp-json\/wp\/v2\/types\/page"}],"author":[{"embeddable":true,"href":"https:\/\/acecoll.com\/fi\/wp-json\/wp\/v2\/users\/4"}],"replies":[{"embeddable":true,"href":"https:\/\/acecoll.com\/fi\/wp-json\/wp\/v2\/comments?post=3"}],"version-history":[{"count":30,"href":"https:\/\/acecoll.com\/fi\/wp-json\/wp\/v2\/pages\/3\/revisions"}],"predecessor-version":[{"id":1993,"href":"https:\/\/acecoll.com\/fi\/wp-json\/wp\/v2\/pages\/3\/revisions\/1993"}],"wp:attachment":[{"href":"https:\/\/acecoll.com\/fi\/wp-json\/wp\/v2\/media?parent=3"}],"curies":[{"name":"wp","href":"https:\/\/api.w.org\/{rel}","templated":true}]}}