{"id":406,"date":"2025-10-28T07:46:52","date_gmt":"2025-10-28T07:46:52","guid":{"rendered":"https:\/\/acecoll.com\/?page_id=406"},"modified":"2025-12-30T14:30:20","modified_gmt":"2025-12-30T14:30:20","slug":"meista","status":"publish","type":"page","link":"https:\/\/acecoll.com\/fi\/meista\/","title":{"rendered":"MEIST\u00c4"},"content":{"rendered":"<p>Tulessa taottu, huippuosaamiseen karkaistu<\/p>\n\n<p><span data-font-family=\"\u5fae\u8f6f\u96c5\u9ed1\">ACECOLL valitsee veitset, jotka ovat kest\u00e4vi\u00e4, ter\u00e4vi\u00e4 ja todella unohtumattomia.<\/span><\/p>\n\n<div class=\"wp-block-buttons is-layout-flex wp-block-buttons-is-layout-flex\"><div class=\"wp-block-button\"><a class=\"wp-block-button__link\">L\u00f6yd\u00e4 ter\u00e4si<\/a><\/div><\/div>\n\n<h3 class=\"wp-block-heading\">ACECOLLISTA<\/h3>\n\n<p>ACECOLL on jo vuosia pyrkinyt saumattomasti yhdist\u00e4m\u00e4\u00e4n ruokailuv\u00e4lineiden k\u00e4yt\u00e4nn\u00f6llisyyden ja taiteellisen k\u00e4sity\u00f6taidon. Suunnittelusta materiaaleihin ja taontatekniikoihin, pid\u00e4mme yll\u00e4 hellitt\u00e4m\u00e4tt\u00f6m\u00e4n hienostuneisuuden henke\u00e4 ja valvomme huolellisesti jokaista vaihetta tuottaaksemme parhaat mahdolliset tuotteet.<\/p>\n<p>Olemme sitoutuneet varmistamaan, ett\u00e4 jokainen veitsi t\u00e4ytt\u00e4\u00e4 ker\u00e4ilykelpoisuusstandardin v\u00e4hint\u00e4\u00e4n yhdell\u00e4 seuraavista osa-alueista: visuaalinen estetiikka, materiaaliominaisuudet tai taontatekniikka.<\/p>\n<p>ACECOLL on erikoistunut tarjoamaan korkealaatuisia, k\u00e4sity\u00f6n\u00e4 valmistettuja ulkoiluveitsi\u00e4 ja ker\u00e4ilyveitsi\u00e4 ulkoiluharrastajille, veitsenker\u00e4ilij\u00f6ille, kamppailulajien harrastajille ja samurai-kulttuurin harrastajille.<\/p>\n<p>Kaikki veitsemme ovat maailmankuulujen mestareiden suunnittelemia, ja ne on valmistettu Kiinassa - maassa, jolla on 2600 vuoden perint\u00f6 kylmien aseiden takomisesta. Emme tarjoa pelkki\u00e4 ty\u00f6kaluja, vaan ker\u00e4ilyesineit\u00e4, joissa yhdistyv\u00e4t muinainen taontaperint\u00f6 ja huippuluokan teollinen k\u00e4sity\u00f6taito.<\/p>\n<p>Olipa kyseess\u00e4 omaan k\u00e4ytt\u00f6\u00f6n, ker\u00e4ilykappale tai lahja yst\u00e4ville ja perheelle, miekkamme ja veitsemme ovat t\u00e4ydellinen valinta.<\/p>\n\n<h3 class=\"wp-block-heading\">Ota yhteytt\u00e4<\/h3>\n\n<p>Kysymyksi\u00e4, kommentteja tai liiketoimintaa koskevia kysymyksi\u00e4 ACECOLLille? Ota yhteytt\u00e4 t\u00e4\u00e4ll\u00e4 tai l\u00e4het\u00e4 s\u00e4hk\u00f6postia: <span style=\"color: #e17c2b;\"><strong><u><a style=\"color: #e17c2b;\" href=\"mailto:info@example.com\">info@acecoll.com<\/a><\/u><\/strong><\/span><\/p>\n\n<figure class=\"wp-block-image size-full\"><img loading=\"lazy\" decoding=\"async\" width=\"644\" height=\"450\" src=\"https:\/\/acecoll.com\/wp-content\/uploads\/2025\/10\/ASHEN-FORGE-brand-story-illustration1.jpg\" alt class=\"wp-image-409\" srcset=\"https:\/\/acecoll.com\/wp-content\/uploads\/2025\/10\/ASHEN-FORGE-brand-story-illustration1.jpg 644w, https:\/\/acecoll.com\/wp-content\/uploads\/2025\/10\/ASHEN-FORGE-brand-story-illustration1-300x210.jpg 300w, https:\/\/acecoll.com\/wp-content\/uploads\/2025\/10\/ASHEN-FORGE-brand-story-illustration1-600x419.jpg 600w\" sizes=\"auto, (max-width: 644px) 100vw, 644px\" \/><\/figure>","protected":false},"excerpt":{"rendered":"<p>Forged in Fire,Tempered for Excellence At ACECOLL, we select knives that are resilient, sharp, and truly unforgettable. ABOUT ACECOLL For years, ACECOLL has been dedicated to seamlessly blending the practicality of cutlery with artistic craftsmanship. From design to materials to forging techniques, we uphold a spirit of relentless refinement, meticulously controlling every step to deliver [&hellip;]<\/p>","protected":false},"author":4,"featured_media":0,"parent":0,"menu_order":0,"comment_status":"closed","ping_status":"closed","template":"","meta":{"_acf_changed":false,"inline_featured_image":false,"slim_seo":{"title":"ACECOLL Brand Story - Tietoa ACEBOTTista","description":"ACECOLL pyrkii ja on sitoutunut valitsemaan sinulle parhaat veitset ja auttamaan sinua rakentamaan Ace-kokoelmasi."},"footnotes":""},"class_list":["post-406","page","type-page","status-publish","hentry"],"acf":[],"_links":{"self":[{"href":"https:\/\/acecoll.com\/fi\/wp-json\/wp\/v2\/pages\/406","targetHints":{"allow":["GET"]}}],"collection":[{"href":"https:\/\/acecoll.com\/fi\/wp-json\/wp\/v2\/pages"}],"about":[{"href":"https:\/\/acecoll.com\/fi\/wp-json\/wp\/v2\/types\/page"}],"author":[{"embeddable":true,"href":"https:\/\/acecoll.com\/fi\/wp-json\/wp\/v2\/users\/4"}],"replies":[{"embeddable":true,"href":"https:\/\/acecoll.com\/fi\/wp-json\/wp\/v2\/comments?post=406"}],"version-history":[{"count":36,"href":"https:\/\/acecoll.com\/fi\/wp-json\/wp\/v2\/pages\/406\/revisions"}],"predecessor-version":[{"id":1930,"href":"https:\/\/acecoll.com\/fi\/wp-json\/wp\/v2\/pages\/406\/revisions\/1930"}],"wp:attachment":[{"href":"https:\/\/acecoll.com\/fi\/wp-json\/wp\/v2\/media?parent=406"}],"curies":[{"name":"wp","href":"https:\/\/api.w.org\/{rel}","templated":true}]}}