{"id":1059,"date":"2025-11-05T05:49:47","date_gmt":"2025-11-05T05:49:47","guid":{"rendered":"https:\/\/acecoll.com\/?post_type=product&#038;p=1059"},"modified":"2026-03-26T07:37:01","modified_gmt":"2026-03-26T07:37:01","slug":"af026-taktinen-selviytymis-tanto-kiintea-tera-veitsi-sanmai-teras","status":"publish","type":"product","link":"https:\/\/acecoll.com\/fi\/product\/af026-taktinen-selviytymis-tanto-kiintea-tera-veitsi-sanmai-teras\/","title":{"rendered":"AC026 San Mai Tanto taktinen ja selviytymisveitsi"},"content":{"rendered":"<p>AC026 San Mai Tanto Tactical &amp; Survival Knife on korkealuokkainen kiinte\u00e4 ter\u00e4, jossa yhdistyv\u00e4t k\u00e4yt\u00e4nn\u00f6llisyys ja ker\u00e4ilyvyys.<br \/>\nTer\u00e4ss\u00e4 k\u00e4ytet\u00e4\u00e4n San Mai -taontatekniikkaa, jossa yhdistet\u00e4\u00e4n kolme kerrosta huipputehokasta ter\u00e4st\u00e4 ter\u00e4vyyden, sitkeyden ja korroosionkest\u00e4vyyden tasapainottamiseksi.<br \/>\nFull-Tang-rakenne takaa vakauden ja luotettavuuden raskaassa k\u00e4yt\u00f6ss\u00e4.<br \/>\nTanto ter\u00e4ss\u00e4 on ter\u00e4v\u00e4 reuna ja vahva k\u00e4rki, joka soveltuu leikkaus- ja l\u00e4vistysteht\u00e4viin.<br \/>\nVaaleanvihre\u00e4 G10-kahva tarjoaa tukevan otteen, joka on yhdistetty vaaleanvihre\u00e4\u00e4n Kydex-tuppeen, joka on kevyt, kest\u00e4v\u00e4 ja helppo kuljettaa.<br \/>\nOlipa kyseess\u00e4 p\u00e4ivitt\u00e4inen EDC, ulkoseikkailu, selviytymisk\u00e4ytt\u00f6 tai ker\u00e4ily, AC026 toimii hyvin.<\/p>","protected":false},"excerpt":{"rendered":"<p>Ker\u00e4ys- ja hy\u00f6tyk\u00e4ytt\u00f6 yhdistettyn\u00e4: San Mai -taonta ja satiinipintainen ter\u00e4 tekev\u00e4t siit\u00e4 sopivan sek\u00e4 ulkok\u00e4ytt\u00f6\u00f6n ett\u00e4 ker\u00e4ilyyn.<br \/>\nSan Mai taottu ter\u00e4: ter\u00e4vyytt\u00e4, sitkeytt\u00e4 ja korroosionkest\u00e4vyytt\u00e4 varten.<br \/>\nFull-Tang-rakenne: Tarjoaa suuren lujuuden ja rakenteellisen vakauden<br \/>\nLiukumaton G10-kahva: Teksturoitu pinta takaa tukevan ja mukavan otteen.<br \/>\nTaktinen Kydex-tuppi: S\u00e4\u00e4dett\u00e4v\u00e4 vy\u00f6klipsi helpottaa kantamista ja nopeaa k\u00e4ytt\u00f6\u00e4.<\/p>","protected":false},"featured_media":1066,"comment_status":"open","ping_status":"closed","template":"","meta":{"_acf_changed":false,"inline_featured_image":false,"slim_seo":{"description":"AC026 San Mai Tanto Tactical &amp; Survival Knife, ihanteellinen EDC, ulkona selviytymiseen ja ker\u00e4ilyyn. Nyt saatavilla, klikkaa saadaksesi lis\u00e4tietoja.","title":"AC026 San Mai Tanto Tactical & Survival Knife - ACECOLL"}},"product_brand":[],"product_cat":[16,19,21],"product_tag":[],"class_list":{"0":"post-1059","1":"product","2":"type-product","3":"status-publish","4":"has-post-thumbnail","6":"product_cat-fixed-blade-knife","7":"product_cat-tactical-knives","8":"product_cat-tanto-knives","10":"first","11":"instock","12":"taxable","13":"shipping-taxable","14":"purchasable","15":"product-type-simple"},"acf":[],"_links":{"self":[{"href":"https:\/\/acecoll.com\/fi\/wp-json\/wp\/v2\/product\/1059","targetHints":{"allow":["GET"]}}],"collection":[{"href":"https:\/\/acecoll.com\/fi\/wp-json\/wp\/v2\/product"}],"about":[{"href":"https:\/\/acecoll.com\/fi\/wp-json\/wp\/v2\/types\/product"}],"replies":[{"embeddable":true,"href":"https:\/\/acecoll.com\/fi\/wp-json\/wp\/v2\/comments?post=1059"}],"version-history":[{"count":6,"href":"https:\/\/acecoll.com\/fi\/wp-json\/wp\/v2\/product\/1059\/revisions"}],"predecessor-version":[{"id":1708,"href":"https:\/\/acecoll.com\/fi\/wp-json\/wp\/v2\/product\/1059\/revisions\/1708"}],"wp:featuredmedia":[{"embeddable":true,"href":"https:\/\/acecoll.com\/fi\/wp-json\/wp\/v2\/media\/1066"}],"wp:attachment":[{"href":"https:\/\/acecoll.com\/fi\/wp-json\/wp\/v2\/media?parent=1059"}],"wp:term":[{"taxonomy":"product_brand","embeddable":true,"href":"https:\/\/acecoll.com\/fi\/wp-json\/wp\/v2\/product_brand?post=1059"},{"taxonomy":"product_cat","embeddable":true,"href":"https:\/\/acecoll.com\/fi\/wp-json\/wp\/v2\/product_cat?post=1059"},{"taxonomy":"product_tag","embeddable":true,"href":"https:\/\/acecoll.com\/fi\/wp-json\/wp\/v2\/product_tag?post=1059"}],"curies":[{"name":"wp","href":"https:\/\/api.w.org\/{rel}","templated":true}]}}