{"id":1069,"date":"2025-11-05T07:09:23","date_gmt":"2025-11-05T07:09:23","guid":{"rendered":"https:\/\/acecoll.com\/?post_type=product&#038;p=1069"},"modified":"2026-02-11T07:24:08","modified_gmt":"2026-02-11T07:24:08","slug":"af027-pitkaterainen-taktinen-selviytymisveitsi","status":"publish","type":"product","link":"https:\/\/acecoll.com\/fi\/product\/af027-pitkaterainen-taktinen-selviytymisveitsi\/","title":{"rendered":"AC027 Pitk\u00e4ter\u00e4inen taktinen ja selviytymisveitsi"},"content":{"rendered":"<p>AC027 Long Bladed Tactical &amp; Survival Knife, a medium-to-long outdoor fixed blade. Made from AUS-10 steel billet, forged at high temperature.<\/p>\n<p>AC027 has high carbon content, with hardness over 62\u00b1HRC. It offers excellent durability, toughness, and corrosion resistance. Under heavy use, it resists chipping and dulling.<\/p>\n<p>AC027 Long Bladed Tactical &amp; Survival Knife excels in clearing, chopping, and cutting, suitable for various outdoor scenarios.<\/p>","protected":false},"excerpt":{"rendered":"<p>Eritt\u00e4in suuri koko - Kokonaispituus 15 tuumaa (380 mm) ja 9,4 tuuman ter\u00e4 tarjoaa suuremman hakkuutehon ja ty\u00f6alueen, joka on ihanteellinen retkeilyyn, puun leikkaamiseen ja ulkona selviytymiseen.<br \/>\n6,5 mm paksu raskas ter\u00e4 - 0,256 tuuman (6,5 mm) paksuus tarjoaa erinomaisen taivutus- ja iskunkest\u00e4vyyden, mik\u00e4 takaa, ettei k\u00e4yt\u00f6n aikana tapahdu muodonmuutoksia tai lohkeamia.<br \/>\nLujatekoinen AUS-10-ter\u00e4s - taottu korkeassa l\u00e4mp\u00f6tilassa sammutettuna, kovuus ylitt\u00e4\u00e4 62 \u00b1 HRC, ter\u00e4vyys ja korroosionkest\u00e4vyys yhdistyv\u00e4t.<br \/>\nFull-Tang-rakenne - Ter\u00e4 kulkee kahvan l\u00e4pi, mik\u00e4 s\u00e4ilytt\u00e4\u00e4 vakaan vakauden raskaassa k\u00e4yt\u00f6ss\u00e4.<br \/>\nErgonominen liukumaton kahva - Valmistettu kulutusta ja l\u00e4mp\u00f6\u00e4 kest\u00e4v\u00e4st\u00e4 materiaalista, joka tarjoaa mukavan ja turvallisen otteen turvalliseen k\u00e4sittelyyn.<\/p>","protected":false},"featured_media":1074,"comment_status":"open","ping_status":"closed","template":"","meta":{"_acf_changed":false,"inline_featured_image":false,"slim_seo":{"description":"AC027 Long Bladed Tactical &amp; Survival Knife, valmistettu AUS-10-ter\u00e4ksest\u00e4, taottu korkeassa l\u00e4mp\u00f6tilassa, kovuus yli 62 \u00b1 HRC, rakennettu raskaaseen ulkok\u00e4ytt\u00f6\u00f6n ilman lohkeilua tai tylsymist\u00e4.","title":"AC027 Long Bladed Tactical & Survival Knife - ACECOLL"}},"product_brand":[],"product_cat":[16,17,18,19],"product_tag":[],"class_list":{"0":"post-1069","1":"product","2":"type-product","3":"status-publish","4":"has-post-thumbnail","6":"product_cat-fixed-blade-knife","7":"product_cat-full-tang-knives","8":"product_cat-survival-knives","9":"product_cat-tactical-knives","11":"first","12":"instock","13":"taxable","14":"shipping-taxable","15":"purchasable","16":"product-type-simple"},"acf":[],"_links":{"self":[{"href":"https:\/\/acecoll.com\/fi\/wp-json\/wp\/v2\/product\/1069","targetHints":{"allow":["GET"]}}],"collection":[{"href":"https:\/\/acecoll.com\/fi\/wp-json\/wp\/v2\/product"}],"about":[{"href":"https:\/\/acecoll.com\/fi\/wp-json\/wp\/v2\/types\/product"}],"replies":[{"embeddable":true,"href":"https:\/\/acecoll.com\/fi\/wp-json\/wp\/v2\/comments?post=1069"}],"version-history":[{"count":4,"href":"https:\/\/acecoll.com\/fi\/wp-json\/wp\/v2\/product\/1069\/revisions"}],"predecessor-version":[{"id":1641,"href":"https:\/\/acecoll.com\/fi\/wp-json\/wp\/v2\/product\/1069\/revisions\/1641"}],"wp:featuredmedia":[{"embeddable":true,"href":"https:\/\/acecoll.com\/fi\/wp-json\/wp\/v2\/media\/1074"}],"wp:attachment":[{"href":"https:\/\/acecoll.com\/fi\/wp-json\/wp\/v2\/media?parent=1069"}],"wp:term":[{"taxonomy":"product_brand","embeddable":true,"href":"https:\/\/acecoll.com\/fi\/wp-json\/wp\/v2\/product_brand?post=1069"},{"taxonomy":"product_cat","embeddable":true,"href":"https:\/\/acecoll.com\/fi\/wp-json\/wp\/v2\/product_cat?post=1069"},{"taxonomy":"product_tag","embeddable":true,"href":"https:\/\/acecoll.com\/fi\/wp-json\/wp\/v2\/product_tag?post=1069"}],"curies":[{"name":"wp","href":"https:\/\/api.w.org\/{rel}","templated":true}]}}