{"id":1432,"date":"2025-11-18T08:11:46","date_gmt":"2025-11-18T08:11:46","guid":{"rendered":"https:\/\/acecoll.com\/?post_type=product&#038;p=1432"},"modified":"2026-04-07T07:06:35","modified_gmt":"2026-04-07T07:06:35","slug":"ac031-pitka-selviytymisveitsi","status":"publish","type":"product","link":"https:\/\/acecoll.com\/fi\/product\/ac031-pitka-selviytymisveitsi\/","title":{"rendered":"AC031 Pitk\u00e4 selviytymisveitsi"},"content":{"rendered":"<p>AC031 Long Survival Machete -veitsess\u00e4 on ker\u00e4ilylaatuinen viimeistely ja eritt\u00e4in pitk\u00e4 siluetti, joka luo silmiinpist\u00e4v\u00e4n visuaalisen vaikutelman - ihanteellinen ker\u00e4ilyyn ja esillepanoon.<\/p>\n<p>12,4-tuumainen ter\u00e4, jossa on 6 mm:n paksuinen selk\u00e4ranka, tarjoaa vahvan hakkuutehon, joten se on erinomainen viidakon raivaamiseen tai polkujen leikkaamiseen er\u00e4maassa.<\/p>\n<p>Valmistettu korkealaatuisesta AUS-10-ter\u00e4ksest\u00e4, jonka kovuus, kulutuskest\u00e4vyys ja korroosionkest\u00e4vyys ovat tasapainossa. Se pysyy ter\u00e4v\u00e4n\u00e4 s\u00e4\u00e4nn\u00f6llisess\u00e4 k\u00e4yt\u00f6ss\u00e4 varmistaen samalla, ett\u00e4 ter\u00e4n materiaalit ja tekniset tiedot ovat ker\u00e4ilypuukkoon sopivia.<\/p>","protected":false},"excerpt":{"rendered":"<p>Ker\u00e4ilykelpoinen ulkon\u00e4k\u00f6: ter\u00e4n kuvioitu viimeistely ja naamiointikuvio yhdistettyn\u00e4 eritt\u00e4in pitk\u00e4\u00e4n profiiliin luovat voimakkaan visuaalisen vaikutelman. T\u00e4m\u00e4 veitsi on eritt\u00e4in n\u00e4ytt\u00e4v\u00e4 ja ihanteellinen ker\u00e4ilyyn tai n\u00e4yttelyyn.<\/p>\n<p>Laadukas ter\u00e4s: AUS-10-ter\u00e4s tarjoaa tasapainoisen kovuuden, kulutuskest\u00e4vyyden ja korroosionkest\u00e4vyyden. K\u00e4yt\u00e4nn\u00f6ss\u00e4 se pit\u00e4\u00e4 ter\u00e4n ter\u00e4n vakaana, ja ter\u00e4n materiaali ja tekniset tiedot vastaavat sen asemaa ker\u00e4ilypuukkona.<\/p>\n<p>Eritt\u00e4in pitk\u00e4 ter\u00e4: 12,4 tuuman ter\u00e4 ja 6 mm:n paksuinen selk\u00e4ranka tarjoavat vahvan hakkuutehon viidakon harjujen raivaamiseen ja polkujen tekoon ulkona.<\/p>","protected":false},"featured_media":1436,"comment_status":"open","ping_status":"closed","template":"","meta":{"_acf_changed":false,"inline_featured_image":false,"slim_seo":{"description":"AC031 Long Survival Machete, ker\u00e4ilyluokan ulkon\u00e4k\u00f6 ja voimakas visuaalinen vaikutus, nyt saatavilla. Klikkaa n\u00e4hd\u00e4ksesi lis\u00e4tietoja","title":"AC031 Long Survival Machete - ACECOLL"}},"product_brand":[],"product_cat":[16],"product_tag":[],"class_list":{"0":"post-1432","1":"product","2":"type-product","3":"status-publish","4":"has-post-thumbnail","6":"product_cat-fixed-blade-knife","8":"first","9":"instock","10":"taxable","11":"shipping-taxable","12":"purchasable","13":"product-type-simple"},"acf":[],"_links":{"self":[{"href":"https:\/\/acecoll.com\/fi\/wp-json\/wp\/v2\/product\/1432","targetHints":{"allow":["GET"]}}],"collection":[{"href":"https:\/\/acecoll.com\/fi\/wp-json\/wp\/v2\/product"}],"about":[{"href":"https:\/\/acecoll.com\/fi\/wp-json\/wp\/v2\/types\/product"}],"replies":[{"embeddable":true,"href":"https:\/\/acecoll.com\/fi\/wp-json\/wp\/v2\/comments?post=1432"}],"version-history":[{"count":3,"href":"https:\/\/acecoll.com\/fi\/wp-json\/wp\/v2\/product\/1432\/revisions"}],"predecessor-version":[{"id":2031,"href":"https:\/\/acecoll.com\/fi\/wp-json\/wp\/v2\/product\/1432\/revisions\/2031"}],"wp:featuredmedia":[{"embeddable":true,"href":"https:\/\/acecoll.com\/fi\/wp-json\/wp\/v2\/media\/1436"}],"wp:attachment":[{"href":"https:\/\/acecoll.com\/fi\/wp-json\/wp\/v2\/media?parent=1432"}],"wp:term":[{"taxonomy":"product_brand","embeddable":true,"href":"https:\/\/acecoll.com\/fi\/wp-json\/wp\/v2\/product_brand?post=1432"},{"taxonomy":"product_cat","embeddable":true,"href":"https:\/\/acecoll.com\/fi\/wp-json\/wp\/v2\/product_cat?post=1432"},{"taxonomy":"product_tag","embeddable":true,"href":"https:\/\/acecoll.com\/fi\/wp-json\/wp\/v2\/product_tag?post=1432"}],"curies":[{"name":"wp","href":"https:\/\/api.w.org\/{rel}","templated":true}]}}