{"id":1456,"date":"2025-11-20T13:32:15","date_gmt":"2025-11-20T13:32:15","guid":{"rendered":"https:\/\/acecoll.com\/?post_type=product&#038;p=1456"},"modified":"2026-04-07T07:15:40","modified_gmt":"2026-04-07T07:15:40","slug":"ac032-raskas-suuri-kukri-machete","status":"publish","type":"product","link":"https:\/\/acecoll.com\/fi\/product\/ac032-raskas-suuri-kukri-machete\/","title":{"rendered":"AC032 Raskaan sarjan suuri Kukri Machete"},"content":{"rendered":"<p>AC032 on eritt\u00e4in kest\u00e4v\u00e4 Kukri Machete, joka on suunniteltu kovaan ulkok\u00e4ytt\u00f6\u00f6n tarkoitettuun pilkkomiseen ja ker\u00e4ilyyn.<\/p>\n<p>Koko veitsess\u00e4 on Full Tang -rakenne, joka takaa rakenteellisen vakauden \u00e4\u00e4rimm\u00e4isen raskaissa teht\u00e4viss\u00e4.<\/p>\n<p>Ter\u00e4ss\u00e4 k\u00e4ytet\u00e4\u00e4n korkealaatuista AUS-10 ruostumatonta ter\u00e4st\u00e4. L\u00e4mp\u00f6k\u00e4sittelyn j\u00e4lkeen kovuus vakiintuu 62 HRC:hen, mik\u00e4 takaa erinomaisen ter\u00e4n s\u00e4ilymisen ja korroosionkest\u00e4vyyden.<\/p>\n<p>Kahva on Wenge-puuta, joka tarjoaa tukevan otteen ja vaimentaa hakkuut\u00e4hteit\u00e4.<\/p>\n<p>Tuppi on my\u00f6s r\u00e4\u00e4t\u00e4l\u00f6ity Wenge-puusta, joka toimii sek\u00e4 suojaavana ett\u00e4 n\u00e4ytt\u00f6toimintona.<\/p>\n<p>6 mm:n paksuus yhdistettyn\u00e4 veitsen suureen massaan ja Kukri-profiilin painoetuun antavat AC032-veitselle mahdollisuuden tuottaa \u00e4\u00e4rimm\u00e4ist\u00e4 pilkkomisen liike-energiaa. N\u00e4in selviydyt\u00e4\u00e4n tehokkaasti sellaisista teht\u00e4vist\u00e4 kuin polkujen raivaus ja puun halkaisu.<\/p>\n<p>Samalla sen ensiluokkaiset materiaalit ja k\u00e4sity\u00f6taito sek\u00e4 sen vaikuttava ulkon\u00e4k\u00f6 ja muotoilu antavat sille arvokkaan ker\u00e4ilyesineen arvon.<\/p>","protected":false},"excerpt":{"rendered":"<p>Ker\u00e4ilykelpoinen Heavy-Duty-estetiikka Massiivinen 18-tuumainen (460 mm) koko, yhdistettyn\u00e4 hienoon Wenge-puukahvaan ja mukautettuun puiseen tupeen, luo ensiluokkaisen ja vaikuttavan ulkoasun. Vankan selviytymisv\u00e4lineen lis\u00e4ksi se on veitsen harrastajien n\u00e4ytteilleasettaja, joka sopii erinomaisesti kokoelmiin tai lahjaksi.<\/p>\n<p>Ensiluokkainen ter\u00e4slaatu Korkealuokkainen AUS-10 ruostumaton ter\u00e4s, joka on l\u00e4mp\u00f6k\u00e4sitelty 62 HRC:n l\u00e4mp\u00f6tilaan.Se tarjoaa erinomaisen korroosionkest\u00e4vyyden ja poikkeuksellisen hyv\u00e4n ter\u00e4npit\u00e4vyyden.<\/p>\n<p>6 mm paksuus ja \u00e4\u00e4rimm\u00e4inen hakkuuteho 6 mm:n eritt\u00e4in paksu selk\u00e4ranka ja 866 g:n paino yhdistettyn\u00e4 eteenp\u00e4in painotettuun Kukri-profiiliin luovat valtavan vauhdin minimaalisella vaivalla. Ihanteellinen viidakon raivaamiseen, puun hakkaamiseen ja taktisiin murtoteht\u00e4viin.<\/p>\n<p>Vankka Full Tang -rakenne Sis\u00e4lt\u00e4\u00e4 integroidun Full Tang -rakenteen, joka takaa rakenteellisen eheyden my\u00f6s \u00e4\u00e4rimm\u00e4isess\u00e4 k\u00e4yt\u00f6ss\u00e4. Massiivipuukahva tarjoaa turvallisen otteen ja vaimentaa tehokkaasti iskuja raskaassa pilkkomisessa.<\/p>","protected":false},"featured_media":1461,"comment_status":"open","ping_status":"closed","template":"","meta":{"_acf_changed":false,"inline_featured_image":false,"slim_seo":{"description":"AC032 Heavy Duty Large Kukri Machete: Ker\u00e4ilyesine, jossa on puinen tuppi. T\u00e4ytt\u00e4\u00e4 taktiset selviytymis- ja n\u00e4ytt\u00f6vaatimukset. Nyt saatavilla, klikkaa lis\u00e4tietoja!","title":"AC032 Heavy Duty Large Kukri Machete - ACECOLL"}},"product_brand":[],"product_cat":[16,17,26],"product_tag":[],"class_list":{"0":"post-1456","1":"product","2":"type-product","3":"status-publish","4":"has-post-thumbnail","6":"product_cat-fixed-blade-knife","7":"product_cat-full-tang-knives","8":"product_cat-kukri-style-knives","10":"first","11":"instock","12":"taxable","13":"shipping-taxable","14":"purchasable","15":"product-type-simple"},"acf":[],"_links":{"self":[{"href":"https:\/\/acecoll.com\/fi\/wp-json\/wp\/v2\/product\/1456","targetHints":{"allow":["GET"]}}],"collection":[{"href":"https:\/\/acecoll.com\/fi\/wp-json\/wp\/v2\/product"}],"about":[{"href":"https:\/\/acecoll.com\/fi\/wp-json\/wp\/v2\/types\/product"}],"replies":[{"embeddable":true,"href":"https:\/\/acecoll.com\/fi\/wp-json\/wp\/v2\/comments?post=1456"}],"version-history":[{"count":4,"href":"https:\/\/acecoll.com\/fi\/wp-json\/wp\/v2\/product\/1456\/revisions"}],"predecessor-version":[{"id":2032,"href":"https:\/\/acecoll.com\/fi\/wp-json\/wp\/v2\/product\/1456\/revisions\/2032"}],"wp:featuredmedia":[{"embeddable":true,"href":"https:\/\/acecoll.com\/fi\/wp-json\/wp\/v2\/media\/1461"}],"wp:attachment":[{"href":"https:\/\/acecoll.com\/fi\/wp-json\/wp\/v2\/media?parent=1456"}],"wp:term":[{"taxonomy":"product_brand","embeddable":true,"href":"https:\/\/acecoll.com\/fi\/wp-json\/wp\/v2\/product_brand?post=1456"},{"taxonomy":"product_cat","embeddable":true,"href":"https:\/\/acecoll.com\/fi\/wp-json\/wp\/v2\/product_cat?post=1456"},{"taxonomy":"product_tag","embeddable":true,"href":"https:\/\/acecoll.com\/fi\/wp-json\/wp\/v2\/product_tag?post=1456"}],"curies":[{"name":"wp","href":"https:\/\/api.w.org\/{rel}","templated":true}]}}