{"id":1464,"date":"2025-11-20T13:36:35","date_gmt":"2025-11-20T13:36:35","guid":{"rendered":"https:\/\/acecoll.com\/?post_type=product&#038;p=1464"},"modified":"2026-04-07T07:28:30","modified_gmt":"2026-04-07T07:28:30","slug":"ac033-19-tuuman-mittainen-kiinteaterainen-veitsi","status":"publish","type":"product","link":"https:\/\/acecoll.com\/fi\/product\/ac033-19-tuuman-mittainen-kiinteaterainen-veitsi\/","title":{"rendered":"AC033 19-tuumainen pitk\u00e4 kiinte\u00e4 ter\u00e4 veitsi"},"content":{"rendered":"","protected":false},"excerpt":{"rendered":"<p>Elegantti estetiikka ja muoto: Sirot, virtaavat linjat antavat klassisen, arvokkaan vaikutelman. T\u00e4m\u00e4 veitsi sopii erinomaisesti keskeiseksi n\u00e4ytteeksi takan yl\u00e4puolelle tai veitsikaappiin.<\/p>\n<p>Premium-kahva ja lis\u00e4varusteet: Hieno punainen santelipuinen kahva ja laadukas nahkatuppi parantavat yleist\u00e4 taiteellista arvoa ja pitomukavuutta.<\/p>\n<p>Erinomainen AUS-10 ter\u00e4slaatu: Ter\u00e4 on korkealaatuista AUS-10-ter\u00e4st\u00e4, joka on tunnettu poikkeuksellisesta ter\u00e4vyydest\u00e4\u00e4n ja korroosionkest\u00e4vyydest\u00e4\u00e4n. Asiantuntevasti l\u00e4mp\u00f6k\u00e4sitelty, kovuus vakiintuu 62 HRC:hen, mik\u00e4 tasapainottaa sek\u00e4 ker\u00e4ilyarvon ett\u00e4 toiminnallisen suorituskyvyn.<\/p>","protected":false},"featured_media":1465,"comment_status":"open","ping_status":"closed","template":"","meta":{"_acf_changed":false,"inline_featured_image":false,"slim_seo":{"description":"AC034: Lopullinen ker\u00e4ilykappale Kukri Machete! Siin\u00e4 on Pao Ferro -kahva ja ensiluokkainen nahkatuppi. Ihanteellinen korkealuokkaiseen ker\u00e4ilyyn, raskaaseen pilkkomiseen ja er\u00e4maaretkille. Nyt saatavilla.","title":"AC033 19-Inch Long Fixed Blade Knife - ACECOLL"}},"product_brand":[],"product_cat":[16],"product_tag":[],"class_list":{"0":"post-1464","1":"product","2":"type-product","3":"status-publish","4":"has-post-thumbnail","6":"product_cat-fixed-blade-knife","8":"first","9":"instock","10":"taxable","11":"shipping-taxable","12":"purchasable","13":"product-type-simple"},"acf":[],"_links":{"self":[{"href":"https:\/\/acecoll.com\/fi\/wp-json\/wp\/v2\/product\/1464","targetHints":{"allow":["GET"]}}],"collection":[{"href":"https:\/\/acecoll.com\/fi\/wp-json\/wp\/v2\/product"}],"about":[{"href":"https:\/\/acecoll.com\/fi\/wp-json\/wp\/v2\/types\/product"}],"replies":[{"embeddable":true,"href":"https:\/\/acecoll.com\/fi\/wp-json\/wp\/v2\/comments?post=1464"}],"version-history":[{"count":7,"href":"https:\/\/acecoll.com\/fi\/wp-json\/wp\/v2\/product\/1464\/revisions"}],"predecessor-version":[{"id":2033,"href":"https:\/\/acecoll.com\/fi\/wp-json\/wp\/v2\/product\/1464\/revisions\/2033"}],"wp:featuredmedia":[{"embeddable":true,"href":"https:\/\/acecoll.com\/fi\/wp-json\/wp\/v2\/media\/1465"}],"wp:attachment":[{"href":"https:\/\/acecoll.com\/fi\/wp-json\/wp\/v2\/media?parent=1464"}],"wp:term":[{"taxonomy":"product_brand","embeddable":true,"href":"https:\/\/acecoll.com\/fi\/wp-json\/wp\/v2\/product_brand?post=1464"},{"taxonomy":"product_cat","embeddable":true,"href":"https:\/\/acecoll.com\/fi\/wp-json\/wp\/v2\/product_cat?post=1464"},{"taxonomy":"product_tag","embeddable":true,"href":"https:\/\/acecoll.com\/fi\/wp-json\/wp\/v2\/product_tag?post=1464"}],"curies":[{"name":"wp","href":"https:\/\/api.w.org\/{rel}","templated":true}]}}